{"id":145,"date":"2017-11-01T17:34:04","date_gmt":"2017-11-01T16:34:04","guid":{"rendered":"http:\/\/cotefontaine.be\/cf-de\/?page_id=145"},"modified":"2026-02-10T13:12:25","modified_gmt":"2026-02-10T12:12:25","slug":"preise","status":"publish","type":"page","link":"https:\/\/cotefontaine.be\/cf-de\/preise\/","title":{"rendered":"Preise"},"content":{"rendered":"<p>[et_pb_section fb_built=\u00a0\u00bb1&Prime; _builder_version=\u00a0\u00bb4.20.4&Prime; global_colors_info=\u00a0\u00bb{}\u00a0\u00bb][et_pb_row _builder_version=\u00a0\u00bb4.20.4&Prime; _module_preset=\u00a0\u00bbdefault\u00a0\u00bb global_colors_info=\u00a0\u00bb{}\u00a0\u00bb][et_pb_column type=\u00a0\u00bb4_4&Prime; _builder_version=\u00a0\u00bb4.20.4&Prime; _module_preset=\u00a0\u00bbdefault\u00a0\u00bb global_colors_info=\u00a0\u00bb{}\u00a0\u00bb][et_pb_text _builder_version=\u00a0\u00bb4.27.4&Prime; _module_preset=\u00a0\u00bbdefault\u00a0\u00bb text_font=\u00a0\u00bb|800|||||||\u00a0\u00bb text_font_size=\u00a0\u00bb22px\u00a0\u00bb text_line_height=\u00a0\u00bb1em\u00a0\u00bb custom_margin=\u00a0\u00bb||2px|||\u00a0\u00bb global_colors_info=\u00a0\u00bb{}\u00a0\u00bb]<\/p>\n<h2 style=\"text-align: center;\"><span style=\"font-size: xx-large; color: #0025f9;\"><strong>Preise<\/strong><\/span><\/h2>\n<p>[\/et_pb_text][\/et_pb_column][\/et_pb_row][et_pb_row column_structure=\u00a0\u00bb1_2,1_2&Prime; module_class=\u00a0\u00bb et_pb_row_fullwidth\u00a0\u00bb _builder_version=\u00a0\u00bb4.20.4&Prime; background_color=\u00a0\u00bb#FFFFFF\u00a0\u00bb width=\u00a0\u00bb81%\u00a0\u00bb custom_margin=\u00a0\u00bb||30|\u00a0\u00bb custom_padding=\u00a0\u00bb19px|0px|0|0px\u00a0\u00bb make_fullwidth=\u00a0\u00bbon\u00a0\u00bb global_colors_info=\u00a0\u00bb{}\u00a0\u00bb][et_pb_column type=\u00a0\u00bb1_2&Prime; _builder_version=\u00a0\u00bb4.16&Prime; global_colors_info=\u00a0\u00bb{}\u00a0\u00bb custom_padding__hover=\u00a0\u00bb|||\u00a0\u00bb][et_pb_text admin_label=\u00a0\u00bbTexte\u00a0\u00bb _builder_version=\u00a0\u00bb4.27.4&Prime; text_font=\u00a0\u00bb||||||||\u00a0\u00bb text_text_color=\u00a0\u00bbRGBA(28,28,28,0.99)\u00a0\u00bb background_color=\u00a0\u00bb#FFFFFF\u00a0\u00bb custom_padding=\u00a0\u00bb|0px||||\u00a0\u00bb border_radii=\u00a0\u00bbon|11px|11px|11px|11px\u00a0\u00bb border_width_all=\u00a0\u00bb3px\u00a0\u00bb border_color_all=\u00a0\u00bb#BCBCBC\u00a0\u00bb box_shadow_style=\u00a0\u00bbpreset1&Prime; box_shadow_color=\u00a0\u00bb#FFFFFF\u00a0\u00bb inline_fonts=\u00a0\u00bbGruppo,Poppins\u00a0\u00bb global_colors_info=\u00a0\u00bb{}\u00a0\u00bb]<\/p>\n<h3 style=\"text-align: center;\"><span style=\"color: #0000ff;\"><strong><\/strong><\/span><\/h3>\n<h3 style=\"text-align: center;\"><span style=\"color: #0000ff;\"><strong>1 Person <\/strong><\/span><strong><span style=\"color: #0000ff;\">79 \u20ac<\/span><\/strong><\/h3>\n<h3 style=\"text-align: center;\"><span style=\"color: #0000ff;\">pro Nacht, inkl. MwSt. und Steuern<\/span><\/h3>\n<h1 style=\"text-align: center;\"><\/h1>\n<p>[\/et_pb_text][\/et_pb_column][et_pb_column type=\u00a0\u00bb1_2&Prime; _builder_version=\u00a0\u00bb4.16&Prime; global_colors_info=\u00a0\u00bb{}\u00a0\u00bb custom_padding__hover=\u00a0\u00bb|||\u00a0\u00bb][et_pb_text _builder_version=\u00a0\u00bb4.27.4&Prime; text_font=\u00a0\u00bb|700|||||||\u00a0\u00bb text_text_color=\u00a0\u00bb#0C71C3&Prime; background_color=\u00a0\u00bb#FFFFFF\u00a0\u00bb border_radii=\u00a0\u00bbon|11px|11px|11px|11px\u00a0\u00bb border_width_all=\u00a0\u00bb3px\u00a0\u00bb border_color_all=\u00a0\u00bb#BCBCBC\u00a0\u00bb box_shadow_style=\u00a0\u00bbpreset1&Prime; box_shadow_color=\u00a0\u00bb#FFFFFF\u00a0\u00bb inline_fonts=\u00a0\u00bbPoppins\u00a0\u00bb global_colors_info=\u00a0\u00bb{}\u00a0\u00bb]<\/p>\n<h3 style=\"text-align: center;\"><strong style=\"font-size: 20px;\"><span style=\"color: #0000ff;\"><\/span><\/strong><\/h3>\n<h3 style=\"text-align: center;\"><strong style=\"font-size: 20px;\"><span style=\"color: #0000ff;\">2 Personen <\/span><\/strong><strong style=\"font-size: 20px;\"><span style=\"color: #0000ff;\">\u00a09<\/span><\/strong><strong style=\"font-size: 20px;\"><span style=\"color: #0000ff;\">5 \u20ac<\/span><\/strong><\/h3>\n<h3 style=\"text-align: center;\"><span style=\"color: #0000ff;\">pro Nacht, inkl. MwSt. und Steuern<\/span><\/h3>\n<p><span style=\"font-size: x-large; color: #840b00;\"><strong><span style=\"vertical-align: inherit;\"><span style=\"vertical-align: inherit;\"><span style=\"vertical-align: inherit;\"><span style=\"vertical-align: inherit;\"><span style=\"vertical-align: inherit;\"><span style=\"vertical-align: inherit;\"><span style=\"vertical-align: inherit;\"><span style=\"vertical-align: inherit;\"><span style=\"vertical-align: inherit;\"><span style=\"vertical-align: inherit;\"><span style=\"color: #000000;\"><\/span><\/span><\/span><\/span><\/span><\/span><\/span><\/span><\/span><\/span><\/span><\/strong><\/span><\/p>\n<p>[\/et_pb_text][\/et_pb_column][\/et_pb_row][et_pb_row column_structure=\u00a0\u00bb1_3,1_3,1_3&Prime; module_class=\u00a0\u00bb et_pb_row_fullwidth\u00a0\u00bb _builder_version=\u00a0\u00bb4.20.4&Prime; background_color=\u00a0\u00bb#FFFFFF\u00a0\u00bb width=\u00a0\u00bb81%\u00a0\u00bb custom_margin=\u00a0\u00bb||30|\u00a0\u00bb custom_padding=\u00a0\u00bb19px|0px|0|0px\u00a0\u00bb make_fullwidth=\u00a0\u00bbon\u00a0\u00bb global_colors_info=\u00a0\u00bb{}\u00a0\u00bb][et_pb_column type=\u00a0\u00bb1_3&Prime; _builder_version=\u00a0\u00bb4.16&Prime; global_colors_info=\u00a0\u00bb{}\u00a0\u00bb custom_padding__hover=\u00a0\u00bb|||\u00a0\u00bb][\/et_pb_column][et_pb_column type=\u00a0\u00bb1_3&Prime; _builder_version=\u00a0\u00bb4.16&Prime; global_colors_info=\u00a0\u00bb{}\u00a0\u00bb custom_padding__hover=\u00a0\u00bb|||\u00a0\u00bb][et_pb_button button_url=\u00a0\u00bbhttps:\/\/cotefontaine.be\/cf-de\/kontakt\/\u00a0\u00bb button_text=\u00a0\u00bbKontaktieren Sie uns\u00a0\u00bb button_alignment=\u00a0\u00bbcenter\u00a0\u00bb _builder_version=\u00a0\u00bb4.27.4&Prime; custom_button=\u00a0\u00bbon\u00a0\u00bb button_text_color=\u00a0\u00bb#ffffff\u00a0\u00bb button_bg_color=\u00a0\u00bb#028404&Prime; button_border_color=\u00a0\u00bb#ffffff\u00a0\u00bb button_border_radius=\u00a0\u00bb18px\u00a0\u00bb button_font=\u00a0\u00bb|700|||||||\u00a0\u00bb background_layout=\u00a0\u00bbdark\u00a0\u00bb custom_margin=\u00a0\u00bb0px||||false|false\u00a0\u00bb custom_padding=\u00a0\u00bb10px|||||\u00a0\u00bb button_bg_color_hover=\u00a0\u00bb#40b21e\u00a0\u00bb global_colors_info=\u00a0\u00bb{}\u00a0\u00bb button_text_size__hover_enabled=\u00a0\u00bboff\u00a0\u00bb button_one_text_size__hover_enabled=\u00a0\u00bboff\u00a0\u00bb button_two_text_size__hover_enabled=\u00a0\u00bboff\u00a0\u00bb button_text_color__hover_enabled=\u00a0\u00bboff\u00a0\u00bb button_one_text_color__hover_enabled=\u00a0\u00bboff\u00a0\u00bb button_two_text_color__hover_enabled=\u00a0\u00bboff\u00a0\u00bb button_border_width__hover_enabled=\u00a0\u00bboff\u00a0\u00bb button_one_border_width__hover_enabled=\u00a0\u00bboff\u00a0\u00bb button_two_border_width__hover_enabled=\u00a0\u00bboff\u00a0\u00bb button_border_color__hover_enabled=\u00a0\u00bboff\u00a0\u00bb button_one_border_color__hover_enabled=\u00a0\u00bboff\u00a0\u00bb button_two_border_color__hover_enabled=\u00a0\u00bboff\u00a0\u00bb button_border_radius__hover_enabled=\u00a0\u00bboff\u00a0\u00bb button_one_border_radius__hover_enabled=\u00a0\u00bboff\u00a0\u00bb button_two_border_radius__hover_enabled=\u00a0\u00bboff\u00a0\u00bb button_letter_spacing__hover_enabled=\u00a0\u00bboff\u00a0\u00bb button_one_letter_spacing__hover_enabled=\u00a0\u00bboff\u00a0\u00bb button_two_letter_spacing__hover_enabled=\u00a0\u00bboff\u00a0\u00bb button_bg_color__hover_enabled=\u00a0\u00bbon\u00a0\u00bb button_bg_color__hover=\u00a0\u00bb#40b21e\u00a0\u00bb button_one_bg_color__hover_enabled=\u00a0\u00bboff\u00a0\u00bb button_two_bg_color__hover_enabled=\u00a0\u00bboff\u00a0\u00bb][\/et_pb_button][\/et_pb_column][et_pb_column type=\u00a0\u00bb1_3&Prime; _builder_version=\u00a0\u00bb4.16&Prime; global_colors_info=\u00a0\u00bb{}\u00a0\u00bb custom_padding__hover=\u00a0\u00bb|||\u00a0\u00bb][\/et_pb_column][\/et_pb_row][et_pb_row _builder_version=\u00a0\u00bb4.27.4&Prime; background_color=\u00a0\u00bbrgba(255,255,255,0.98)\u00a0\u00bb width=\u00a0\u00bb81%\u00a0\u00bb custom_margin=\u00a0\u00bb0px|auto|0px|auto|false|false\u00a0\u00bb custom_padding=\u00a0\u00bb34px|0px|17px|0px|false|false\u00a0\u00bb global_colors_info=\u00a0\u00bb{}\u00a0\u00bb][et_pb_column type=\u00a0\u00bb4_4&Prime; _builder_version=\u00a0\u00bb4.16&Prime; global_colors_info=\u00a0\u00bb{}\u00a0\u00bb custom_padding__hover=\u00a0\u00bb|||\u00a0\u00bb][et_pb_text _builder_version=\u00a0\u00bb4.27.4&Prime; text_font=\u00a0\u00bb||||||||\u00a0\u00bb text_font_size=\u00a0\u00bb35px\u00a0\u00bb text_line_height=\u00a0\u00bb1.2em\u00a0\u00bb header_2_text_color=\u00a0\u00bb#0025F9&Prime; header_4_text_color=\u00a0\u00bb#0025F9&Prime; background_color=\u00a0\u00bbrgba(255,255,255,0.98)\u00a0\u00bb custom_margin=\u00a0\u00bb-50px||||false|false\u00a0\u00bb inline_fonts=\u00a0\u00bbGruppo\u00a0\u00bb global_colors_info=\u00a0\u00bb{}\u00a0\u00bb]<\/p>\n<h4 style=\"text-align: center;\"><span style=\"font-size: xx-large; font-family: Gruppo; font-weight: normal; color: #0000ff;\"><strong><span style=\"vertical-align: inherit;\"><span style=\"vertical-align: inherit;\"><span style=\"vertical-align: inherit;\"><span style=\"vertical-align: inherit;\"><span style=\"vertical-align: inherit;\"><span style=\"vertical-align: inherit;\"><span style=\"vertical-align: inherit;\"><span style=\"vertical-align: inherit;\">Netto-Zimmerpreis pro Nacht.<br \/><\/span><\/span><\/span><\/span><\/span><\/span><\/span><\/span><\/strong><\/span><span style=\"font-size: xx-large; color: rgba(28, 28, 28, 0.99); font-family: Gruppo; font-weight: normal;\"><strong><span style=\"vertical-align: inherit;\"><span style=\"vertical-align: inherit;\"><span style=\"vertical-align: inherit;\"><span style=\"vertical-align: inherit;\"><span style=\"vertical-align: inherit;\"><span style=\"vertical-align: inherit;\"><span style=\"vertical-align: inherit;\"><span style=\"vertical-align: inherit;\"><br \/><\/span><\/span><\/span><\/span><\/span><\/span><\/span><\/span><\/strong><\/span><span style=\"color: #0000ff;\">Damit Sie gut in den Tag starten, bieten wir Ihnen ein kostenloses, reichhaltiges und abwechslungsreiches Fr\u00fchst\u00fcck mit s\u00fc\u00dfen und herzhaften Speisen an.<\/span><\/h4>\n<h1 style=\"text-align: center;\"><span style=\"color: #0025f9;\"><strong><span style=\"vertical-align: inherit;\"><span style=\"vertical-align: inherit;\"><span style=\"vertical-align: inherit;\"><span style=\"vertical-align: inherit;\"><span style=\"vertical-align: inherit;\"><span style=\"vertical-align: inherit;\"><span style=\"vertical-align: inherit;\"><span style=\"vertical-align: inherit;\"><span style=\"vertical-align: inherit;\"><span style=\"vertical-align: inherit;\"><span style=\"vertical-align: inherit;\"><span style=\"vertical-align: inherit;\"><span style=\"vertical-align: inherit;\"><span style=\"vertical-align: inherit;\"><span style=\"vertical-align: inherit;\"><span style=\"vertical-align: inherit;\"><span style=\"vertical-align: inherit;\"><span style=\"vertical-align: inherit;\"><span style=\"color: #028404;\">Barzahlung<br \/>oder nur mit der Payconiq-App.<br \/><\/span><br \/><\/span><\/span><\/span><\/span><\/span><\/span><\/span><\/span><\/span><\/span><\/span><\/span><\/span><\/span><\/span><\/span><\/span><\/span><\/strong><span style=\"vertical-align: inherit;\"><span style=\"vertical-align: inherit;\"><span style=\"vertical-align: inherit;\"><span style=\"vertical-align: inherit;\"><span style=\"vertical-align: inherit;\"><span style=\"vertical-align: inherit;\"><span style=\"vertical-align: inherit;\"><span style=\"vertical-align: inherit;\"><span style=\"vertical-align: inherit;\"><span style=\"vertical-align: inherit;\"><span style=\"vertical-align: inherit;\"><span style=\"vertical-align: inherit;\"><span style=\"vertical-align: inherit;\"><span style=\"vertical-align: inherit;\"><span style=\"vertical-align: inherit;\"><span style=\"vertical-align: inherit;\"><span style=\"vertical-align: inherit;\"><span style=\"vertical-align: inherit;\"><span style=\"font-size: x-large; color: #0025f9;\">Offizielle Einrichtung, klassifiziert mit 3 Sternen ***<br \/><\/span><\/span><\/span><\/span><\/span><\/span><\/span><\/span><\/span><\/span><\/span><\/span><\/span><\/span><\/span><\/span><\/span><\/span><\/span><br \/><\/span><\/h1>\n<h4 style=\"text-align: center;\"><span style=\"color: #0025f9;\"><strong><span style=\"vertical-align: inherit;\"><span style=\"vertical-align: inherit;\"><span style=\"vertical-align: inherit;\"><span style=\"vertical-align: inherit;\"><span style=\"vertical-align: inherit;\"><span style=\"vertical-align: inherit;\"><span style=\"vertical-align: inherit;\"><span style=\"vertical-align: inherit;\"><span style=\"vertical-align: inherit;\"><span style=\"vertical-align: inherit;\"><span style=\"vertical-align: inherit;\"><span style=\"vertical-align: inherit;\"><span style=\"vertical-align: inherit;\"><span style=\"vertical-align: inherit;\"><span style=\"vertical-align: inherit;\"><span style=\"vertical-align: inherit;\"><span style=\"vertical-align: inherit;\"><span style=\"vertical-align: inherit;\"><span style=\"font-size: x-large;\"><span style=\"font-size: 28px;\">Unabh\u00e4ngiger Eingang, Sie behalten Ihre Freiheit.<\/span><\/span><\/span><\/span><\/span><\/span><\/span><\/span><\/span><\/span><\/span><\/span><\/span><\/span><\/span><\/span><\/span><\/span><\/span><\/span><\/strong><\/span><\/h4>\n<h4 style=\"text-align: center;\"><strong><\/strong><span style=\"color: #0000ff;\">Wir bitten Sie, im Geb\u00e4ude nicht z<\/span><span style=\"color: #0000ff;\">u rauchen.<\/span><br \/><span style=\"color: #0000ff;\"> Haustiere sind leider nicht erlaubt.<\/span><br \/><span style=\"color: #0000ff;\"> Kostenlose Privatparkpl\u00e4tze<\/span><br \/><span style=\"color: #0000ff;\"> 100 % KOSTENLOSE Registrierung<\/span><\/h4>\n<h4 style=\"text-align: center;\"><span style=\"color: #339966;\"><strong>Direkt buchen = weniger bezahlen.<\/strong><\/span><\/h4>\n<h3 style=\"text-align: center;\"><span style=\"color: rgba(2, 132, 4, 0.99);\"><strong>Der Eigent\u00fcmer m\u00f6chte direkt kontaktiert werden, um die Verf\u00fcgbarkeit zu kl\u00e4ren.<\/strong><\/span><\/h3>\n<p>[\/et_pb_text][et_pb_image src=\u00a0\u00bbhttps:\/\/cotefontaine.be\/cf-de\/wp-content\/uploads\/2023\/05\/INFO-mail-jpg.webp\u00a0\u00bb alt=\u00a0\u00bbInfo de contact\u00a0\u00bb title_text=\u00a0\u00bbINFO-mail\u00a0\u00bb align=\u00a0\u00bbcenter\u00a0\u00bb _builder_version=\u00a0\u00bb4.21.0&Prime; _module_preset=\u00a0\u00bbdefault\u00a0\u00bb global_colors_info=\u00a0\u00bb{}\u00a0\u00bb][\/et_pb_image][et_pb_text _builder_version=\u00a0\u00bb4.27.4&Prime; text_font=\u00a0\u00bb||||||||\u00a0\u00bb text_font_size=\u00a0\u00bb35px\u00a0\u00bb text_line_height=\u00a0\u00bb1em\u00a0\u00bb background_color=\u00a0\u00bbrgba(255,255,255,0.98)\u00a0\u00bb custom_padding=\u00a0\u00bb5px|||||\u00a0\u00bb inline_fonts=\u00a0\u00bbGruppo\u00a0\u00bb global_colors_info=\u00a0\u00bb{}\u00a0\u00bb]<\/p>\n<h4 style=\"text-align: center;\"><span style=\"color: #0000ff;\">Die Zimmer sind sorgf\u00e4ltig f\u00fcr Ihren Komfort gestaltet und verf\u00fcgen jeweils \u00fcber :<br \/><\/span><br \/><span style=\"color: #0000ff;\">Badezimmer mit Dusche, WC, Waschbecken, Seife, Haartrockner, Kosmetikspiegel, Seife usw.<br \/><\/span><br \/><span style=\"color: #0000ff;\">Flachbildfernseher, Deckenventilator, ADSL-Anschluss, kostenloses WLAN, Zentralheizung usw.<br \/><\/span><br \/><span style=\"color: #0000ff;\">Bettw\u00e4sche, Badet\u00fccher, Waschlappen, Seife usw.<br \/><\/span><br \/><span style=\"color: #0000ff;\">Zur Ausstattung geh\u00f6ren: K\u00fchlschrank, Erfrischungsgetr\u00e4nke, belgische Schokolade, Willkommenstablett mit Tee und Kaffee, Mikrowelle usw. <\/span><\/h4>\n<p>[\/et_pb_text][et_pb_button button_url=\u00a0\u00bbhttps:\/\/cotefontaine.be\/cf-de\/kontakt\/\u00a0\u00bb button_text=\u00a0\u00bbKontaktieren Sie uns\u00a0\u00bb button_alignment=\u00a0\u00bbcenter\u00a0\u00bb _builder_version=\u00a0\u00bb4.27.4&Prime; custom_button=\u00a0\u00bbon\u00a0\u00bb button_text_color=\u00a0\u00bb#FFFFFF\u00a0\u00bb button_bg_color=\u00a0\u00bb#028404&Prime; button_border_width=\u00a0\u00bb4px\u00a0\u00bb button_border_color=\u00a0\u00bb#ffffff\u00a0\u00bb button_border_radius=\u00a0\u00bb18px\u00a0\u00bb button_font=\u00a0\u00bb|700|||||||\u00a0\u00bb background_layout=\u00a0\u00bbdark\u00a0\u00bb custom_margin=\u00a0\u00bb|||\u00a0\u00bb button_bg_color_hover=\u00a0\u00bb#40b21e\u00a0\u00bb global_colors_info=\u00a0\u00bb{}\u00a0\u00bb button_text_size__hover_enabled=\u00a0\u00bboff\u00a0\u00bb button_one_text_size__hover_enabled=\u00a0\u00bboff\u00a0\u00bb button_two_text_size__hover_enabled=\u00a0\u00bboff\u00a0\u00bb button_text_color__hover_enabled=\u00a0\u00bboff\u00a0\u00bb button_one_text_color__hover_enabled=\u00a0\u00bboff\u00a0\u00bb button_two_text_color__hover_enabled=\u00a0\u00bboff\u00a0\u00bb button_border_width__hover_enabled=\u00a0\u00bboff\u00a0\u00bb button_one_border_width__hover_enabled=\u00a0\u00bboff\u00a0\u00bb button_two_border_width__hover_enabled=\u00a0\u00bboff\u00a0\u00bb button_border_color__hover_enabled=\u00a0\u00bboff\u00a0\u00bb button_one_border_color__hover_enabled=\u00a0\u00bboff\u00a0\u00bb button_two_border_color__hover_enabled=\u00a0\u00bboff\u00a0\u00bb button_border_radius__hover_enabled=\u00a0\u00bboff\u00a0\u00bb button_one_border_radius__hover_enabled=\u00a0\u00bboff\u00a0\u00bb button_two_border_radius__hover_enabled=\u00a0\u00bboff\u00a0\u00bb button_letter_spacing__hover_enabled=\u00a0\u00bboff\u00a0\u00bb button_one_letter_spacing__hover_enabled=\u00a0\u00bboff\u00a0\u00bb button_two_letter_spacing__hover_enabled=\u00a0\u00bboff\u00a0\u00bb button_bg_color__hover_enabled=\u00a0\u00bbon\u00a0\u00bb button_bg_color__hover=\u00a0\u00bb#40b21e\u00a0\u00bb button_one_bg_color__hover_enabled=\u00a0\u00bboff\u00a0\u00bb button_two_bg_color__hover_enabled=\u00a0\u00bboff\u00a0\u00bb][\/et_pb_button][\/et_pb_column][\/et_pb_row][\/et_pb_section]<\/p>\n","protected":false},"excerpt":{"rendered":"<p>Preise 1 Person 79 \u20ac pro Nacht, inkl. MwSt. und Steuern 2 Personen \u00a095 \u20ac pro Nacht, inkl. MwSt. und Steuern Netto-Zimmerpreis pro Nacht.Damit Sie gut in den Tag starten, bieten wir Ihnen ein kostenloses, reichhaltiges und abwechslungsreiches Fr\u00fchst\u00fcck mit s\u00fc\u00dfen und herzhaften Speisen an. Barzahlungoder nur mit der Payconiq-App.Offizielle Einrichtung, klassifiziert mit 3 Sternen [&hellip;]<\/p>\n","protected":false},"author":1,"featured_media":0,"parent":0,"menu_order":0,"comment_status":"closed","ping_status":"closed","template":"","meta":{"_et_pb_use_builder":"on","_et_pb_old_content":"","_et_gb_content_width":"","footnotes":""},"class_list":["post-145","page","type-page","status-publish","hentry"],"yoast_head":"<!-- This site is optimized with the Yoast SEO plugin v25.8 - https:\/\/yoast.com\/wordpress\/plugins\/seo\/ -->\n<title>Preise - NAMUR Zimmer frei mit Fr\u00fchst\u00fcck *** B AND B - C\u00f4t\u00e9 Fontaine class\u00e9 3 \u00e9pis ***<\/title>\n<meta name=\"robots\" content=\"index, follow, max-snippet:-1, max-image-preview:large, max-video-preview:-1\" \/>\n<link rel=\"canonical\" href=\"https:\/\/cotefontaine.be\/cf-de\/preise\/\" \/>\n<meta name=\"twitter:card\" content=\"summary_large_image\" \/>\n<meta name=\"twitter:title\" content=\"Preise - NAMUR Zimmer frei mit Fr\u00fchst\u00fcck *** B AND B - C\u00f4t\u00e9 Fontaine class\u00e9 3 \u00e9pis ***\" \/>\n<meta name=\"twitter:description\" content=\"Preise 1 Person 79 \u20ac pro Nacht, inkl. MwSt. und Steuern 2 Personen \u00a095 \u20ac pro Nacht, inkl. MwSt. und Steuern Netto-Zimmerpreis pro Nacht.Damit Sie gut in den Tag starten, bieten wir Ihnen ein kostenloses, reichhaltiges und abwechslungsreiches Fr\u00fchst\u00fcck mit s\u00fc\u00dfen und herzhaften Speisen an. Barzahlungoder nur mit der Payconiq-App.Offizielle Einrichtung, klassifiziert mit 3 Sternen [&hellip;]\" \/>\n<meta name=\"twitter:label1\" content=\"Dur\u00e9e de lecture est.\" \/>\n\t<meta name=\"twitter:data1\" content=\"5 minutes\" \/>\n<script type=\"application\/ld+json\" class=\"yoast-schema-graph\">{\"@context\":\"https:\/\/schema.org\",\"@graph\":[{\"@type\":\"WebPage\",\"@id\":\"https:\/\/cotefontaine.be\/cf-de\/preise\/\",\"url\":\"https:\/\/cotefontaine.be\/cf-de\/preise\/\",\"name\":\"Preise - NAMUR Zimmer frei mit Fr\u00fchst\u00fcck *** B AND B - C\u00f4t\u00e9 Fontaine class\u00e9 3 \u00e9pis ***\",\"isPartOf\":{\"@id\":\"https:\/\/cotefontaine.be\/cf-de\/#website\"},\"datePublished\":\"2017-11-01T16:34:04+00:00\",\"dateModified\":\"2026-02-10T12:12:25+00:00\",\"breadcrumb\":{\"@id\":\"https:\/\/cotefontaine.be\/cf-de\/preise\/#breadcrumb\"},\"inLanguage\":\"fr-BE\",\"potentialAction\":[{\"@type\":\"ReadAction\",\"target\":[\"https:\/\/cotefontaine.be\/cf-de\/preise\/\"]}]},{\"@type\":\"BreadcrumbList\",\"@id\":\"https:\/\/cotefontaine.be\/cf-de\/preise\/#breadcrumb\",\"itemListElement\":[{\"@type\":\"ListItem\",\"position\":1,\"name\":\"Accueil\",\"item\":\"https:\/\/cotefontaine.be\/cf-de\/\"},{\"@type\":\"ListItem\",\"position\":2,\"name\":\"Preise\"}]},{\"@type\":\"WebSite\",\"@id\":\"https:\/\/cotefontaine.be\/cf-de\/#website\",\"url\":\"https:\/\/cotefontaine.be\/cf-de\/\",\"name\":\"NAMUR CHAMBRES D&#039;HOTES *** B AND B - C\u00f4t\u00e9 Fontaine class\u00e9 3 \u00e9pis ***\",\"description\":\"Qualit\u00e4t, ruhig, komfortabel, privater Parkplatz, WLAN und kostenloses Fr\u00fchst\u00fcck\",\"potentialAction\":[{\"@type\":\"SearchAction\",\"target\":{\"@type\":\"EntryPoint\",\"urlTemplate\":\"https:\/\/cotefontaine.be\/cf-de\/?s={search_term_string}\"},\"query-input\":{\"@type\":\"PropertyValueSpecification\",\"valueRequired\":true,\"valueName\":\"search_term_string\"}}],\"inLanguage\":\"fr-BE\"}]}<\/script>\n<!-- \/ Yoast SEO plugin. -->","yoast_head_json":{"title":"Preise - NAMUR Zimmer frei mit Fr\u00fchst\u00fcck *** B AND B - C\u00f4t\u00e9 Fontaine class\u00e9 3 \u00e9pis ***","robots":{"index":"index","follow":"follow","max-snippet":"max-snippet:-1","max-image-preview":"max-image-preview:large","max-video-preview":"max-video-preview:-1"},"canonical":"https:\/\/cotefontaine.be\/cf-de\/preise\/","twitter_card":"summary_large_image","twitter_title":"Preise - NAMUR Zimmer frei mit Fr\u00fchst\u00fcck *** B AND B - C\u00f4t\u00e9 Fontaine class\u00e9 3 \u00e9pis ***","twitter_description":"Preise 1 Person 79 \u20ac pro Nacht, inkl. MwSt. und Steuern 2 Personen \u00a095 \u20ac pro Nacht, inkl. MwSt. und Steuern Netto-Zimmerpreis pro Nacht.Damit Sie gut in den Tag starten, bieten wir Ihnen ein kostenloses, reichhaltiges und abwechslungsreiches Fr\u00fchst\u00fcck mit s\u00fc\u00dfen und herzhaften Speisen an. Barzahlungoder nur mit der Payconiq-App.Offizielle Einrichtung, klassifiziert mit 3 Sternen [&hellip;]","twitter_misc":{"Dur\u00e9e de lecture est.":"5 minutes"},"schema":{"@context":"https:\/\/schema.org","@graph":[{"@type":"WebPage","@id":"https:\/\/cotefontaine.be\/cf-de\/preise\/","url":"https:\/\/cotefontaine.be\/cf-de\/preise\/","name":"Preise - NAMUR Zimmer frei mit Fr\u00fchst\u00fcck *** B AND B - C\u00f4t\u00e9 Fontaine class\u00e9 3 \u00e9pis ***","isPartOf":{"@id":"https:\/\/cotefontaine.be\/cf-de\/#website"},"datePublished":"2017-11-01T16:34:04+00:00","dateModified":"2026-02-10T12:12:25+00:00","breadcrumb":{"@id":"https:\/\/cotefontaine.be\/cf-de\/preise\/#breadcrumb"},"inLanguage":"fr-BE","potentialAction":[{"@type":"ReadAction","target":["https:\/\/cotefontaine.be\/cf-de\/preise\/"]}]},{"@type":"BreadcrumbList","@id":"https:\/\/cotefontaine.be\/cf-de\/preise\/#breadcrumb","itemListElement":[{"@type":"ListItem","position":1,"name":"Accueil","item":"https:\/\/cotefontaine.be\/cf-de\/"},{"@type":"ListItem","position":2,"name":"Preise"}]},{"@type":"WebSite","@id":"https:\/\/cotefontaine.be\/cf-de\/#website","url":"https:\/\/cotefontaine.be\/cf-de\/","name":"NAMUR CHAMBRES D&#039;HOTES *** B AND B - C\u00f4t\u00e9 Fontaine class\u00e9 3 \u00e9pis ***","description":"Qualit\u00e4t, ruhig, komfortabel, privater Parkplatz, WLAN und kostenloses Fr\u00fchst\u00fcck","potentialAction":[{"@type":"SearchAction","target":{"@type":"EntryPoint","urlTemplate":"https:\/\/cotefontaine.be\/cf-de\/?s={search_term_string}"},"query-input":{"@type":"PropertyValueSpecification","valueRequired":true,"valueName":"search_term_string"}}],"inLanguage":"fr-BE"}]}},"_links":{"self":[{"href":"https:\/\/cotefontaine.be\/cf-de\/wp-json\/wp\/v2\/pages\/145","targetHints":{"allow":["GET"]}}],"collection":[{"href":"https:\/\/cotefontaine.be\/cf-de\/wp-json\/wp\/v2\/pages"}],"about":[{"href":"https:\/\/cotefontaine.be\/cf-de\/wp-json\/wp\/v2\/types\/page"}],"author":[{"embeddable":true,"href":"https:\/\/cotefontaine.be\/cf-de\/wp-json\/wp\/v2\/users\/1"}],"replies":[{"embeddable":true,"href":"https:\/\/cotefontaine.be\/cf-de\/wp-json\/wp\/v2\/comments?post=145"}],"version-history":[{"count":10,"href":"https:\/\/cotefontaine.be\/cf-de\/wp-json\/wp\/v2\/pages\/145\/revisions"}],"predecessor-version":[{"id":5369,"href":"https:\/\/cotefontaine.be\/cf-de\/wp-json\/wp\/v2\/pages\/145\/revisions\/5369"}],"wp:attachment":[{"href":"https:\/\/cotefontaine.be\/cf-de\/wp-json\/wp\/v2\/media?parent=145"}],"curies":[{"name":"wp","href":"https:\/\/api.w.org\/{rel}","templated":true}]}}