{"id":278,"date":"2017-11-11T21:50:12","date_gmt":"2017-11-11T20:50:12","guid":{"rendered":"https:\/\/cotefontaine.be\/cf-de\/?page_id=278"},"modified":"2025-08-30T11:44:58","modified_gmt":"2025-08-30T09:44:58","slug":"zugangsplan","status":"publish","type":"page","link":"https:\/\/cotefontaine.be\/cf-de\/zugangsplan\/","title":{"rendered":"Zugangsplan"},"content":{"rendered":"<p>[et_pb_section fb_built=\u00a0\u00bb1&Prime; _builder_version=\u00a0\u00bb4.20.4&Prime; background_color=\u00a0\u00bb#FFFFFF\u00a0\u00bb global_colors_info=\u00a0\u00bb{}\u00a0\u00bb][et_pb_row _builder_version=\u00a0\u00bb4.16&Prime; global_colors_info=\u00a0\u00bb{}\u00a0\u00bb][et_pb_column type=\u00a0\u00bb4_4&Prime; _builder_version=\u00a0\u00bb4.16&Prime; global_colors_info=\u00a0\u00bb{}\u00a0\u00bb custom_padding__hover=\u00a0\u00bb|||\u00a0\u00bb][et_pb_map address=\u00a0\u00bbRue de la Fontaine 43, 5022 Namur, Belgique\u00a0\u00bb zoom_level=\u00a0\u00bb9&Prime; address_lat=\u00a0\u00bb50.5154751&Prime; address_lng=\u00a0\u00bb4.9026744&Prime; _builder_version=\u00a0\u00bb4.27.4&Prime; child_mix_blend_mode=\u00a0\u00bbcolor-burn\u00a0\u00bb link_option_url=\u00a0\u00bbhttps:\/\/cotefontaine.be\/cf-de\/plan-acces\/\u00a0\u00bb global_colors_info=\u00a0\u00bb{}\u00a0\u00bb][et_pb_map_pin title=\u00a0\u00bbC\u00f4t\u00e9 Fontaine chambres d&rsquo;h\u00f4tes, class\u00e9es 3 \u00e9pis. Label %22Wallonie Destination Qualit\u00e9%22&Prime; pin_address=\u00a0\u00bbRue de la Fontaine 43, 5022 Namur, Belgique\u00a0\u00bb pin_address_lat=\u00a0\u00bb50.5154751&Prime; pin_address_lng=\u00a0\u00bb4.9026744&Prime; _builder_version=\u00a0\u00bb3.0.92&Prime; global_colors_info=\u00a0\u00bb{}\u00a0\u00bb] Rue de la Fontaine 43<br \/>\n5022 Namur &#8211; Cognel\u00e9e<br \/>\nT. fixe : +32 (0)81 200 475<br \/>\nPortable : +32 478 63 93 88[\/et_pb_map_pin][\/et_pb_map][et_pb_image src=\u00a0\u00bbhttps:\/\/cotefontaine.be\/cf-de\/wp-content\/uploads\/2019\/01\/Acces_CF2019_3.png\u00a0\u00bb align=\u00a0\u00bbcenter\u00a0\u00bb _builder_version=\u00a0\u00bb4.16&Prime; global_colors_info=\u00a0\u00bb{}\u00a0\u00bb][\/et_pb_image][\/et_pb_column][\/et_pb_row][\/et_pb_section][et_pb_section fb_built=\u00a0\u00bb1&Prime; theme_builder_area=\u00a0\u00bbpost_content\u00a0\u00bb _builder_version=\u00a0\u00bb4.27.4&Prime; _module_preset=\u00a0\u00bbdefault\u00a0\u00bb][et_pb_row _builder_version=\u00a0\u00bb4.27.4&Prime; _module_preset=\u00a0\u00bbdefault\u00a0\u00bb theme_builder_area=\u00a0\u00bbpost_content\u00a0\u00bb][et_pb_column _builder_version=\u00a0\u00bb4.27.4&Prime; _module_preset=\u00a0\u00bbdefault\u00a0\u00bb type=\u00a0\u00bb4_4&Prime; theme_builder_area=\u00a0\u00bbpost_content\u00a0\u00bb][et_pb_image src=\u00a0\u00bbhttps:\/\/cotefontaine.be\/cf-de\/wp-content\/uploads\/2025\/08\/Plan-CF2025.jpg\u00a0\u00bb _builder_version=\u00a0\u00bb4.27.4&Prime; _module_preset=\u00a0\u00bbdefault\u00a0\u00bb theme_builder_area=\u00a0\u00bbpost_content\u00a0\u00bb title_text=\u00a0\u00bbPlan CF2025&Prime; hover_enabled=\u00a0\u00bb0&Prime; sticky_enabled=\u00a0\u00bb0&Prime; align=\u00a0\u00bbcenter\u00a0\u00bb][\/et_pb_image][\/et_pb_column][\/et_pb_row][\/et_pb_section]<\/p>\n","protected":false},"excerpt":{"rendered":"<p>Rue de la Fontaine 43 5022 Namur &#8211; Cognel\u00e9e T. fixe : +32 (0)81 200 475 Portable : +32 478 63 93 88<\/p>\n","protected":false},"author":1,"featured_media":0,"parent":0,"menu_order":0,"comment_status":"closed","ping_status":"closed","template":"","meta":{"_et_pb_use_builder":"on","_et_pb_old_content":"","_et_gb_content_width":"","footnotes":""},"class_list":["post-278","page","type-page","status-publish","hentry"],"yoast_head":"<!-- This site is optimized with the Yoast SEO plugin v25.8 - https:\/\/yoast.com\/wordpress\/plugins\/seo\/ -->\n<title>Zugangsplan - NAMUR Zimmer frei mit Fr\u00fchst\u00fcck *** B AND B - C\u00f4t\u00e9 Fontaine class\u00e9 3 \u00e9pis ***<\/title>\n<meta name=\"robots\" content=\"index, follow, max-snippet:-1, max-image-preview:large, max-video-preview:-1\" \/>\n<link rel=\"canonical\" href=\"https:\/\/cotefontaine.be\/cf-de\/zugangsplan\/\" \/>\n<meta name=\"twitter:card\" content=\"summary_large_image\" \/>\n<meta name=\"twitter:title\" content=\"Zugangsplan - NAMUR Zimmer frei mit Fr\u00fchst\u00fcck *** B AND B - C\u00f4t\u00e9 Fontaine class\u00e9 3 \u00e9pis ***\" \/>\n<meta name=\"twitter:description\" content=\"Rue de la Fontaine 43 5022 Namur - Cognel\u00e9e T. fixe : +32 (0)81 200 475 Portable : +32 478 63 93 88\" \/>\n<meta name=\"twitter:label1\" content=\"Dur\u00e9e de lecture est.\" \/>\n\t<meta name=\"twitter:data1\" content=\"1 minute\" \/>\n<script type=\"application\/ld+json\" class=\"yoast-schema-graph\">{\"@context\":\"https:\/\/schema.org\",\"@graph\":[{\"@type\":\"WebPage\",\"@id\":\"https:\/\/cotefontaine.be\/cf-de\/zugangsplan\/\",\"url\":\"https:\/\/cotefontaine.be\/cf-de\/zugangsplan\/\",\"name\":\"Zugangsplan - NAMUR Zimmer frei mit Fr\u00fchst\u00fcck *** B AND B - C\u00f4t\u00e9 Fontaine class\u00e9 3 \u00e9pis ***\",\"isPartOf\":{\"@id\":\"https:\/\/cotefontaine.be\/cf-de\/#website\"},\"datePublished\":\"2017-11-11T20:50:12+00:00\",\"dateModified\":\"2025-08-30T09:44:58+00:00\",\"breadcrumb\":{\"@id\":\"https:\/\/cotefontaine.be\/cf-de\/zugangsplan\/#breadcrumb\"},\"inLanguage\":\"fr-BE\",\"potentialAction\":[{\"@type\":\"ReadAction\",\"target\":[\"https:\/\/cotefontaine.be\/cf-de\/zugangsplan\/\"]}]},{\"@type\":\"BreadcrumbList\",\"@id\":\"https:\/\/cotefontaine.be\/cf-de\/zugangsplan\/#breadcrumb\",\"itemListElement\":[{\"@type\":\"ListItem\",\"position\":1,\"name\":\"Accueil\",\"item\":\"https:\/\/cotefontaine.be\/cf-de\/\"},{\"@type\":\"ListItem\",\"position\":2,\"name\":\"Zugangsplan\"}]},{\"@type\":\"WebSite\",\"@id\":\"https:\/\/cotefontaine.be\/cf-de\/#website\",\"url\":\"https:\/\/cotefontaine.be\/cf-de\/\",\"name\":\"NAMUR CHAMBRES D&#039;HOTES *** B AND B - C\u00f4t\u00e9 Fontaine class\u00e9 3 \u00e9pis ***\",\"description\":\"Qualit\u00e4t, ruhig, komfortabel, privater Parkplatz, WLAN und kostenloses Fr\u00fchst\u00fcck\",\"potentialAction\":[{\"@type\":\"SearchAction\",\"target\":{\"@type\":\"EntryPoint\",\"urlTemplate\":\"https:\/\/cotefontaine.be\/cf-de\/?s={search_term_string}\"},\"query-input\":{\"@type\":\"PropertyValueSpecification\",\"valueRequired\":true,\"valueName\":\"search_term_string\"}}],\"inLanguage\":\"fr-BE\"}]}<\/script>\n<!-- \/ Yoast SEO plugin. -->","yoast_head_json":{"title":"Zugangsplan - NAMUR Zimmer frei mit Fr\u00fchst\u00fcck *** B AND B - C\u00f4t\u00e9 Fontaine class\u00e9 3 \u00e9pis ***","robots":{"index":"index","follow":"follow","max-snippet":"max-snippet:-1","max-image-preview":"max-image-preview:large","max-video-preview":"max-video-preview:-1"},"canonical":"https:\/\/cotefontaine.be\/cf-de\/zugangsplan\/","twitter_card":"summary_large_image","twitter_title":"Zugangsplan - NAMUR Zimmer frei mit Fr\u00fchst\u00fcck *** B AND B - C\u00f4t\u00e9 Fontaine class\u00e9 3 \u00e9pis ***","twitter_description":"Rue de la Fontaine 43 5022 Namur - Cognel\u00e9e T. fixe : +32 (0)81 200 475 Portable : +32 478 63 93 88","twitter_misc":{"Dur\u00e9e de lecture est.":"1 minute"},"schema":{"@context":"https:\/\/schema.org","@graph":[{"@type":"WebPage","@id":"https:\/\/cotefontaine.be\/cf-de\/zugangsplan\/","url":"https:\/\/cotefontaine.be\/cf-de\/zugangsplan\/","name":"Zugangsplan - NAMUR Zimmer frei mit Fr\u00fchst\u00fcck *** B AND B - C\u00f4t\u00e9 Fontaine class\u00e9 3 \u00e9pis ***","isPartOf":{"@id":"https:\/\/cotefontaine.be\/cf-de\/#website"},"datePublished":"2017-11-11T20:50:12+00:00","dateModified":"2025-08-30T09:44:58+00:00","breadcrumb":{"@id":"https:\/\/cotefontaine.be\/cf-de\/zugangsplan\/#breadcrumb"},"inLanguage":"fr-BE","potentialAction":[{"@type":"ReadAction","target":["https:\/\/cotefontaine.be\/cf-de\/zugangsplan\/"]}]},{"@type":"BreadcrumbList","@id":"https:\/\/cotefontaine.be\/cf-de\/zugangsplan\/#breadcrumb","itemListElement":[{"@type":"ListItem","position":1,"name":"Accueil","item":"https:\/\/cotefontaine.be\/cf-de\/"},{"@type":"ListItem","position":2,"name":"Zugangsplan"}]},{"@type":"WebSite","@id":"https:\/\/cotefontaine.be\/cf-de\/#website","url":"https:\/\/cotefontaine.be\/cf-de\/","name":"NAMUR CHAMBRES D&#039;HOTES *** B AND B - C\u00f4t\u00e9 Fontaine class\u00e9 3 \u00e9pis ***","description":"Qualit\u00e4t, ruhig, komfortabel, privater Parkplatz, WLAN und kostenloses Fr\u00fchst\u00fcck","potentialAction":[{"@type":"SearchAction","target":{"@type":"EntryPoint","urlTemplate":"https:\/\/cotefontaine.be\/cf-de\/?s={search_term_string}"},"query-input":{"@type":"PropertyValueSpecification","valueRequired":true,"valueName":"search_term_string"}}],"inLanguage":"fr-BE"}]}},"_links":{"self":[{"href":"https:\/\/cotefontaine.be\/cf-de\/wp-json\/wp\/v2\/pages\/278","targetHints":{"allow":["GET"]}}],"collection":[{"href":"https:\/\/cotefontaine.be\/cf-de\/wp-json\/wp\/v2\/pages"}],"about":[{"href":"https:\/\/cotefontaine.be\/cf-de\/wp-json\/wp\/v2\/types\/page"}],"author":[{"embeddable":true,"href":"https:\/\/cotefontaine.be\/cf-de\/wp-json\/wp\/v2\/users\/1"}],"replies":[{"embeddable":true,"href":"https:\/\/cotefontaine.be\/cf-de\/wp-json\/wp\/v2\/comments?post=278"}],"version-history":[{"count":10,"href":"https:\/\/cotefontaine.be\/cf-de\/wp-json\/wp\/v2\/pages\/278\/revisions"}],"predecessor-version":[{"id":5328,"href":"https:\/\/cotefontaine.be\/cf-de\/wp-json\/wp\/v2\/pages\/278\/revisions\/5328"}],"wp:attachment":[{"href":"https:\/\/cotefontaine.be\/cf-de\/wp-json\/wp\/v2\/media?parent=278"}],"curies":[{"name":"wp","href":"https:\/\/api.w.org\/{rel}","templated":true}]}}