{"id":4484,"date":"2023-05-04T19:52:17","date_gmt":"2023-05-04T17:52:17","guid":{"rendered":"https:\/\/cotefontaine.be\/cf-de\/?page_id=4484"},"modified":"2025-09-20T13:45:18","modified_gmt":"2025-09-20T11:45:18","slug":"aktivitaten","status":"publish","type":"page","link":"https:\/\/cotefontaine.be\/cf-de\/aktivitaten\/","title":{"rendered":"Aktivit\u00e4ten"},"content":{"rendered":"<p>[et_pb_section fb_built=\u00a0\u00bb1&Prime; _builder_version=\u00a0\u00bb4.20.4&Prime; _module_preset=\u00a0\u00bbdefault\u00a0\u00bb global_colors_info=\u00a0\u00bb{}\u00a0\u00bb][et_pb_row _builder_version=\u00a0\u00bb4.20.4&Prime; _module_preset=\u00a0\u00bbdefault\u00a0\u00bb global_colors_info=\u00a0\u00bb{}\u00a0\u00bb][et_pb_column type=\u00a0\u00bb4_4&Prime; _builder_version=\u00a0\u00bb4.20.4&Prime; _module_preset=\u00a0\u00bbdefault\u00a0\u00bb global_colors_info=\u00a0\u00bb{}\u00a0\u00bb][et_pb_text _builder_version=\u00a0\u00bb4.27.4&Prime; _module_preset=\u00a0\u00bbdefault\u00a0\u00bb text_font=\u00a0\u00bb|800|||||||\u00a0\u00bb global_colors_info=\u00a0\u00bb{}\u00a0\u00bb]<\/p>\n<h2 style=\"text-align: center;\"><strong>Aktivit\u00e4ten<\/strong><\/h2>\n<p><strong><\/strong><\/p>\n<p>[\/et_pb_text][\/et_pb_column][\/et_pb_row][et_pb_row column_structure=\u00a0\u00bb1_3,1_3,1_3&Prime; _builder_version=\u00a0\u00bb4.21.0&Prime; _module_preset=\u00a0\u00bbdefault\u00a0\u00bb global_colors_info=\u00a0\u00bb{}\u00a0\u00bb][et_pb_column type=\u00a0\u00bb1_3&Prime; _builder_version=\u00a0\u00bb4.21.0&Prime; _module_preset=\u00a0\u00bbdefault\u00a0\u00bb global_colors_info=\u00a0\u00bb{}\u00a0\u00bb][et_pb_button button_url=\u00a0\u00bbhttps:\/\/citadelle.namur.be\/de\u00a0\u00bb url_new_window=\u00a0\u00bbon\u00a0\u00bb button_text=\u00a0\u00bbZitadelle von Namur\u00a0\u00bb button_alignment=\u00a0\u00bbcenter\u00a0\u00bb _builder_version=\u00a0\u00bb4.27.4&Prime; _module_preset=\u00a0\u00bbdefault\u00a0\u00bb custom_button=\u00a0\u00bbon\u00a0\u00bb button_text_color=\u00a0\u00bb#FFFFFF\u00a0\u00bb button_bg_color=\u00a0\u00bb#028404&Prime; button_border_color=\u00a0\u00bb#FFFFFF\u00a0\u00bb button_border_radius=\u00a0\u00bb10px\u00a0\u00bb button_font=\u00a0\u00bb|700|||||||\u00a0\u00bb button_icon=\u00a0\u00bb&#x35;||divi||400&Prime; hover_enabled=\u00a0\u00bb0&Prime; box_shadow_style=\u00a0\u00bbpreset4&Prime; box_shadow_color=\u00a0\u00bbrgba(129,147,249,0.5)\u00a0\u00bb global_colors_info=\u00a0\u00bb{}\u00a0\u00bb sticky_enabled=\u00a0\u00bb0&Prime;][\/et_pb_button][\/et_pb_column][et_pb_column type=\u00a0\u00bb1_3&Prime; _builder_version=\u00a0\u00bb4.21.0&Prime; _module_preset=\u00a0\u00bbdefault\u00a0\u00bb global_colors_info=\u00a0\u00bb{}\u00a0\u00bb][et_pb_button button_url=\u00a0\u00bbhttp:\/\/ravel.wallonie.be\/home.html\u00a0\u00bb url_new_window=\u00a0\u00bbon\u00a0\u00bb button_text=\u00a0\u00bbRavel\u00a0\u00bb button_alignment=\u00a0\u00bbcenter\u00a0\u00bb _builder_version=\u00a0\u00bb4.21.0&Prime; _module_preset=\u00a0\u00bbdefault\u00a0\u00bb custom_button=\u00a0\u00bbon\u00a0\u00bb button_text_size=\u00a0\u00bb20px\u00a0\u00bb button_bg_color=\u00a0\u00bb#028404&Prime; button_border_color=\u00a0\u00bb#FFFFFF\u00a0\u00bb button_border_radius=\u00a0\u00bb10px\u00a0\u00bb button_font=\u00a0\u00bb|700|||||||\u00a0\u00bb button_icon=\u00a0\u00bb&#x35;||divi||400&Prime; box_shadow_style=\u00a0\u00bbpreset4&Prime; box_shadow_color=\u00a0\u00bbrgba(134,152,249,0.46)\u00a0\u00bb global_colors_info=\u00a0\u00bb{}\u00a0\u00bb][\/et_pb_button][\/et_pb_column][et_pb_column type=\u00a0\u00bb1_3&Prime; _builder_version=\u00a0\u00bb4.21.0&Prime; _module_preset=\u00a0\u00bbdefault\u00a0\u00bb global_colors_info=\u00a0\u00bb{}\u00a0\u00bb][\/et_pb_column][\/et_pb_row][et_pb_row column_structure=\u00a0\u00bb1_3,1_3,1_3&Prime; _builder_version=\u00a0\u00bb4.21.0&Prime; _module_preset=\u00a0\u00bbdefault\u00a0\u00bb global_colors_info=\u00a0\u00bb{}\u00a0\u00bb][et_pb_column type=\u00a0\u00bb1_3&Prime; _builder_version=\u00a0\u00bb4.21.0&Prime; _module_preset=\u00a0\u00bbdefault\u00a0\u00bb global_colors_info=\u00a0\u00bb{}\u00a0\u00bb][et_pb_button button_url=\u00a0\u00bbhttps:\/\/www.citadellededinant.be\/%20%20%20&Prime; url_new_window=\u00a0\u00bbon\u00a0\u00bb button_text=\u00a0\u00bbZitadelle von Dinant\u00a0\u00bb button_alignment=\u00a0\u00bbcenter\u00a0\u00bb _builder_version=\u00a0\u00bb4.27.4&Prime; _module_preset=\u00a0\u00bbdefault\u00a0\u00bb custom_button=\u00a0\u00bbon\u00a0\u00bb button_text_color=\u00a0\u00bb#FFFFFF\u00a0\u00bb button_bg_color=\u00a0\u00bb#028404&Prime; button_border_color=\u00a0\u00bb#FFFFFF\u00a0\u00bb button_border_radius=\u00a0\u00bb10px\u00a0\u00bb button_font=\u00a0\u00bb|700|||||||\u00a0\u00bb button_icon=\u00a0\u00bb&#x35;||divi||400&Prime; box_shadow_style=\u00a0\u00bbpreset4&Prime; box_shadow_color=\u00a0\u00bbrgba(127,145,249,0.5)\u00a0\u00bb global_colors_info=\u00a0\u00bb{}\u00a0\u00bb][\/et_pb_button][\/et_pb_column][et_pb_column type=\u00a0\u00bb1_3&Prime; _builder_version=\u00a0\u00bb4.21.0&Prime; _module_preset=\u00a0\u00bbdefault\u00a0\u00bb global_colors_info=\u00a0\u00bb{}\u00a0\u00bb][et_pb_button button_url=\u00a0\u00bbhttps:\/\/www.valleedelameuse-tourisme.be\/\u00a0\u00bb url_new_window=\u00a0\u00bbon\u00a0\u00bb button_text=\u00a0\u00bbFremdenverkehrsamt Haute-Meuse\u00a0\u00bb button_alignment=\u00a0\u00bbcenter\u00a0\u00bb _builder_version=\u00a0\u00bb4.27.4&Prime; _module_preset=\u00a0\u00bbdefault\u00a0\u00bb custom_button=\u00a0\u00bbon\u00a0\u00bb button_text_color=\u00a0\u00bb#FFFFFF\u00a0\u00bb button_bg_color=\u00a0\u00bb#028404&Prime; button_border_width=\u00a0\u00bb2px\u00a0\u00bb button_border_color=\u00a0\u00bb#FFFFFF\u00a0\u00bb button_border_radius=\u00a0\u00bb10px\u00a0\u00bb button_letter_spacing=\u00a0\u00bb2px\u00a0\u00bb button_font=\u00a0\u00bb|700|||||||\u00a0\u00bb button_icon=\u00a0\u00bb&#x35;||divi||400&Prime; box_shadow_style=\u00a0\u00bbpreset4&Prime; box_shadow_color=\u00a0\u00bbrgba(127,145,249,0.49)\u00a0\u00bb global_colors_info=\u00a0\u00bb{}\u00a0\u00bb][\/et_pb_button][\/et_pb_column][et_pb_column type=\u00a0\u00bb1_3&Prime; _builder_version=\u00a0\u00bb4.21.0&Prime; _module_preset=\u00a0\u00bbdefault\u00a0\u00bb global_colors_info=\u00a0\u00bb{}\u00a0\u00bb][et_pb_button button_url=\u00a0\u00bbhttp:\/\/www.draisines.online\/\u00a0\u00bb url_new_window=\u00a0\u00bbon\u00a0\u00bb button_text=\u00a0\u00bbTal der Molign\u00e9e\u00a0\u00bb button_alignment=\u00a0\u00bbcenter\u00a0\u00bb _builder_version=\u00a0\u00bb4.27.4&Prime; _module_preset=\u00a0\u00bbdefault\u00a0\u00bb custom_button=\u00a0\u00bbon\u00a0\u00bb button_text_color=\u00a0\u00bb#FFFFFF\u00a0\u00bb button_bg_color=\u00a0\u00bb#028404&Prime; button_border_color=\u00a0\u00bb#FFFFFF\u00a0\u00bb button_border_radius=\u00a0\u00bb10px\u00a0\u00bb button_font=\u00a0\u00bb|700|||||||\u00a0\u00bb button_icon=\u00a0\u00bb&#x35;||divi||400&Prime; box_shadow_style=\u00a0\u00bbpreset4&Prime; box_shadow_color=\u00a0\u00bbrgba(129,147,249,0.5)\u00a0\u00bb global_colors_info=\u00a0\u00bb{}\u00a0\u00bb][\/et_pb_button][\/et_pb_column][\/et_pb_row][\/et_pb_section][et_pb_section fb_built=\u00a0\u00bb1&Prime; _builder_version=\u00a0\u00bb4.21.0&Prime; _module_preset=\u00a0\u00bbdefault\u00a0\u00bb custom_margin=\u00a0\u00bb-90px||||false|false\u00a0\u00bb global_colors_info=\u00a0\u00bb{}\u00a0\u00bb][et_pb_row _builder_version=\u00a0\u00bb4.21.0&Prime; _module_preset=\u00a0\u00bbdefault\u00a0\u00bb global_colors_info=\u00a0\u00bb{}\u00a0\u00bb][et_pb_column type=\u00a0\u00bb4_4&Prime; _builder_version=\u00a0\u00bb4.21.0&Prime; _module_preset=\u00a0\u00bbdefault\u00a0\u00bb global_colors_info=\u00a0\u00bb{}\u00a0\u00bb][et_pb_text _builder_version=\u00a0\u00bb4.27.4&Prime; _module_preset=\u00a0\u00bbdefault\u00a0\u00bb custom_padding=\u00a0\u00bb11px|||||\u00a0\u00bb global_colors_info=\u00a0\u00bb{}\u00a0\u00bb]<\/p>\n<h4 style=\"text-align: left;\"><span style=\"font-size: x-large;\"><strong>Touristische Dokumentation, <\/strong><\/span><\/h4>\n<blockquote>\n<h4><span style=\"font-size: x-large;\"><em><span style=\"font-size: large;\">Wir stellen Ihnen zahlreiche Brosch\u00fcren und Informationen zur Verf\u00fcgung.<\/span><\/em><\/span><\/h4>\n<h4>Damit Sie unsere wundersch\u00f6ne Region besser entdecken und sich willkommen f\u00fchlen k\u00f6nnen! Hier finden Sie Informationen und Dienstleistungen zu :<br \/>Namur und Umgebung, Wallonien, Br\u00fcssel und Flandern.<br \/>Die sch\u00f6nsten D\u00f6rfer Walloniens. Die Sambre- und Maast\u00e4ler. Die belgischen und franz\u00f6sischen Ardennen. Bastogne, Dinant, L\u00fcttich, Br\u00fcssel, Waterloo, Br\u00fcgge, Redu, das Euro Space Center, die H\u00f6hlen und der Tierpark von Han-sur-Lesse, Rochefort, Durbuy, Sehensw\u00fcrdigkeiten, Museen. Die Abtei Maredsous. Die G\u00e4rten von Annevoie. Die Schl\u00f6sser von: Veves, Fre\u00eer-sur-Meuse, Lavaux-Sainte-Anne, Modave usw.<br \/>Und viele andere sch\u00f6ne Ecken Belgiens, die es zu sehen und nicht zu verpassen gilt usw.<\/h4>\n<\/blockquote>\n<p>[\/et_pb_text][\/et_pb_column][\/et_pb_row][\/et_pb_section]<\/p>\n","protected":false},"excerpt":{"rendered":"<p>Aktivit\u00e4ten Touristische Dokumentation, Wir stellen Ihnen zahlreiche Brosch\u00fcren und Informationen zur Verf\u00fcgung. Damit Sie unsere wundersch\u00f6ne Region besser entdecken und sich willkommen f\u00fchlen k\u00f6nnen! Hier finden Sie Informationen und Dienstleistungen zu :Namur und Umgebung, Wallonien, Br\u00fcssel und Flandern.Die sch\u00f6nsten D\u00f6rfer Walloniens. Die Sambre- und Maast\u00e4ler. Die belgischen und franz\u00f6sischen Ardennen. Bastogne, Dinant, L\u00fcttich, Br\u00fcssel, Waterloo, [&hellip;]<\/p>\n","protected":false},"author":1,"featured_media":0,"parent":0,"menu_order":0,"comment_status":"closed","ping_status":"closed","template":"","meta":{"_et_pb_use_builder":"on","_et_pb_old_content":"","_et_gb_content_width":"","footnotes":""},"class_list":["post-4484","page","type-page","status-publish","hentry"],"yoast_head":"<!-- This site is optimized with the Yoast SEO plugin v25.8 - https:\/\/yoast.com\/wordpress\/plugins\/seo\/ -->\n<title>Aktivit\u00e4ten - NAMUR Zimmer frei mit Fr\u00fchst\u00fcck *** B AND B - C\u00f4t\u00e9 Fontaine class\u00e9 3 \u00e9pis ***<\/title>\n<meta name=\"robots\" content=\"index, follow, max-snippet:-1, max-image-preview:large, max-video-preview:-1\" \/>\n<link rel=\"canonical\" href=\"https:\/\/cotefontaine.be\/cf-de\/aktivitaten\/\" \/>\n<meta name=\"twitter:card\" content=\"summary_large_image\" \/>\n<meta name=\"twitter:title\" content=\"Aktivit\u00e4ten - NAMUR Zimmer frei mit Fr\u00fchst\u00fcck *** B AND B - C\u00f4t\u00e9 Fontaine class\u00e9 3 \u00e9pis ***\" \/>\n<meta name=\"twitter:description\" content=\"Aktivit\u00e4ten Touristische Dokumentation, Wir stellen Ihnen zahlreiche Brosch\u00fcren und Informationen zur Verf\u00fcgung. Damit Sie unsere wundersch\u00f6ne Region besser entdecken und sich willkommen f\u00fchlen k\u00f6nnen! Hier finden Sie Informationen und Dienstleistungen zu :Namur und Umgebung, Wallonien, Br\u00fcssel und Flandern.Die sch\u00f6nsten D\u00f6rfer Walloniens. Die Sambre- und Maast\u00e4ler. Die belgischen und franz\u00f6sischen Ardennen. Bastogne, Dinant, L\u00fcttich, Br\u00fcssel, Waterloo, [&hellip;]\" \/>\n<meta name=\"twitter:label1\" content=\"Dur\u00e9e de lecture est.\" \/>\n\t<meta name=\"twitter:data1\" content=\"4 minutes\" \/>\n<script type=\"application\/ld+json\" class=\"yoast-schema-graph\">{\"@context\":\"https:\/\/schema.org\",\"@graph\":[{\"@type\":\"WebPage\",\"@id\":\"https:\/\/cotefontaine.be\/cf-de\/aktivitaten\/\",\"url\":\"https:\/\/cotefontaine.be\/cf-de\/aktivitaten\/\",\"name\":\"Aktivit\u00e4ten - NAMUR Zimmer frei mit Fr\u00fchst\u00fcck *** B AND B - C\u00f4t\u00e9 Fontaine class\u00e9 3 \u00e9pis ***\",\"isPartOf\":{\"@id\":\"https:\/\/cotefontaine.be\/cf-de\/#website\"},\"datePublished\":\"2023-05-04T17:52:17+00:00\",\"dateModified\":\"2025-09-20T11:45:18+00:00\",\"breadcrumb\":{\"@id\":\"https:\/\/cotefontaine.be\/cf-de\/aktivitaten\/#breadcrumb\"},\"inLanguage\":\"fr-BE\",\"potentialAction\":[{\"@type\":\"ReadAction\",\"target\":[\"https:\/\/cotefontaine.be\/cf-de\/aktivitaten\/\"]}]},{\"@type\":\"BreadcrumbList\",\"@id\":\"https:\/\/cotefontaine.be\/cf-de\/aktivitaten\/#breadcrumb\",\"itemListElement\":[{\"@type\":\"ListItem\",\"position\":1,\"name\":\"Accueil\",\"item\":\"https:\/\/cotefontaine.be\/cf-de\/\"},{\"@type\":\"ListItem\",\"position\":2,\"name\":\"Aktivit\u00e4ten\"}]},{\"@type\":\"WebSite\",\"@id\":\"https:\/\/cotefontaine.be\/cf-de\/#website\",\"url\":\"https:\/\/cotefontaine.be\/cf-de\/\",\"name\":\"NAMUR CHAMBRES D&#039;HOTES *** B AND B - C\u00f4t\u00e9 Fontaine class\u00e9 3 \u00e9pis ***\",\"description\":\"Qualit\u00e4t, ruhig, komfortabel, privater Parkplatz, WLAN und kostenloses Fr\u00fchst\u00fcck\",\"potentialAction\":[{\"@type\":\"SearchAction\",\"target\":{\"@type\":\"EntryPoint\",\"urlTemplate\":\"https:\/\/cotefontaine.be\/cf-de\/?s={search_term_string}\"},\"query-input\":{\"@type\":\"PropertyValueSpecification\",\"valueRequired\":true,\"valueName\":\"search_term_string\"}}],\"inLanguage\":\"fr-BE\"}]}<\/script>\n<!-- \/ Yoast SEO plugin. -->","yoast_head_json":{"title":"Aktivit\u00e4ten - NAMUR Zimmer frei mit Fr\u00fchst\u00fcck *** B AND B - C\u00f4t\u00e9 Fontaine class\u00e9 3 \u00e9pis ***","robots":{"index":"index","follow":"follow","max-snippet":"max-snippet:-1","max-image-preview":"max-image-preview:large","max-video-preview":"max-video-preview:-1"},"canonical":"https:\/\/cotefontaine.be\/cf-de\/aktivitaten\/","twitter_card":"summary_large_image","twitter_title":"Aktivit\u00e4ten - NAMUR Zimmer frei mit Fr\u00fchst\u00fcck *** B AND B - C\u00f4t\u00e9 Fontaine class\u00e9 3 \u00e9pis ***","twitter_description":"Aktivit\u00e4ten Touristische Dokumentation, Wir stellen Ihnen zahlreiche Brosch\u00fcren und Informationen zur Verf\u00fcgung. Damit Sie unsere wundersch\u00f6ne Region besser entdecken und sich willkommen f\u00fchlen k\u00f6nnen! Hier finden Sie Informationen und Dienstleistungen zu :Namur und Umgebung, Wallonien, Br\u00fcssel und Flandern.Die sch\u00f6nsten D\u00f6rfer Walloniens. Die Sambre- und Maast\u00e4ler. Die belgischen und franz\u00f6sischen Ardennen. Bastogne, Dinant, L\u00fcttich, Br\u00fcssel, Waterloo, [&hellip;]","twitter_misc":{"Dur\u00e9e de lecture est.":"4 minutes"},"schema":{"@context":"https:\/\/schema.org","@graph":[{"@type":"WebPage","@id":"https:\/\/cotefontaine.be\/cf-de\/aktivitaten\/","url":"https:\/\/cotefontaine.be\/cf-de\/aktivitaten\/","name":"Aktivit\u00e4ten - NAMUR Zimmer frei mit Fr\u00fchst\u00fcck *** B AND B - C\u00f4t\u00e9 Fontaine class\u00e9 3 \u00e9pis ***","isPartOf":{"@id":"https:\/\/cotefontaine.be\/cf-de\/#website"},"datePublished":"2023-05-04T17:52:17+00:00","dateModified":"2025-09-20T11:45:18+00:00","breadcrumb":{"@id":"https:\/\/cotefontaine.be\/cf-de\/aktivitaten\/#breadcrumb"},"inLanguage":"fr-BE","potentialAction":[{"@type":"ReadAction","target":["https:\/\/cotefontaine.be\/cf-de\/aktivitaten\/"]}]},{"@type":"BreadcrumbList","@id":"https:\/\/cotefontaine.be\/cf-de\/aktivitaten\/#breadcrumb","itemListElement":[{"@type":"ListItem","position":1,"name":"Accueil","item":"https:\/\/cotefontaine.be\/cf-de\/"},{"@type":"ListItem","position":2,"name":"Aktivit\u00e4ten"}]},{"@type":"WebSite","@id":"https:\/\/cotefontaine.be\/cf-de\/#website","url":"https:\/\/cotefontaine.be\/cf-de\/","name":"NAMUR CHAMBRES D&#039;HOTES *** B AND B - C\u00f4t\u00e9 Fontaine class\u00e9 3 \u00e9pis ***","description":"Qualit\u00e4t, ruhig, komfortabel, privater Parkplatz, WLAN und kostenloses Fr\u00fchst\u00fcck","potentialAction":[{"@type":"SearchAction","target":{"@type":"EntryPoint","urlTemplate":"https:\/\/cotefontaine.be\/cf-de\/?s={search_term_string}"},"query-input":{"@type":"PropertyValueSpecification","valueRequired":true,"valueName":"search_term_string"}}],"inLanguage":"fr-BE"}]}},"_links":{"self":[{"href":"https:\/\/cotefontaine.be\/cf-de\/wp-json\/wp\/v2\/pages\/4484","targetHints":{"allow":["GET"]}}],"collection":[{"href":"https:\/\/cotefontaine.be\/cf-de\/wp-json\/wp\/v2\/pages"}],"about":[{"href":"https:\/\/cotefontaine.be\/cf-de\/wp-json\/wp\/v2\/types\/page"}],"author":[{"embeddable":true,"href":"https:\/\/cotefontaine.be\/cf-de\/wp-json\/wp\/v2\/users\/1"}],"replies":[{"embeddable":true,"href":"https:\/\/cotefontaine.be\/cf-de\/wp-json\/wp\/v2\/comments?post=4484"}],"version-history":[{"count":11,"href":"https:\/\/cotefontaine.be\/cf-de\/wp-json\/wp\/v2\/pages\/4484\/revisions"}],"predecessor-version":[{"id":5351,"href":"https:\/\/cotefontaine.be\/cf-de\/wp-json\/wp\/v2\/pages\/4484\/revisions\/5351"}],"wp:attachment":[{"href":"https:\/\/cotefontaine.be\/cf-de\/wp-json\/wp\/v2\/media?parent=4484"}],"curies":[{"name":"wp","href":"https:\/\/api.w.org\/{rel}","templated":true}]}}