{"id":4574,"date":"2023-05-05T19:26:36","date_gmt":"2023-05-05T17:26:36","guid":{"rendered":"https:\/\/cotefontaine.be\/cf-de\/?page_id=4574"},"modified":"2025-08-29T17:49:19","modified_gmt":"2025-08-29T15:49:19","slug":"uber-uns","status":"publish","type":"page","link":"https:\/\/cotefontaine.be\/cf-de\/uber-uns\/","title":{"rendered":"\u00dcber uns"},"content":{"rendered":"<p>[et_pb_section fb_built=\u00a0\u00bb1&Prime; _builder_version=\u00a0\u00bb4.20.4&Prime; _module_preset=\u00a0\u00bbdefault\u00a0\u00bb global_colors_info=\u00a0\u00bb{}\u00a0\u00bb][et_pb_row _builder_version=\u00a0\u00bb4.20.4&Prime; _module_preset=\u00a0\u00bbdefault\u00a0\u00bb global_colors_info=\u00a0\u00bb{}\u00a0\u00bb][et_pb_column type=\u00a0\u00bb4_4&Prime; _builder_version=\u00a0\u00bb4.20.4&Prime; _module_preset=\u00a0\u00bbdefault\u00a0\u00bb global_colors_info=\u00a0\u00bb{}\u00a0\u00bb][et_pb_text _builder_version=\u00a0\u00bb4.27.4&Prime; _module_preset=\u00a0\u00bbdefault\u00a0\u00bb text_font=\u00a0\u00bb|800|||||||\u00a0\u00bb text_font_size=\u00a0\u00bb32px\u00a0\u00bb hover_enabled=\u00a0\u00bb0&Prime; global_colors_info=\u00a0\u00bb{}\u00a0\u00bb sticky_enabled=\u00a0\u00bb0&Prime;]<\/p>\n<h2 style=\"text-align: center;\"><strong>\u00dcber uns<\/strong><\/h2>\n<p>[\/et_pb_text][\/et_pb_column][\/et_pb_row][et_pb_row column_structure=\u00a0\u00bb3_5,1_5,1_5&Prime; _builder_version=\u00a0\u00bb4.20.4&Prime; _module_preset=\u00a0\u00bbdefault\u00a0\u00bb global_colors_info=\u00a0\u00bb{}\u00a0\u00bb][et_pb_column type=\u00a0\u00bb3_5&Prime; _builder_version=\u00a0\u00bb4.20.4&Prime; _module_preset=\u00a0\u00bbdefault\u00a0\u00bb global_colors_info=\u00a0\u00bb{}\u00a0\u00bb][et_pb_text _builder_version=\u00a0\u00bb4.27.4&Prime; _module_preset=\u00a0\u00bbdefault\u00a0\u00bb hover_enabled=\u00a0\u00bb0&Prime; global_colors_info=\u00a0\u00bb{}\u00a0\u00bb sticky_enabled=\u00a0\u00bb0&Prime; text_line_height=\u00a0\u00bb2.1em\u00a0\u00bb]<\/p>\n<h3><span style=\"color: #0000ff;\">6 km von Namur<\/span><br \/><span style=\"color: #0000ff;\">2 km von der Autobahn<\/span><br \/><span style=\"color: #0000ff;\">1 km von Ravel und dem Jakobsweg<\/span><\/h3>\n<h3><span style=\"color: #0000ff;\"><strong><\/strong><strong><\/strong><\/span><\/h3>\n<h3><span style=\"color: #0000ff;\">Hoch oben in der Ruhe und Stille der \u00fcppigen Landschaft von Namur, im Dorf Cognel\u00e9e, werden Sie in einem gem\u00fctlichen, blumengeschm\u00fcckten Haus herzlich und pers\u00f6nlich empfangen.<\/span><\/h3>\n<h3><span style=\"color: #0000ff;\">Bei uns ist die Sonne das ganze Jahr \u00fcber Ihr Begleiter.<\/span><br \/><span style=\"color: #0000ff;\">Wir verf\u00fcgen \u00fcber kostenlose Privatparkpl\u00e4tze und einen Fahrradschuppen&#8230;<\/span><\/h3>\n<p>[\/et_pb_text][\/et_pb_column][et_pb_column type=\u00a0\u00bb1_5&Prime; _builder_version=\u00a0\u00bb4.20.4&Prime; _module_preset=\u00a0\u00bbdefault\u00a0\u00bb global_colors_info=\u00a0\u00bb{}\u00a0\u00bb][et_pb_blurb title=\u00a0\u00bbChantal\u00a0\u00bb image=\u00a0\u00bbhttps:\/\/cotefontaine.be\/cf-de\/wp-content\/uploads\/2023\/04\/Chantal-1.jpg\u00a0\u00bb _builder_version=\u00a0\u00bb4.27.4&Prime; _module_preset=\u00a0\u00bbdefault\u00a0\u00bb header_font=\u00a0\u00bb||||||||\u00a0\u00bb header_font_size=\u00a0\u00bb20px\u00a0\u00bb body_font=\u00a0\u00bb||||||||\u00a0\u00bb body_font_size=\u00a0\u00bb16px\u00a0\u00bb text_orientation=\u00a0\u00bbcenter\u00a0\u00bb hover_enabled=\u00a0\u00bb0&Prime; global_colors_info=\u00a0\u00bb{}\u00a0\u00bb sticky_enabled=\u00a0\u00bb0&Prime;]<\/p>\n<p><span style=\"color: #0000ff;\">Ihr Gastgeber<\/span><br \/><span style=\"color: #0000ff;\">Wir freuen uns, Sie bei uns begr\u00fc\u00dfen zu d\u00fcrfen.<\/span><\/p>\n<p>[\/et_pb_blurb][\/et_pb_column][et_pb_column type=\u00a0\u00bb1_5&Prime; _builder_version=\u00a0\u00bb4.20.4&Prime; _module_preset=\u00a0\u00bbdefault\u00a0\u00bb global_colors_info=\u00a0\u00bb{}\u00a0\u00bb][et_pb_blurb title=\u00a0\u00bbPierre\u00a0\u00bb image=\u00a0\u00bbhttps:\/\/cotefontaine.be\/cf-de\/wp-content\/uploads\/2023\/04\/pierre-1.jpg\u00a0\u00bb _builder_version=\u00a0\u00bb4.27.4&Prime; _module_preset=\u00a0\u00bbdefault\u00a0\u00bb header_font=\u00a0\u00bb||||||||\u00a0\u00bb header_font_size=\u00a0\u00bb20px\u00a0\u00bb body_font=\u00a0\u00bb||||||||\u00a0\u00bb body_font_size=\u00a0\u00bb16px\u00a0\u00bb text_orientation=\u00a0\u00bbcenter\u00a0\u00bb hover_enabled=\u00a0\u00bb0&Prime; global_colors_info=\u00a0\u00bb{}\u00a0\u00bb sticky_enabled=\u00a0\u00bb0&Prime;]<\/p>\n<p style=\"text-align: center;\"><span style=\"color: #0000ff;\">Ihr Gastgeber hei\u00dft Sie herzlich willkommen.<\/span><br \/><span style=\"color: #0000ff;\">Ich spreche ein wenig:<\/span><br \/><span style=\"color: #0000ff;\">\u2013 Englisch<\/span><br \/><span style=\"color: #0000ff;\">\u2013 Niederl\u00e4ndisch<\/span><br \/><span style=\"color: #0000ff;\">\u2013 Deutsch<\/span><\/p>\n<p style=\"text-align: center;\"><span style=\"color: #0000ff;\"><\/span><\/p>\n<p style=\"text-align: center;\"><span style=\"color: #0000ff;\"><\/span><\/p>\n<p>[\/et_pb_blurb][\/et_pb_column][\/et_pb_row][et_pb_row column_structure=\u00a0\u00bb3_5,2_5&Prime; _builder_version=\u00a0\u00bb4.20.4&Prime; _module_preset=\u00a0\u00bbdefault\u00a0\u00bb custom_margin=\u00a0\u00bb-70px||||false|false\u00a0\u00bb global_colors_info=\u00a0\u00bb{}\u00a0\u00bb][et_pb_column type=\u00a0\u00bb3_5&Prime; _builder_version=\u00a0\u00bb4.20.4&Prime; _module_preset=\u00a0\u00bbdefault\u00a0\u00bb global_colors_info=\u00a0\u00bb{}\u00a0\u00bb][\/et_pb_column][et_pb_column type=\u00a0\u00bb2_5&Prime; _builder_version=\u00a0\u00bb4.20.4&Prime; _module_preset=\u00a0\u00bbdefault\u00a0\u00bb global_colors_info=\u00a0\u00bb{}\u00a0\u00bb][et_pb_text _builder_version=\u00a0\u00bb4.27.4&Prime; _module_preset=\u00a0\u00bbdefault\u00a0\u00bb header_4_font_size=\u00a0\u00bb16px\u00a0\u00bb hover_enabled=\u00a0\u00bb0&Prime; global_colors_info=\u00a0\u00bb{}\u00a0\u00bb sticky_enabled=\u00a0\u00bb0&Prime;]<\/p>\n<h3 style=\"text-align: center;\"><span style=\"color: #0000ff;\"><strong>Unsere Hobbys<\/strong><\/span><\/h3>\n<h3 style=\"text-align: center;\"><span style=\"color: #0000ff;\">Blumen, Reisen, Oldtimer, Berge, Skifahren, Natur.<\/span><\/h3>\n<p>[\/et_pb_text][\/et_pb_column][\/et_pb_row][et_pb_row _builder_version=\u00a0\u00bb4.20.4&Prime; _module_preset=\u00a0\u00bbdefault\u00a0\u00bb global_colors_info=\u00a0\u00bb{}\u00a0\u00bb][et_pb_column type=\u00a0\u00bb4_4&Prime; _builder_version=\u00a0\u00bb4.20.4&Prime; _module_preset=\u00a0\u00bbdefault\u00a0\u00bb global_colors_info=\u00a0\u00bb{}\u00a0\u00bb][et_pb_text _builder_version=\u00a0\u00bb4.27.4&Prime; _module_preset=\u00a0\u00bbdefault\u00a0\u00bb hover_enabled=\u00a0\u00bb0&Prime; global_colors_info=\u00a0\u00bb{}\u00a0\u00bb sticky_enabled=\u00a0\u00bb0&Prime;]<\/p>\n<h4><span style=\"color: #0000ff;\"><span style=\"font-size: xx-large;\"><strong><span style=\"font-size: x-large;\">Unsere St\u00e4rken : <\/span>\u00a0\u00a0<\/strong><\/span>\u00a0\u00a0<img loading=\"lazy\" decoding=\"async\" class=\"wp-image-1998 size-full\" src=\"https:\/\/cotefontaine.be\/cf-de\/wp-content\/uploads\/2018\/07\/PouceV.png\" alt=\"\" width=\"60\" height=\"58\" \/><\/span><\/h4>\n<p>&nbsp;<\/p>\n<p>&nbsp;<\/p>\n<ul>\n<li>\n<h4><span style=\"color: #0000ff;\"><strong>Willkommen und Beratung: Die Region Namur, das Maastal, die Ardennen und Belgien im Allgemeinen \u2026<\/strong><\/span><\/h4>\n<\/li>\n<li>\n<h4><span style=\"color: #0000ff;\"><strong>Privater Eingang: Sie behalten Ihre Freiheit! Wir geben Ihnen die Schl\u00fcssel, und Sie k\u00f6nnen kommen und gehen, wie Sie m\u00f6chten.<\/strong><\/span><\/h4>\n<\/li>\n<li>\n<h4><span style=\"color: #0000ff;\"><strong>Kostenloser Privatparkplatz, einschlie\u00dflich Fahrradschuppen.<\/strong><\/span><\/h4>\n<\/li>\n<li>\n<h4><span style=\"color: #0000ff;\"><strong>Die Zimmer sind mit allem Komfort f\u00fcr Ihre Privatsph\u00e4re ausgestattet:<br \/>Badezimmer mit Dusche, WC, Waschbecken, Seife, Haartrockner, Vergr\u00f6\u00dferungsspiegel, Seife usw. Flachbildfernseher, Deckenventilator, ADSL-Anschluss, kostenloses WLAN, Zentralheizung usw.<\/strong><\/span><\/h4>\n<\/li>\n<li>\n<h4><span style=\"color: #0000ff;\"><strong>Fr\u00fchst\u00fcck: In unserem Speisesaal servieren wir eine abwechslungsreiche und gro\u00dfz\u00fcgige Auswahl an regionalen Produkten.<\/strong><\/span><\/h4>\n<\/li>\n<li>\n<h4><span style=\"color: #0000ff;\"><strong>Garantierte Frische beim Fr\u00fchst\u00fcck: Wir backen jeden Morgen Br\u00f6tchen und Geb\u00e4ck vor Ort.<\/strong><\/span><\/h4>\n<\/li>\n<li>\n<h4><span style=\"color: #0000ff;\"><strong>Zu Ihrer Verf\u00fcgung: K\u00fchlschrank mit kalten Getr\u00e4nken, Willkommenstablett, belgische Schokolade, Kaffee, Tee, Mikrowelle usw.<\/strong><\/span><\/h4>\n<\/li>\n<li>\n<h4><span style=\"color: #0000ff;\"><strong>Label: <\/strong> QUALIT\u00c4TSZIEL WALLONIEN<strong><a href=\"http:\/\/walloniebelgiquetourisme.be\/fr-be\/3\/en-pratique\/wallonie-destination-qualite\/label-qualite-cest-quoi-ij\" target=\"_blank\" rel=\"noopener noreferrer\" style=\"color: #0000ff;\">,<\/a><\/strong> in 2013.<\/span><\/h4>\n<\/li>\n<li>\n<h4><span style=\"color: #0000ff;\">2 km von der Autobahn E 411 Br\u00fcssel-Luxemburg, Ausfahrt 13, 2 km der Beschilderung nach Eghez\u00e9e-Leuven folgen.<\/span><\/h4>\n<\/li>\n<li>\n<h4><span style=\"color: #0000ff;\">5 km von der Autobahn E 42 Mons-L\u00fcttich-Aix-la-Chapelle (Paris, Calais, D\u00fcnkirchen, Lille). Nehmen Sie die Autobahn E 411 Luxemburg, dann die erste Ausfahrt 13 Champion, 2 km der Beschilderung nach Eghez\u00e9e-Leuven folgen.<\/span><\/h4>\n<\/li>\n<li>\n<h4><span style=\"color: #0000ff;\">Wenige Kilometer entfernt befinden sich folgende Veranstaltungsorte f\u00fcr Hochzeiten, Empf\u00e4nge und Bankette:<\/span><\/h4>\n<\/li>\n<li>\n<h4><span style=\"color: #0000ff;\">&#8211;\u00a0\u00a0<a href=\"http:\/\/chateaubayard.be\/\" target=\"_blank\" rel=\"noopener noreferrer\" style=\"color: #0000ff;\"><strong>Ch\u00e2teau Bayard<\/strong>\u00a0,\u00a0Upigny, Eghez\u00e9e<br \/><\/a>&#8211;\u00a0\u00a0<a href=\"https:\/\/www.franc-waret.com\/\" target=\"_blank\" rel=\"noopener noreferrer\" style=\"color: #0000ff;\"><strong>Ch\u00e2teau de Franc-War\u00eat<\/strong><\/a><a href=\"https:\/\/www.franc-waret.com\/\" target=\"_blank\" rel=\"noopener noreferrer\" style=\"color: #0000ff;\">\u00a0, Franc-Waret, Fernelmont<br \/><\/a>&#8211;\u00a0\u00a0<a title=\"Ferme de Mehaignoul\" href=\"https:\/\/www.fermedemehaignoul.com\/\" target=\"_blank\" rel=\"noopener noreferrer\" style=\"color: #0000ff;\"><strong>Ferme de Mehaignoul<\/strong>\u00a0, Meux, La Bruy\u00e8re<br \/><\/a>&#8211;\u00a0\u00a0<a href=\"http:\/\/www.fermedegaiffier.be\/\" target=\"_blank\" rel=\"noopener noreferrer\" style=\"color: #0000ff;\"><strong>Ferme de Gaiffier<\/strong><\/a><a href=\"http:\/\/www.fermedegaiffier.be\/\" target=\"_blank\" rel=\"noopener noreferrer\" style=\"color: #0000ff;\">\u00a0, Cognel\u00e9e, Namur<\/a><\/span><\/h4>\n<\/li>\n<li>\n<h4><span style=\"color: #0000ff;\"><strong style=\"font-size: 18px;\">Warten Sie nicht bis zu einem sch\u00f6nen Abend, um unsere warmen Zimmer zu genie\u00dfen.<\/strong><\/span><\/h4>\n<\/li>\n<li>\n<h4><span style=\"color: #0000ff;\"><strong style=\"font-size: 18px;\">6,2 km vom Bahnhof Namur entfernt.<br \/>Aus beruflichen Gr\u00fcnden nur wenige Kilometer von den Industriegebieten Fernelmont, Naninne, Eghezee usw. entfernt.<br \/>Medizinische Gr\u00fcnde&#8230;<\/strong><\/span><\/h4>\n<\/li>\n<li>\n<h4><span style=\"color: #0000ff;\"><strong style=\"font-size: 18px;\">5 km Krankenh\u00e4user:<br \/>CHR Namur Saint Camille Clinique Saint Luc in Bouge.<\/strong><\/span><\/h4>\n<\/li>\n<li>\n<h4><span style=\"color: #0000ff;\"><strong style=\"font-size: 18px;\">1 km <\/strong><strong style=\"font-size: 18px;\"><a href=\"http:\/\/ravel.wallonie.be\/home.html\" target=\"_blank\" rel=\"noopener noreferrer\" style=\"color: #0000ff;\">Ravel<\/a><\/strong><strong style=\"font-size: 18px;\">\u00a0:\u00a0<\/strong><a href=\"http:\/\/ravel.wallonie.be\/home\/itineraires\/regional\/w5-dune-vallee-a-lautre\/de-hoegaarden-a-namur.html\" target=\"_blank\" rel=\"noopener noreferrer\" style=\"font-size: 18px; color: #0000ff;\"><strong>Hoegaarden &#8211; Namur<\/strong><\/a><span style=\"font-size: 18px;\">\u00a0,\u00a0<\/span><strong style=\"font-size: 18px;\"><a href=\"http:\/\/ravel.wallonie.be\/home.html\" target=\"_blank\" rel=\"noopener noreferrer\" style=\"color: #0000ff;\">Namur &#8211; Dinant<\/a><\/strong><span style=\"font-size: 18px;\"> und der Santiago de Compostela-Weg.<\/span><\/span><\/h4>\n<\/li>\n<li>\n<h4><span style=\"font-size: 18px; color: #0000ff;\">45 markierte Routen f\u00fcr Ihre Familienwanderungen zu Fu\u00df, mit dem Fahrrad, zu Pferd usw.<\/span><\/h4>\n<\/li>\n<li>\n<h4><span style=\"font-size: 18px; color: #0000ff;\">Willkommen f\u00fcr Radfahrer und Wanderer. .<br \/>Eine Mikrowelle ist vorhanden.<\/span><\/h4>\n<\/li>\n<li>\n<h4><span style=\"font-size: 18px; color: #0000ff;\">Wir bieten Tipps zur Erkundung unserer wundersch\u00f6nen Region und eine Vielzahl von touristischen Informationen. <\/span><\/h4>\n<\/li>\n<li>\n<h4><span style=\"font-size: 18px; color: #0000ff;\">Unsere zentrale Lage ist ideal, um die Sambre- und Maast\u00e4ler, Dinant, Bastogne, Br\u00fcssel, Br\u00fcgge und mehr zu erkunden.<\/span><\/h4>\n<\/li>\n<li>\n<h4><span style=\"font-size: 18px; color: #0000ff;\">F\u00fcr einen Zwischenstopp, auf dem Weg in den Urlaub, zum Sightseeing oder um Familie oder Freunde zu besuchen usw.<\/span><\/h4>\n<\/li>\n<li>\n<h4><span style=\"font-size: 18px; color: #0000ff;\">Schnelle Antwort auf E-Mails, normalerweise noch am selben Tag, maximal jedoch innerhalb von 24 Stunden.<\/span><\/h4>\n<\/li>\n<\/ul>\n<p>[\/et_pb_text][et_pb_button button_url=\u00a0\u00bbhttps:\/\/cotefontaine.be\/cf-de\/kontakt\/\u00a0\u00bb button_text=\u00a0\u00bbJetzt buchen\u00a0\u00bb button_alignment=\u00a0\u00bbcenter\u00a0\u00bb _builder_version=\u00a0\u00bb4.27.4&Prime; _module_preset=\u00a0\u00bbdefault\u00a0\u00bb custom_button=\u00a0\u00bbon\u00a0\u00bb button_text_color=\u00a0\u00bb#FFFFFF\u00a0\u00bb button_bg_color=\u00a0\u00bb#028404&Prime; button_border_width=\u00a0\u00bb1px\u00a0\u00bb button_border_radius=\u00a0\u00bb10px\u00a0\u00bb button_letter_spacing=\u00a0\u00bb6px\u00a0\u00bb button_font=\u00a0\u00bb|800|||||||\u00a0\u00bb button_icon=\u00a0\u00bb&#x35;||divi||400&Prime; button_icon_color=\u00a0\u00bb#FFFFFF\u00a0\u00bb hover_enabled=\u00a0\u00bb0&Prime; global_colors_info=\u00a0\u00bb{}\u00a0\u00bb sticky_enabled=\u00a0\u00bb0&Prime;][\/et_pb_button][et_pb_text _builder_version=\u00a0\u00bb4.27.4&Prime; _module_preset=\u00a0\u00bbdefault\u00a0\u00bb text_font_size=\u00a0\u00bb30px\u00a0\u00bb custom_padding=\u00a0\u00bb0px||0px|||\u00a0\u00bb hover_enabled=\u00a0\u00bb0&Prime; global_colors_info=\u00a0\u00bb{}\u00a0\u00bb sticky_enabled=\u00a0\u00bb0&Prime;]<\/p>\n<h3 style=\"text-align: center;\"><strong>Z\u00f6gern Sie nicht! Sie sind herzlich willkommen.<\/strong><\/h3>\n<h4 style=\"text-align: center;\">Das Haus ist mit sch\u00f6nen Blumen geschm\u00fcckt, denn Blumen sind Chantal Leidenschaft.<\/h4>\n<h4 style=\"text-align: center;\"><span style=\"font-size: x-large;\"><strong>Zur Information :<\/strong>\u00a0<\/span><\/h4>\n<h4 style=\"text-align: center;\"><span style=\"color: #0025f9; font-size: medium;\">Klicken Sie unten auf den Entfernungslink. Dort finden Sie die Kilometer und die Zeit, die uns von unserem Zuhause trennen &#8230;<br \/><a title=\"Distance depuis nos chambres d'h\u00f4tes\" href=\"https:\/\/cotefontaine.be\/cf-de\/wp-content\/uploads\/2018\/07\/Distance-Km.pdf\" target=\"_blank\" rel=\"attachment wp-att-1933 noopener noreferrer\" style=\"color: #0025f9;\">Michelin Quelle : de nos chambres d&rsquo;h\u00f4tes. <\/a><a title=\"Distance depuis nos chambres d'h\u00f4tes\" href=\"https:\/\/cotefontaine.be\/cf-de\/wp-content\/uploads\/2018\/07\/Distance-Km.pdf\" target=\"_blank\" rel=\"attachment wp-att-1933 noopener noreferrer\" style=\"color: #0025f9;\"><em>Format pdf.<\/em><\/a><\/span><\/h4>\n<p style=\"text-align: center;\"><span style=\"text-decoration: underline;\"><span style=\"color: #0025f9;\"><a title=\"Distance depuis nos chambres d'h\u00f4tes\" href=\"https:\/\/cotefontaine.be\/cf-de\/wp-content\/uploads\/2018\/07\/Distance-Km.pdf\" target=\"_blank\" rel=\"attachment noopener noreferrer wp-att-1933\" style=\"color: #0025f9; text-decoration: underline;\"><strong>Entfernungen Km :<\/strong>\u00a0<\/a><\/span><\/span><\/p>\n<p>[\/et_pb_text][\/et_pb_column][\/et_pb_row][\/et_pb_section]<\/p>\n","protected":false},"excerpt":{"rendered":"<p>\u00dcber uns6 km von Namur2 km von der Autobahn1 km von Ravel und dem Jakobsweg Hoch oben in der Ruhe und Stille der \u00fcppigen Landschaft von Namur, im Dorf Cognel\u00e9e, werden Sie in einem gem\u00fctlichen, blumengeschm\u00fcckten Haus herzlich und pers\u00f6nlich empfangen. Bei uns ist die Sonne das ganze Jahr \u00fcber Ihr Begleiter.Wir verf\u00fcgen \u00fcber kostenlose [&hellip;]<\/p>\n","protected":false},"author":1,"featured_media":0,"parent":0,"menu_order":0,"comment_status":"closed","ping_status":"closed","template":"","meta":{"_et_pb_use_builder":"on","_et_pb_old_content":"","_et_gb_content_width":"","footnotes":""},"class_list":["post-4574","page","type-page","status-publish","hentry"],"yoast_head":"<!-- This site is optimized with the Yoast SEO plugin v25.8 - https:\/\/yoast.com\/wordpress\/plugins\/seo\/ -->\n<title>\u00dcber uns - NAMUR Zimmer frei mit Fr\u00fchst\u00fcck *** B AND B - C\u00f4t\u00e9 Fontaine class\u00e9 3 \u00e9pis ***<\/title>\n<meta name=\"robots\" content=\"index, follow, max-snippet:-1, max-image-preview:large, max-video-preview:-1\" \/>\n<link rel=\"canonical\" href=\"https:\/\/cotefontaine.be\/cf-de\/uber-uns\/\" \/>\n<meta name=\"twitter:card\" content=\"summary_large_image\" \/>\n<meta name=\"twitter:title\" content=\"\u00dcber uns - NAMUR Zimmer frei mit Fr\u00fchst\u00fcck *** B AND B - C\u00f4t\u00e9 Fontaine class\u00e9 3 \u00e9pis ***\" \/>\n<meta name=\"twitter:description\" content=\"\u00dcber uns6 km von Namur2 km von der Autobahn1 km von Ravel und dem Jakobsweg Hoch oben in der Ruhe und Stille der \u00fcppigen Landschaft von Namur, im Dorf Cognel\u00e9e, werden Sie in einem gem\u00fctlichen, blumengeschm\u00fcckten Haus herzlich und pers\u00f6nlich empfangen. Bei uns ist die Sonne das ganze Jahr \u00fcber Ihr Begleiter.Wir verf\u00fcgen \u00fcber kostenlose [&hellip;]\" \/>\n<meta name=\"twitter:image\" content=\"https:\/\/cotefontaine.be\/cf-de\/wp-content\/uploads\/2018\/07\/PouceV.png\" \/>\n<meta name=\"twitter:label1\" content=\"Dur\u00e9e de lecture est.\" \/>\n\t<meta name=\"twitter:data1\" content=\"5 minutes\" \/>\n<script type=\"application\/ld+json\" class=\"yoast-schema-graph\">{\"@context\":\"https:\/\/schema.org\",\"@graph\":[{\"@type\":\"WebPage\",\"@id\":\"https:\/\/cotefontaine.be\/cf-de\/uber-uns\/\",\"url\":\"https:\/\/cotefontaine.be\/cf-de\/uber-uns\/\",\"name\":\"\u00dcber uns - NAMUR Zimmer frei mit Fr\u00fchst\u00fcck *** B AND B - C\u00f4t\u00e9 Fontaine class\u00e9 3 \u00e9pis ***\",\"isPartOf\":{\"@id\":\"https:\/\/cotefontaine.be\/cf-de\/#website\"},\"primaryImageOfPage\":{\"@id\":\"https:\/\/cotefontaine.be\/cf-de\/uber-uns\/#primaryimage\"},\"image\":{\"@id\":\"https:\/\/cotefontaine.be\/cf-de\/uber-uns\/#primaryimage\"},\"thumbnailUrl\":\"https:\/\/cotefontaine.be\/cf-de\/wp-content\/uploads\/2018\/07\/PouceV.png\",\"datePublished\":\"2023-05-05T17:26:36+00:00\",\"dateModified\":\"2025-08-29T15:49:19+00:00\",\"breadcrumb\":{\"@id\":\"https:\/\/cotefontaine.be\/cf-de\/uber-uns\/#breadcrumb\"},\"inLanguage\":\"fr-BE\",\"potentialAction\":[{\"@type\":\"ReadAction\",\"target\":[\"https:\/\/cotefontaine.be\/cf-de\/uber-uns\/\"]}]},{\"@type\":\"ImageObject\",\"inLanguage\":\"fr-BE\",\"@id\":\"https:\/\/cotefontaine.be\/cf-de\/uber-uns\/#primaryimage\",\"url\":\"https:\/\/cotefontaine.be\/cf-de\/wp-content\/uploads\/2018\/07\/PouceV.png\",\"contentUrl\":\"https:\/\/cotefontaine.be\/cf-de\/wp-content\/uploads\/2018\/07\/PouceV.png\",\"width\":60,\"height\":58,\"caption\":\"Recommand\u00e9\"},{\"@type\":\"BreadcrumbList\",\"@id\":\"https:\/\/cotefontaine.be\/cf-de\/uber-uns\/#breadcrumb\",\"itemListElement\":[{\"@type\":\"ListItem\",\"position\":1,\"name\":\"Accueil\",\"item\":\"https:\/\/cotefontaine.be\/cf-de\/\"},{\"@type\":\"ListItem\",\"position\":2,\"name\":\"\u00dcber uns\"}]},{\"@type\":\"WebSite\",\"@id\":\"https:\/\/cotefontaine.be\/cf-de\/#website\",\"url\":\"https:\/\/cotefontaine.be\/cf-de\/\",\"name\":\"NAMUR CHAMBRES D&#039;HOTES *** B AND B - C\u00f4t\u00e9 Fontaine class\u00e9 3 \u00e9pis ***\",\"description\":\"Qualit\u00e4t, ruhig, komfortabel, privater Parkplatz, WLAN und kostenloses Fr\u00fchst\u00fcck\",\"potentialAction\":[{\"@type\":\"SearchAction\",\"target\":{\"@type\":\"EntryPoint\",\"urlTemplate\":\"https:\/\/cotefontaine.be\/cf-de\/?s={search_term_string}\"},\"query-input\":{\"@type\":\"PropertyValueSpecification\",\"valueRequired\":true,\"valueName\":\"search_term_string\"}}],\"inLanguage\":\"fr-BE\"}]}<\/script>\n<!-- \/ Yoast SEO plugin. -->","yoast_head_json":{"title":"\u00dcber uns - NAMUR Zimmer frei mit Fr\u00fchst\u00fcck *** B AND B - C\u00f4t\u00e9 Fontaine class\u00e9 3 \u00e9pis ***","robots":{"index":"index","follow":"follow","max-snippet":"max-snippet:-1","max-image-preview":"max-image-preview:large","max-video-preview":"max-video-preview:-1"},"canonical":"https:\/\/cotefontaine.be\/cf-de\/uber-uns\/","twitter_card":"summary_large_image","twitter_title":"\u00dcber uns - NAMUR Zimmer frei mit Fr\u00fchst\u00fcck *** B AND B - C\u00f4t\u00e9 Fontaine class\u00e9 3 \u00e9pis ***","twitter_description":"\u00dcber uns6 km von Namur2 km von der Autobahn1 km von Ravel und dem Jakobsweg Hoch oben in der Ruhe und Stille der \u00fcppigen Landschaft von Namur, im Dorf Cognel\u00e9e, werden Sie in einem gem\u00fctlichen, blumengeschm\u00fcckten Haus herzlich und pers\u00f6nlich empfangen. Bei uns ist die Sonne das ganze Jahr \u00fcber Ihr Begleiter.Wir verf\u00fcgen \u00fcber kostenlose [&hellip;]","twitter_image":"https:\/\/cotefontaine.be\/cf-de\/wp-content\/uploads\/2018\/07\/PouceV.png","twitter_misc":{"Dur\u00e9e de lecture est.":"5 minutes"},"schema":{"@context":"https:\/\/schema.org","@graph":[{"@type":"WebPage","@id":"https:\/\/cotefontaine.be\/cf-de\/uber-uns\/","url":"https:\/\/cotefontaine.be\/cf-de\/uber-uns\/","name":"\u00dcber uns - NAMUR Zimmer frei mit Fr\u00fchst\u00fcck *** B AND B - C\u00f4t\u00e9 Fontaine class\u00e9 3 \u00e9pis ***","isPartOf":{"@id":"https:\/\/cotefontaine.be\/cf-de\/#website"},"primaryImageOfPage":{"@id":"https:\/\/cotefontaine.be\/cf-de\/uber-uns\/#primaryimage"},"image":{"@id":"https:\/\/cotefontaine.be\/cf-de\/uber-uns\/#primaryimage"},"thumbnailUrl":"https:\/\/cotefontaine.be\/cf-de\/wp-content\/uploads\/2018\/07\/PouceV.png","datePublished":"2023-05-05T17:26:36+00:00","dateModified":"2025-08-29T15:49:19+00:00","breadcrumb":{"@id":"https:\/\/cotefontaine.be\/cf-de\/uber-uns\/#breadcrumb"},"inLanguage":"fr-BE","potentialAction":[{"@type":"ReadAction","target":["https:\/\/cotefontaine.be\/cf-de\/uber-uns\/"]}]},{"@type":"ImageObject","inLanguage":"fr-BE","@id":"https:\/\/cotefontaine.be\/cf-de\/uber-uns\/#primaryimage","url":"https:\/\/cotefontaine.be\/cf-de\/wp-content\/uploads\/2018\/07\/PouceV.png","contentUrl":"https:\/\/cotefontaine.be\/cf-de\/wp-content\/uploads\/2018\/07\/PouceV.png","width":60,"height":58,"caption":"Recommand\u00e9"},{"@type":"BreadcrumbList","@id":"https:\/\/cotefontaine.be\/cf-de\/uber-uns\/#breadcrumb","itemListElement":[{"@type":"ListItem","position":1,"name":"Accueil","item":"https:\/\/cotefontaine.be\/cf-de\/"},{"@type":"ListItem","position":2,"name":"\u00dcber uns"}]},{"@type":"WebSite","@id":"https:\/\/cotefontaine.be\/cf-de\/#website","url":"https:\/\/cotefontaine.be\/cf-de\/","name":"NAMUR CHAMBRES D&#039;HOTES *** B AND B - C\u00f4t\u00e9 Fontaine class\u00e9 3 \u00e9pis ***","description":"Qualit\u00e4t, ruhig, komfortabel, privater Parkplatz, WLAN und kostenloses Fr\u00fchst\u00fcck","potentialAction":[{"@type":"SearchAction","target":{"@type":"EntryPoint","urlTemplate":"https:\/\/cotefontaine.be\/cf-de\/?s={search_term_string}"},"query-input":{"@type":"PropertyValueSpecification","valueRequired":true,"valueName":"search_term_string"}}],"inLanguage":"fr-BE"}]}},"_links":{"self":[{"href":"https:\/\/cotefontaine.be\/cf-de\/wp-json\/wp\/v2\/pages\/4574","targetHints":{"allow":["GET"]}}],"collection":[{"href":"https:\/\/cotefontaine.be\/cf-de\/wp-json\/wp\/v2\/pages"}],"about":[{"href":"https:\/\/cotefontaine.be\/cf-de\/wp-json\/wp\/v2\/types\/page"}],"author":[{"embeddable":true,"href":"https:\/\/cotefontaine.be\/cf-de\/wp-json\/wp\/v2\/users\/1"}],"replies":[{"embeddable":true,"href":"https:\/\/cotefontaine.be\/cf-de\/wp-json\/wp\/v2\/comments?post=4574"}],"version-history":[{"count":10,"href":"https:\/\/cotefontaine.be\/cf-de\/wp-json\/wp\/v2\/pages\/4574\/revisions"}],"predecessor-version":[{"id":5295,"href":"https:\/\/cotefontaine.be\/cf-de\/wp-json\/wp\/v2\/pages\/4574\/revisions\/5295"}],"wp:attachment":[{"href":"https:\/\/cotefontaine.be\/cf-de\/wp-json\/wp\/v2\/media?parent=4574"}],"curies":[{"name":"wp","href":"https:\/\/api.w.org\/{rel}","templated":true}]}}