{"id":4982,"date":"2023-06-12T18:12:34","date_gmt":"2023-06-12T16:12:34","guid":{"rendered":"https:\/\/cotefontaine.be\/cf-de\/?page_id=4982"},"modified":"2025-08-29T17:58:40","modified_gmt":"2025-08-29T15:58:40","slug":"fotogalerie","status":"publish","type":"page","link":"https:\/\/cotefontaine.be\/cf-de\/fotogalerie\/","title":{"rendered":"Fotogalerie"},"content":{"rendered":"<p>[et_pb_section fb_built=\u00a0\u00bb1&Prime; _builder_version=\u00a0\u00bb4.21.0&Prime; _module_preset=\u00a0\u00bbdefault\u00a0\u00bb min_height=\u00a0\u00bb1335.8px\u00a0\u00bb custom_margin=\u00a0\u00bb-111px|||||\u00a0\u00bb global_colors_info=\u00a0\u00bb{}\u00a0\u00bb][et_pb_row use_custom_gutter=\u00a0\u00bbon\u00a0\u00bb gutter_width=\u00a0\u00bb1&Prime; make_equal=\u00a0\u00bbon\u00a0\u00bb _builder_version=\u00a0\u00bb4.21.0&Prime; _module_preset=\u00a0\u00bbdefault\u00a0\u00bb custom_padding=\u00a0\u00bb570px|||||\u00a0\u00bb global_colors_info=\u00a0\u00bb{}\u00a0\u00bb][et_pb_column type=\u00a0\u00bb4_4&Prime; _builder_version=\u00a0\u00bb4.21.0&Prime; _module_preset=\u00a0\u00bbdefault\u00a0\u00bb global_colors_info=\u00a0\u00bb{}\u00a0\u00bb][et_pb_text _builder_version=\u00a0\u00bb4.27.4&Prime; _module_preset=\u00a0\u00bbdefault\u00a0\u00bb custom_margin=\u00a0\u00bb-414px||||false|false\u00a0\u00bb global_colors_info=\u00a0\u00bb{}\u00a0\u00bb]<\/p>\n<h2 style=\"text-align: center;\"><strong>Fotogalerie der G\u00e4stezimmer\u00a0C\u00f4t\u00e9 Fontaine<\/p>\n<p><\/strong><\/h2>\n<p>[\/et_pb_text][et_pb_gallery gallery_ids=\u00a0\u00bb4984,4988,4191,4206,4236,4985,4132,4195,4207,4204,4201,4200,4194,4193,4006,4192,4952,4203,4190,4196,4189,4198,4256&Prime; posts_number=\u00a0\u00bb24&Prime; show_title_and_caption=\u00a0\u00bboff\u00a0\u00bb show_pagination=\u00a0\u00bboff\u00a0\u00bb hover_overlay_color=\u00a0\u00bbrgba(19,54,249,0.36)\u00a0\u00bb hover_icon=\u00a0\u00bb&#x54;||divi||400&Prime; _builder_version=\u00a0\u00bb4.21.0&Prime; _module_preset=\u00a0\u00bbdefault\u00a0\u00bb border_radii_image=\u00a0\u00bbon|10px|10px|10px|10px\u00a0\u00bb border_width_all_image=\u00a0\u00bb3px\u00a0\u00bb border_color_all_image=\u00a0\u00bbRGBA(255,255,255,0)\u00a0\u00bb global_colors_info=\u00a0\u00bb{}\u00a0\u00bb][\/et_pb_gallery][\/et_pb_column][\/et_pb_row][\/et_pb_section]<\/p>\n","protected":false},"excerpt":{"rendered":"<p>Fotogalerie der G\u00e4stezimmer\u00a0C\u00f4t\u00e9 Fontaine<\/p>\n","protected":false},"author":1,"featured_media":0,"parent":0,"menu_order":0,"comment_status":"closed","ping_status":"closed","template":"","meta":{"_et_pb_use_builder":"on","_et_pb_old_content":"","_et_gb_content_width":"","footnotes":""},"class_list":["post-4982","page","type-page","status-publish","hentry"],"yoast_head":"<!-- This site is optimized with the Yoast SEO plugin v25.8 - https:\/\/yoast.com\/wordpress\/plugins\/seo\/ -->\n<title>Fotogalerie - NAMUR Zimmer frei mit Fr\u00fchst\u00fcck *** B AND B - C\u00f4t\u00e9 Fontaine class\u00e9 3 \u00e9pis ***<\/title>\n<meta name=\"robots\" content=\"index, follow, max-snippet:-1, max-image-preview:large, max-video-preview:-1\" \/>\n<link rel=\"canonical\" href=\"https:\/\/cotefontaine.be\/cf-de\/fotogalerie\/\" \/>\n<meta name=\"twitter:card\" content=\"summary_large_image\" \/>\n<meta name=\"twitter:title\" content=\"Fotogalerie - NAMUR Zimmer frei mit Fr\u00fchst\u00fcck *** B AND B - C\u00f4t\u00e9 Fontaine class\u00e9 3 \u00e9pis ***\" \/>\n<meta name=\"twitter:description\" content=\"Fotogalerie der G\u00e4stezimmer\u00a0C\u00f4t\u00e9 Fontaine\" \/>\n<meta name=\"twitter:label1\" content=\"Dur\u00e9e de lecture est.\" \/>\n\t<meta name=\"twitter:data1\" content=\"1 minute\" \/>\n<script type=\"application\/ld+json\" class=\"yoast-schema-graph\">{\"@context\":\"https:\/\/schema.org\",\"@graph\":[{\"@type\":\"WebPage\",\"@id\":\"https:\/\/cotefontaine.be\/cf-de\/fotogalerie\/\",\"url\":\"https:\/\/cotefontaine.be\/cf-de\/fotogalerie\/\",\"name\":\"Fotogalerie - NAMUR Zimmer frei mit Fr\u00fchst\u00fcck *** B AND B - C\u00f4t\u00e9 Fontaine class\u00e9 3 \u00e9pis ***\",\"isPartOf\":{\"@id\":\"https:\/\/cotefontaine.be\/cf-de\/#website\"},\"datePublished\":\"2023-06-12T16:12:34+00:00\",\"dateModified\":\"2025-08-29T15:58:40+00:00\",\"breadcrumb\":{\"@id\":\"https:\/\/cotefontaine.be\/cf-de\/fotogalerie\/#breadcrumb\"},\"inLanguage\":\"fr-BE\",\"potentialAction\":[{\"@type\":\"ReadAction\",\"target\":[\"https:\/\/cotefontaine.be\/cf-de\/fotogalerie\/\"]}]},{\"@type\":\"BreadcrumbList\",\"@id\":\"https:\/\/cotefontaine.be\/cf-de\/fotogalerie\/#breadcrumb\",\"itemListElement\":[{\"@type\":\"ListItem\",\"position\":1,\"name\":\"Accueil\",\"item\":\"https:\/\/cotefontaine.be\/cf-de\/\"},{\"@type\":\"ListItem\",\"position\":2,\"name\":\"Fotogalerie\"}]},{\"@type\":\"WebSite\",\"@id\":\"https:\/\/cotefontaine.be\/cf-de\/#website\",\"url\":\"https:\/\/cotefontaine.be\/cf-de\/\",\"name\":\"NAMUR CHAMBRES D&#039;HOTES *** B AND B - C\u00f4t\u00e9 Fontaine class\u00e9 3 \u00e9pis ***\",\"description\":\"Qualit\u00e4t, ruhig, komfortabel, privater Parkplatz, WLAN und kostenloses Fr\u00fchst\u00fcck\",\"potentialAction\":[{\"@type\":\"SearchAction\",\"target\":{\"@type\":\"EntryPoint\",\"urlTemplate\":\"https:\/\/cotefontaine.be\/cf-de\/?s={search_term_string}\"},\"query-input\":{\"@type\":\"PropertyValueSpecification\",\"valueRequired\":true,\"valueName\":\"search_term_string\"}}],\"inLanguage\":\"fr-BE\"}]}<\/script>\n<!-- \/ Yoast SEO plugin. -->","yoast_head_json":{"title":"Fotogalerie - NAMUR Zimmer frei mit Fr\u00fchst\u00fcck *** B AND B - C\u00f4t\u00e9 Fontaine class\u00e9 3 \u00e9pis ***","robots":{"index":"index","follow":"follow","max-snippet":"max-snippet:-1","max-image-preview":"max-image-preview:large","max-video-preview":"max-video-preview:-1"},"canonical":"https:\/\/cotefontaine.be\/cf-de\/fotogalerie\/","twitter_card":"summary_large_image","twitter_title":"Fotogalerie - NAMUR Zimmer frei mit Fr\u00fchst\u00fcck *** B AND B - C\u00f4t\u00e9 Fontaine class\u00e9 3 \u00e9pis ***","twitter_description":"Fotogalerie der G\u00e4stezimmer\u00a0C\u00f4t\u00e9 Fontaine","twitter_misc":{"Dur\u00e9e de lecture est.":"1 minute"},"schema":{"@context":"https:\/\/schema.org","@graph":[{"@type":"WebPage","@id":"https:\/\/cotefontaine.be\/cf-de\/fotogalerie\/","url":"https:\/\/cotefontaine.be\/cf-de\/fotogalerie\/","name":"Fotogalerie - NAMUR Zimmer frei mit Fr\u00fchst\u00fcck *** B AND B - C\u00f4t\u00e9 Fontaine class\u00e9 3 \u00e9pis ***","isPartOf":{"@id":"https:\/\/cotefontaine.be\/cf-de\/#website"},"datePublished":"2023-06-12T16:12:34+00:00","dateModified":"2025-08-29T15:58:40+00:00","breadcrumb":{"@id":"https:\/\/cotefontaine.be\/cf-de\/fotogalerie\/#breadcrumb"},"inLanguage":"fr-BE","potentialAction":[{"@type":"ReadAction","target":["https:\/\/cotefontaine.be\/cf-de\/fotogalerie\/"]}]},{"@type":"BreadcrumbList","@id":"https:\/\/cotefontaine.be\/cf-de\/fotogalerie\/#breadcrumb","itemListElement":[{"@type":"ListItem","position":1,"name":"Accueil","item":"https:\/\/cotefontaine.be\/cf-de\/"},{"@type":"ListItem","position":2,"name":"Fotogalerie"}]},{"@type":"WebSite","@id":"https:\/\/cotefontaine.be\/cf-de\/#website","url":"https:\/\/cotefontaine.be\/cf-de\/","name":"NAMUR CHAMBRES D&#039;HOTES *** B AND B - C\u00f4t\u00e9 Fontaine class\u00e9 3 \u00e9pis ***","description":"Qualit\u00e4t, ruhig, komfortabel, privater Parkplatz, WLAN und kostenloses Fr\u00fchst\u00fcck","potentialAction":[{"@type":"SearchAction","target":{"@type":"EntryPoint","urlTemplate":"https:\/\/cotefontaine.be\/cf-de\/?s={search_term_string}"},"query-input":{"@type":"PropertyValueSpecification","valueRequired":true,"valueName":"search_term_string"}}],"inLanguage":"fr-BE"}]}},"_links":{"self":[{"href":"https:\/\/cotefontaine.be\/cf-de\/wp-json\/wp\/v2\/pages\/4982","targetHints":{"allow":["GET"]}}],"collection":[{"href":"https:\/\/cotefontaine.be\/cf-de\/wp-json\/wp\/v2\/pages"}],"about":[{"href":"https:\/\/cotefontaine.be\/cf-de\/wp-json\/wp\/v2\/types\/page"}],"author":[{"embeddable":true,"href":"https:\/\/cotefontaine.be\/cf-de\/wp-json\/wp\/v2\/users\/1"}],"replies":[{"embeddable":true,"href":"https:\/\/cotefontaine.be\/cf-de\/wp-json\/wp\/v2\/comments?post=4982"}],"version-history":[{"count":10,"href":"https:\/\/cotefontaine.be\/cf-de\/wp-json\/wp\/v2\/pages\/4982\/revisions"}],"predecessor-version":[{"id":5320,"href":"https:\/\/cotefontaine.be\/cf-de\/wp-json\/wp\/v2\/pages\/4982\/revisions\/5320"}],"wp:attachment":[{"href":"https:\/\/cotefontaine.be\/cf-de\/wp-json\/wp\/v2\/media?parent=4982"}],"curies":[{"name":"wp","href":"https:\/\/api.w.org\/{rel}","templated":true}]}}