{"id":9,"date":"2017-10-12T20:07:53","date_gmt":"2017-10-12T18:07:53","guid":{"rendered":"http:\/\/cotefontaine.be\/cf-de\/?page_id=9"},"modified":"2025-09-20T14:06:45","modified_gmt":"2025-09-20T12:06:45","slug":"kontakt","status":"publish","type":"page","link":"https:\/\/cotefontaine.be\/cf-de\/kontakt\/","title":{"rendered":"Kontakt"},"content":{"rendered":"<p>[et_pb_section fb_built=\u00a0\u00bb1&Prime; admin_label=\u00a0\u00bbsection\u00a0\u00bb _builder_version=\u00a0\u00bb4.27.4&Prime; background_color=\u00a0\u00bb#FFFFFF\u00a0\u00bb max_width=\u00a0\u00bb100%\u00a0\u00bb module_alignment=\u00a0\u00bbcenter\u00a0\u00bb custom_margin=\u00a0\u00bb|0px||0px|false|false\u00a0\u00bb hover_enabled=\u00a0\u00bb0&Prime; global_colors_info=\u00a0\u00bb{}\u00a0\u00bb link_option_url_new_window=\u00a0\u00bbon\u00a0\u00bb sticky_enabled=\u00a0\u00bb0&Prime;][et_pb_row make_equal=\u00a0\u00bbon\u00a0\u00bb admin_label=\u00a0\u00bbrow\u00a0\u00bb _builder_version=\u00a0\u00bb4.16&Prime; background_color=\u00a0\u00bbrgba(112,112,112,0)\u00a0\u00bb background_size=\u00a0\u00bbinitial\u00a0\u00bb background_position=\u00a0\u00bbtop_left\u00a0\u00bb background_repeat=\u00a0\u00bbrepeat\u00a0\u00bb width=\u00a0\u00bb100%\u00a0\u00bb module_alignment=\u00a0\u00bbcenter\u00a0\u00bb custom_margin=\u00a0\u00bb-148px|auto||auto||\u00a0\u00bb custom_padding=\u00a0\u00bb19.858px|0|19.858px|0px|false|false\u00a0\u00bb custom_width_px=\u00a0\u00bb1037px\u00a0\u00bb global_colors_info=\u00a0\u00bb{}\u00a0\u00bb][et_pb_column type=\u00a0\u00bb4_4&Prime; _builder_version=\u00a0\u00bb4.16&Prime; background_color=\u00a0\u00bbrgba(255,255,255,0)\u00a0\u00bb custom_padding=\u00a0\u00bb|||\u00a0\u00bb global_colors_info=\u00a0\u00bb{}\u00a0\u00bb custom_padding__hover=\u00a0\u00bb|||\u00a0\u00bb][et_pb_text _builder_version=\u00a0\u00bb4.21.0&Prime; _module_preset=\u00a0\u00bbdefault\u00a0\u00bb text_font=\u00a0\u00bb|800|||||||\u00a0\u00bb text_font_size=\u00a0\u00bb53px\u00a0\u00bb header_2_font=\u00a0\u00bb||||||||\u00a0\u00bb header_2_font_size=\u00a0\u00bb62px\u00a0\u00bb global_colors_info=\u00a0\u00bb{}\u00a0\u00bb]<\/p>\n<h2 style=\"text-align: center;\">Contact<\/h2>\n<p>[\/et_pb_text][et_pb_text admin_label=\u00a0\u00bbText\u00a0\u00bb _builder_version=\u00a0\u00bb4.27.4&Prime; text_text_color=\u00a0\u00bbRGBA(28,28,28,0.99)\u00a0\u00bb header_2_font_size=\u00a0\u00bb20px\u00a0\u00bb background_color=\u00a0\u00bbrgba(255,255,255,0.98)\u00a0\u00bb background_size=\u00a0\u00bbinitial\u00a0\u00bb background_position=\u00a0\u00bbtop_left\u00a0\u00bb background_repeat=\u00a0\u00bbrepeat\u00a0\u00bb width=\u00a0\u00bb89.7%\u00a0\u00bb custom_margin=\u00a0\u00bb0px|20px|20px|20px|false|false\u00a0\u00bb custom_padding=\u00a0\u00bb0px|20px|0px|20px|false|false\u00a0\u00bb hover_enabled=\u00a0\u00bb0&Prime; global_colors_info=\u00a0\u00bb{}\u00a0\u00bb sticky_enabled=\u00a0\u00bb0&Prime;]<\/p>\n<p><span style=\"color: #0000ff;\"><strong style=\"font-size: medium;\"><span style=\"vertical-align: inherit;\"><span style=\"vertical-align: inherit;\"><span style=\"vertical-align: inherit;\"><span style=\"vertical-align: inherit;\"><span style=\"font-size: xx-large;\">G\u00e4stezimmer C\u00f4t\u00e9 Fontaine ***<\/span><\/span><\/span><\/span><\/span><\/strong><\/span><\/p>\n<blockquote>\n<h1><span style=\"color: #0000ff;\"><span style=\"font-size: x-large;\"><span style=\"font-size: large;\">43 Rue de la Fontaine<br \/><\/span><\/span><span style=\"font-size: x-large;\"><span style=\"vertical-align: inherit;\"><span style=\"vertical-align: inherit;\"><span style=\"vertical-align: inherit;\"><span style=\"vertical-align: inherit;\"><span style=\"font-size: large;\">5022 COGNELEE &#8211; NAMUR<\/span><br \/><\/span><\/span><\/span><\/span><span style=\"font-size: large;\"><span style=\"vertical-align: inherit;\"><span style=\"vertical-align: inherit;\"><span style=\"vertical-align: inherit;\"><span style=\"vertical-align: inherit;\">T\u00e9l. <\/span><\/span><\/span><span style=\"vertical-align: inherit;\"><span style=\"vertical-align: inherit;\"><span style=\"vertical-align: inherit;\">: <\/span><\/span><\/span><\/span> <span style=\"vertical-align: inherit;\"><span style=\"vertical-align: inherit;\"><span style=\"vertical-align: inherit;\"><span style=\"vertical-align: inherit;\">0032 (0) 81 200 475\u00a0 \u00a0 \u00a0 Mobiltelefon<\/span><\/span><\/span><\/span><span style=\"vertical-align: inherit;\"><span style=\"vertical-align: inherit;\"><span style=\"vertical-align: inherit;\"><span style=\"vertical-align: inherit;\">\u00a0: <\/span><\/span><\/span><\/span> <span style=\"vertical-align: inherit;\"><span style=\"vertical-align: inherit;\"><span style=\"vertical-align: inherit;\"><span style=\"vertical-align: inherit;\">+32 478 63 93 88<\/span><\/span><\/span><\/span><\/span><\/span><\/span><\/h1>\n<h4><span style=\"font-size: large;\"><strong style=\"color: #333333;\"><span style=\"vertical-align: inherit;\"><span style=\"vertical-align: inherit;\"><span style=\"vertical-align: inherit;\"><span style=\"vertical-align: inherit;\"><span style=\"color: #0000ff;\">Die Zimmer stehen Ihnen von 17:00 bis 22:00 Uhr zur Verf\u00fcgung.<\/span><br \/><\/span><\/span><\/span><\/span><\/strong><span style=\"color: #333333;\"><strong><span style=\"vertical-align: inherit;\"><span style=\"vertical-align: inherit;\"><span style=\"vertical-align: inherit;\"><span style=\"vertical-align: inherit;\"><span style=\"color: #188e16;\">Auf Wunsch k\u00f6nnen wir den Zeitplan nach M\u00f6glichkeit \u00e4ndern..<br \/><\/span><\/span><\/span><\/span><\/span><\/strong><\/span><\/span><\/h4>\n<p><strong><\/strong><span style=\"color: #0000ff;\"><span style=\"vertical-align: inherit;\"><span style=\"vertical-align: inherit;\"><span style=\"vertical-align: inherit;\"><span style=\"vertical-align: inherit;\">Sie k\u00f6nnen uns auch per E-Mail unter der unten angegebenen Adresse kontaktieren. Sollten Sie innerhalb von 24 Stunden keine Antwort erhalten, kontaktieren Sie uns bitte telefonisch. M\u00f6glicherweise liegt ein technisches Problem vor. Vielen Dank.<\/span><\/span><\/span><\/span><\/span><\/p>\n<\/blockquote>\n<p>[\/et_pb_text][et_pb_image src=\u00a0\u00bbhttps:\/\/cotefontaine.be\/cf-de\/wp-content\/uploads\/2023\/05\/mail-jpg.webp\u00a0\u00bb title_text=\u00a0\u00bbmail\u00a0\u00bb align=\u00a0\u00bbcenter\u00a0\u00bb _builder_version=\u00a0\u00bb4.27.4&Prime; _module_preset=\u00a0\u00bbdefault\u00a0\u00bb global_colors_info=\u00a0\u00bb{}\u00a0\u00bb][\/et_pb_image][et_pb_text admin_label=\u00a0\u00bbText\u00a0\u00bb _builder_version=\u00a0\u00bb4.27.4&Prime; text_text_color=\u00a0\u00bbRGBA(28,28,28,0.99)\u00a0\u00bb header_2_font_size=\u00a0\u00bb20px\u00a0\u00bb background_color=\u00a0\u00bbrgba(255,255,255,0.98)\u00a0\u00bb background_size=\u00a0\u00bbinitial\u00a0\u00bb background_position=\u00a0\u00bbtop_left\u00a0\u00bb background_repeat=\u00a0\u00bbrepeat\u00a0\u00bb width=\u00a0\u00bb89.7%\u00a0\u00bb min_height=\u00a0\u00bb1292px\u00a0\u00bb custom_margin=\u00a0\u00bb0px|20px|20px|20px|false|false\u00a0\u00bb custom_padding=\u00a0\u00bb0px|20px|0px|20px|false|false\u00a0\u00bb global_colors_info=\u00a0\u00bb{}\u00a0\u00bb]<\/p>\n<p><span style=\"font-size: x-large; color: #0000ff;\"><strong>NameUm Informationen anzufordern oder eine Reservierung vorzunehmen :<\/strong><\/span><\/p>\n<blockquote>\n<p><span style=\"font-size: large; color: #0000ff;\"><strong>Zu \u00fcbermittelnde Informationen<\/strong> :<\/span><\/p>\n<\/blockquote>\n<ul>\n<li>\n<blockquote>\n<p><span style=\"color: #0000ff;\">Das Ankunftsdatum<\/span><\/p>\n<\/blockquote>\n<\/li>\n<li>\n<blockquote>\n<p><span style=\"font-size: large; color: #0000ff;\">Die Anzahl der Personen<\/span><\/p>\n<\/blockquote>\n<\/li>\n<li>\n<blockquote>\n<p><span style=\"color: #0000ff;\">Die Anzahl der N\u00e4chte<\/span><\/p>\n<\/blockquote>\n<\/li>\n<li>\n<blockquote>\n<p><span style=\"color: #0000ff;\">Die Anzahl der Zimmer, wenn Sie mehr als ein Zimmer w\u00fcnschen<\/span><\/p>\n<\/blockquote>\n<\/li>\n<li>\n<blockquote>\n<p><span style=\"font-size: large; color: #0000ff;\">Eine Handynummer ist w\u00fcnschenswert.<br \/>Wenn Sie eine E-Mail senden, antworten wir in der Regel noch am selben Tag und immer innerhalb von 24 Stunden.<br \/><\/span><\/p>\n<p><span style=\"color: #0000ff;\">Sollten Sie keine Antwort erhalten, liegt m\u00f6glicherweise ein technisches Problem vor.<\/span><\/p>\n<p><span style=\"color: #0000ff;\">Bitte rufen Sie uns an. Wir helfen Ihnen gerne weiter.<\/span><\/p>\n<p><span style=\"color: #0000ff;\">Sie k\u00f6nnen uns auch eine E-Mail senden. Wir geben Ihre Daten weder weiter noch verkaufen wir sie.<\/span><\/p>\n<\/blockquote>\n<\/li>\n<\/ul>\n<p><span style=\"color: #0000ff; font-size: medium;\"><span style=\"vertical-align: inherit;\"><span style=\"vertical-align: inherit;\"><span style=\"vertical-align: inherit;\"><span style=\"vertical-align: inherit;\"><\/span><\/span><\/span><\/span><\/span><\/p>\n<h3><span style=\"color: #0000ff;\"><link rel='stylesheet' id='formidable-css' href='https:\/\/cotefontaine.be\/cf-de\/wp-content\/plugins\/formidable\/css\/formidableforms.css?ver=8221617' type='text\/css' media='all' \/>\n<div class=\"frm_forms  with_frm_style frm_style_style-formidable\" id=\"frm_form_2_container\" >\n<form enctype=\"multipart\/form-data\" method=\"post\" class=\"frm-show-form \" id=\"form_-\" >\n<div class=\"frm_form_fields \">\n<fieldset>\n<legend class=\"frm_hidden\">Contactez nous<\/legend>\r\n\r\n<div class=\"frm_fields_container\">\n<input type=\"hidden\" name=\"frm_action\" value=\"create\" \/>\n<input type=\"hidden\" name=\"form_id\" value=\"2\" \/>\n<input type=\"hidden\" name=\"frm_hide_fields_2\" id=\"frm_hide_fields_2\" value=\"\" \/>\n<input type=\"hidden\" name=\"form_key\" value=\"-\" \/>\n<input type=\"hidden\" name=\"item_meta[0]\" value=\"\" \/>\n<input type=\"hidden\" id=\"frm_submit_entry_2\" name=\"frm_submit_entry_2\" value=\"f4e21f6272\" \/><input type=\"hidden\" name=\"_wp_http_referer\" value=\"\/cf-de\/wp-json\/wp\/v2\/pages\/9\" \/><div id=\"frm_field_6_container\" class=\"frm_form_field form-field  frm_required_field frm_top_container frm_full\">\r\n    <label for=\"field_qh4icy2\" class=\"frm_primary_label\">Name\r\n        <span class=\"frm_required\">*<\/span>\r\n    <\/label>\r\n    <input type=\"text\" id=\"field_qh4icy2\" name=\"item_meta[6]\" value=\"\"  data-reqmsg=\"Ce champ ne peut pas \u00eatre vide\" aria-required=\"true\" data-invmsg=\"Nom est non valide\" aria-invalid=\"false\"  \/>\r\n    \r\n    \r\n<\/div>\n<div id=\"frm_field_8_container\" class=\"frm_form_field form-field  frm_required_field frm_top_container frm_full\">\r\n    <label for=\"field_29yf4d2\" class=\"frm_primary_label\">Email\r\n        <span class=\"frm_required\">*<\/span>\r\n    <\/label>\r\n    <input type=\"email\" id=\"field_29yf4d2\" name=\"item_meta[8]\" value=\"\"  data-reqmsg=\"Ce champ ne peut pas \u00eatre vide\" aria-required=\"true\" data-invmsg=\"Please enter a valid email address\" aria-invalid=\"false\"  \/>\r\n    \r\n    \r\n<\/div>\n<div id=\"frm_field_9_container\" class=\"frm_form_field form-field  frm_required_field frm_top_container frm_full\">\r\n    <label for=\"field_e6lis62\" class=\"frm_primary_label\">Ihre Telefonnummer (vorzugsweise Mobil) mit Vorwahl\r\n        <span class=\"frm_required\">*<\/span>\r\n    <\/label>\r\n    <input type=\"text\" id=\"field_e6lis62\" name=\"item_meta[9]\" value=\"\"  data-reqmsg=\"Ce champ ne peut pas \u00eatre vide\" aria-required=\"true\" data-invmsg=\"Votre N\u00b0 de T\u00e9l\u00e9phone (portable de pr\u00e9f\u00e9rence) est non valide\" aria-invalid=\"false\"  \/>\r\n    \r\n    \r\n<\/div>\n<div id=\"frm_field_11_container\" class=\"frm_form_field form-field  frm_required_field frm_top_container vertical_radio\">\r\n    <label  class=\"frm_primary_label\">Aktivieren Sie das Kontrollk\u00e4stchen oder w\u00e4hlen Sie aus.\r\n        <span class=\"frm_required\">*<\/span>\r\n    <\/label>\r\n    <div class=\"frm_opt_container\">\t\t<div class=\"frm_checkbox\" id=\"frm_checkbox_11-0\">\t\t\t<label  for=\"field_2zep1-0\">\n\t\t\t<input type=\"checkbox\" name=\"item_meta[11][]\" id=\"field_2zep1-0\" value=\"Information\"  data-reqmsg=\"Ce champ ne peut pas \u00eatre vide\" data-invmsg=\"Aktivieren Sie das Kontrollk\u00e4stchen oder w\u00e4hlen Sie aus. est non valide\" aria-invalid=\"false\"   aria-required=\"true\"  \/> Information<\/label><\/div>\n\t\t<div class=\"frm_checkbox\" id=\"frm_checkbox_11-1\">\t\t\t<label  for=\"field_2zep1-1\">\n\t\t\t<input type=\"checkbox\" name=\"item_meta[11][]\" id=\"field_2zep1-1\" value=\"Verf\u00fcgbarkeit\"  data-reqmsg=\"Ce champ ne peut pas \u00eatre vide\" data-invmsg=\"Aktivieren Sie das Kontrollk\u00e4stchen oder w\u00e4hlen Sie aus. est non valide\" aria-invalid=\"false\"   \/> Verf\u00fcgbarkeit<\/label><\/div>\n\t\t<div class=\"frm_checkbox\" id=\"frm_checkbox_11-2\">\t\t\t<label  for=\"field_2zep1-2\">\n\t\t\t<input type=\"checkbox\" name=\"item_meta[11][]\" id=\"field_2zep1-2\" value=\"Reservierung\"  data-reqmsg=\"Ce champ ne peut pas \u00eatre vide\" data-invmsg=\"Aktivieren Sie das Kontrollk\u00e4stchen oder w\u00e4hlen Sie aus. est non valide\" aria-invalid=\"false\"   \/> Reservierung<\/label><\/div>\n\t\t<div class=\"frm_checkbox\" id=\"frm_checkbox_11-3\">\t\t\t<label  for=\"field_2zep1-3\">\n\t\t\t<input type=\"checkbox\" name=\"item_meta[11][]\" id=\"field_2zep1-3\" value=\"F\u00fcr Kundenrezensionen\"  data-reqmsg=\"Ce champ ne peut pas \u00eatre vide\" data-invmsg=\"Aktivieren Sie das Kontrollk\u00e4stchen oder w\u00e4hlen Sie aus. est non valide\" aria-invalid=\"false\"   \/> F\u00fcr Kundenrezensionen<\/label><\/div>\n<\/div>\r\n    \r\n    \r\n<\/div>\n<div id=\"frm_field_10_container\" class=\"frm_form_field form-field  frm_required_field frm_top_container frm_full\">\r\n    <label for=\"field_9jv0r12\" class=\"frm_primary_label\">Nachricht,\r\n        <span class=\"frm_required\">*<\/span>\r\n    <\/label>\r\n    <textarea name=\"item_meta[10]\" id=\"field_9jv0r12\" rows=\"12\"  style=\"width:900px\" cols=\"100\" data-frmval=\"Anreisedatum : \r\nAnzahl der N\u00e4chte : \r\nAnzahl der Person(en) :\r\nAnzahl der Zimmer :\r\nUngef\u00e4hre Ankunftszeit : \r\nIhre Nachricht :\r\n\" data-reqmsg=\"Ce champ ne peut pas \u00eatre vide\" aria-required=\"true\" data-invmsg=\"Nachricht, is invalid\" class=\"auto_width\" aria-invalid=\"false\"  >Anreisedatum : \r\nAnzahl der N\u00e4chte : \r\nAnzahl der Person(en) :\r\nAnzahl der Zimmer :\r\nUngef\u00e4hre Ankunftszeit : \r\nIhre Nachricht :\r\n<\/textarea>\r\n    \r\n    \r\n<\/div>\n<div id=\"frm_field_13_container\" class=\"frm_form_field form-field  frm_none_container\">\r\n    <label for=\"g-recaptcha-response\" class=\"frm_primary_label\">reCAPTCHA\r\n        <span class=\"frm_required\"><\/span>\r\n    <\/label>\r\n    <div  id=\"field_t0wh0\" class=\"frm-g-recaptcha\" data-sitekey=\"6LfwXjsUAAAAAPfsB6IIJKWXL6JOU0Zoi-A60URK\" data-size=\"normal\" data-theme=\"light\"><\/div>\r\n    \r\n    \r\n<\/div>\n<div id=\"frm_field_17_container\" class=\"frm_form_field form-field \">\n\t<div class=\"frm_submit\">\r\n\r\n<button class=\"frm_button_submit\" type=\"submit\"  >Anfrage senden<\/button>\r\n\r\n<\/div>\n<\/div>\n\t<input type=\"hidden\" name=\"item_key\" value=\"\" \/>\n\t\t\t<div id=\"frm_field_18_container\">\n\t\t\t<label for=\"field_1xb2o\" >\n\t\t\t\tIf you are human, leave this field blank.\t\t\t<\/label>\n\t\t\t<input  id=\"field_1xb2o\" type=\"text\" class=\"frm_form_field form-field frm_verify\" name=\"item_meta[18]\" value=\"\"  \/>\n\t\t<\/div>\n\t\t<input name=\"frm_state\" type=\"hidden\" value=\"qDZ5k79Z2a7+gzdDc\/5JCmwC1CbMb\/6vBMHtMLAwhU4=\" \/><\/div>\n<\/fieldset>\n<\/div>\n\n<p style=\"display: none !important;\" class=\"akismet-fields-container\" data-prefix=\"ak_\"><label>&#916;<textarea name=\"ak_hp_textarea\" cols=\"45\" rows=\"8\" maxlength=\"100\"><\/textarea><\/label><input type=\"hidden\" id=\"ak_js_1\" name=\"ak_js\" value=\"29\"\/><script>document.getElementById( \"ak_js_1\" ).setAttribute( \"value\", ( new Date() ).getTime() );<\/script><\/p><\/form>\n<\/div>\n<\/span><\/h3>\n<p>[\/et_pb_text][et_pb_text _builder_version=\u00a0\u00bb4.27.4&Prime; _module_preset=\u00a0\u00bbdefault\u00a0\u00bb custom_padding=\u00a0\u00bb20px|50px|0px|50px|false|false\u00a0\u00bb global_colors_info=\u00a0\u00bb{}\u00a0\u00bb]<\/p>\n<h5><span style=\"color: #0000ff;\">Datenschutzerkl\u00e4rung:<\/span><br \/><span style=\"color: #0000ff;\">Ihre Informationen und Daten werden weder ausgetauscht, weitergegeben noch verkauft.<\/span><br \/><span style=\"color: #0000ff;\">Sie dienen ausschlie\u00dflich der Kommunikation zwischen Ihnen und uns und werden f\u00fcr die zur Bearbeitung Ihrer Anfrage erforderliche Zeit verwendet.<\/span><br \/><span style=\"color: #0000ff;\">Sollten wir Ihrer Anfrage nicht nachkommen k\u00f6nnen, werden Ihre Daten umgehend gel\u00f6scht.<\/span><br \/><span style=\"color: #0000ff;\">Diese Website verwendet zwei \u201etechnische\u201c Cookies (sie werden vom Host generiert und unterliegen nicht der DSGVO), die die Client-Umleitung auf denselben Server und\/oder den Lastenausgleich erm\u00f6glichen.<\/span><\/h5>\n<p>[\/et_pb_text][\/et_pb_column][\/et_pb_row][\/et_pb_section]<\/p>\n","protected":false},"excerpt":{"rendered":"<p>ContactG\u00e4stezimmer C\u00f4t\u00e9 Fontaine *** 43 Rue de la Fontaine5022 COGNELEE &#8211; NAMURT\u00e9l. : 0032 (0) 81 200 475\u00a0 \u00a0 \u00a0 Mobiltelefon\u00a0: +32 478 63 93 88 Die Zimmer stehen Ihnen von 17:00 bis 22:00 Uhr zur Verf\u00fcgung.Auf Wunsch k\u00f6nnen wir den Zeitplan nach M\u00f6glichkeit \u00e4ndern.. Sie k\u00f6nnen uns auch per E-Mail unter der unten angegebenen [&hellip;]<\/p>\n","protected":false},"author":1,"featured_media":85,"parent":0,"menu_order":0,"comment_status":"closed","ping_status":"closed","template":"","meta":{"_et_pb_use_builder":"on","_et_pb_old_content":"C\u00f4t\u00e9 Fontaine Chambres d'h\u00f4tes\r\n\r\nRue de la Fontaine 43\r\n5022 COGNELEE - NAMUR\r\n\r\nT\u00e9l. : 0032 (0)81 200 475\r\nPortable : +32 478 63 93 88\r\n[formidable id=\"2\"]","_et_gb_content_width":"","footnotes":""},"class_list":["post-9","page","type-page","status-publish","has-post-thumbnail","hentry"],"yoast_head":"<!-- This site is optimized with the Yoast SEO plugin v25.8 - https:\/\/yoast.com\/wordpress\/plugins\/seo\/ -->\n<title>Kontakt - NAMUR Zimmer frei mit Fr\u00fchst\u00fcck *** B AND B - C\u00f4t\u00e9 Fontaine class\u00e9 3 \u00e9pis ***<\/title>\n<meta name=\"robots\" content=\"index, follow, max-snippet:-1, max-image-preview:large, max-video-preview:-1\" \/>\n<link rel=\"canonical\" href=\"https:\/\/cotefontaine.be\/cf-de\/kontakt\/\" \/>\n<meta name=\"twitter:card\" content=\"summary_large_image\" \/>\n<meta name=\"twitter:title\" content=\"Kontakt - NAMUR Zimmer frei mit Fr\u00fchst\u00fcck *** B AND B - C\u00f4t\u00e9 Fontaine class\u00e9 3 \u00e9pis ***\" \/>\n<meta name=\"twitter:description\" content=\"ContactG\u00e4stezimmer C\u00f4t\u00e9 Fontaine *** 43 Rue de la Fontaine5022 COGNELEE - NAMURT\u00e9l. : 0032 (0) 81 200 475\u00a0 \u00a0 \u00a0 Mobiltelefon\u00a0: +32 478 63 93 88 Die Zimmer stehen Ihnen von 17:00 bis 22:00 Uhr zur Verf\u00fcgung.Auf Wunsch k\u00f6nnen wir den Zeitplan nach M\u00f6glichkeit \u00e4ndern.. Sie k\u00f6nnen uns auch per E-Mail unter der unten angegebenen [&hellip;]\" \/>\n<meta name=\"twitter:image\" content=\"https:\/\/cotefontaine.be\/cf-de\/wp-content\/uploads\/2017\/10\/DSC_0451.jpg\" \/>\n<meta name=\"twitter:label1\" content=\"Dur\u00e9e de lecture est.\" \/>\n\t<meta name=\"twitter:data1\" content=\"3 minutes\" \/>\n<script type=\"application\/ld+json\" class=\"yoast-schema-graph\">{\"@context\":\"https:\/\/schema.org\",\"@graph\":[{\"@type\":\"WebPage\",\"@id\":\"https:\/\/cotefontaine.be\/cf-de\/kontakt\/\",\"url\":\"https:\/\/cotefontaine.be\/cf-de\/kontakt\/\",\"name\":\"Kontakt - NAMUR Zimmer frei mit Fr\u00fchst\u00fcck *** B AND B - C\u00f4t\u00e9 Fontaine class\u00e9 3 \u00e9pis ***\",\"isPartOf\":{\"@id\":\"https:\/\/cotefontaine.be\/cf-de\/#website\"},\"primaryImageOfPage\":{\"@id\":\"https:\/\/cotefontaine.be\/cf-de\/kontakt\/#primaryimage\"},\"image\":{\"@id\":\"https:\/\/cotefontaine.be\/cf-de\/kontakt\/#primaryimage\"},\"thumbnailUrl\":\"https:\/\/cotefontaine.be\/cf-de\/wp-content\/uploads\/2017\/10\/DSC_0451.jpg\",\"datePublished\":\"2017-10-12T18:07:53+00:00\",\"dateModified\":\"2025-09-20T12:06:45+00:00\",\"breadcrumb\":{\"@id\":\"https:\/\/cotefontaine.be\/cf-de\/kontakt\/#breadcrumb\"},\"inLanguage\":\"fr-BE\",\"potentialAction\":[{\"@type\":\"ReadAction\",\"target\":[\"https:\/\/cotefontaine.be\/cf-de\/kontakt\/\"]}]},{\"@type\":\"ImageObject\",\"inLanguage\":\"fr-BE\",\"@id\":\"https:\/\/cotefontaine.be\/cf-de\/kontakt\/#primaryimage\",\"url\":\"https:\/\/cotefontaine.be\/cf-de\/wp-content\/uploads\/2017\/10\/DSC_0451.jpg\",\"contentUrl\":\"https:\/\/cotefontaine.be\/cf-de\/wp-content\/uploads\/2017\/10\/DSC_0451.jpg\",\"width\":4288,\"height\":2848},{\"@type\":\"BreadcrumbList\",\"@id\":\"https:\/\/cotefontaine.be\/cf-de\/kontakt\/#breadcrumb\",\"itemListElement\":[{\"@type\":\"ListItem\",\"position\":1,\"name\":\"Accueil\",\"item\":\"https:\/\/cotefontaine.be\/cf-de\/\"},{\"@type\":\"ListItem\",\"position\":2,\"name\":\"Kontakt\"}]},{\"@type\":\"WebSite\",\"@id\":\"https:\/\/cotefontaine.be\/cf-de\/#website\",\"url\":\"https:\/\/cotefontaine.be\/cf-de\/\",\"name\":\"NAMUR CHAMBRES D&#039;HOTES *** B AND B - C\u00f4t\u00e9 Fontaine class\u00e9 3 \u00e9pis ***\",\"description\":\"Qualit\u00e4t, ruhig, komfortabel, privater Parkplatz, WLAN und kostenloses Fr\u00fchst\u00fcck\",\"potentialAction\":[{\"@type\":\"SearchAction\",\"target\":{\"@type\":\"EntryPoint\",\"urlTemplate\":\"https:\/\/cotefontaine.be\/cf-de\/?s={search_term_string}\"},\"query-input\":{\"@type\":\"PropertyValueSpecification\",\"valueRequired\":true,\"valueName\":\"search_term_string\"}}],\"inLanguage\":\"fr-BE\"}]}<\/script>\n<!-- \/ Yoast SEO plugin. -->","yoast_head_json":{"title":"Kontakt - NAMUR Zimmer frei mit Fr\u00fchst\u00fcck *** B AND B - C\u00f4t\u00e9 Fontaine class\u00e9 3 \u00e9pis ***","robots":{"index":"index","follow":"follow","max-snippet":"max-snippet:-1","max-image-preview":"max-image-preview:large","max-video-preview":"max-video-preview:-1"},"canonical":"https:\/\/cotefontaine.be\/cf-de\/kontakt\/","twitter_card":"summary_large_image","twitter_title":"Kontakt - NAMUR Zimmer frei mit Fr\u00fchst\u00fcck *** B AND B - C\u00f4t\u00e9 Fontaine class\u00e9 3 \u00e9pis ***","twitter_description":"ContactG\u00e4stezimmer C\u00f4t\u00e9 Fontaine *** 43 Rue de la Fontaine5022 COGNELEE - NAMURT\u00e9l. : 0032 (0) 81 200 475\u00a0 \u00a0 \u00a0 Mobiltelefon\u00a0: +32 478 63 93 88 Die Zimmer stehen Ihnen von 17:00 bis 22:00 Uhr zur Verf\u00fcgung.Auf Wunsch k\u00f6nnen wir den Zeitplan nach M\u00f6glichkeit \u00e4ndern.. Sie k\u00f6nnen uns auch per E-Mail unter der unten angegebenen [&hellip;]","twitter_image":"https:\/\/cotefontaine.be\/cf-de\/wp-content\/uploads\/2017\/10\/DSC_0451.jpg","twitter_misc":{"Dur\u00e9e de lecture est.":"3 minutes"},"schema":{"@context":"https:\/\/schema.org","@graph":[{"@type":"WebPage","@id":"https:\/\/cotefontaine.be\/cf-de\/kontakt\/","url":"https:\/\/cotefontaine.be\/cf-de\/kontakt\/","name":"Kontakt - NAMUR Zimmer frei mit Fr\u00fchst\u00fcck *** B AND B - C\u00f4t\u00e9 Fontaine class\u00e9 3 \u00e9pis ***","isPartOf":{"@id":"https:\/\/cotefontaine.be\/cf-de\/#website"},"primaryImageOfPage":{"@id":"https:\/\/cotefontaine.be\/cf-de\/kontakt\/#primaryimage"},"image":{"@id":"https:\/\/cotefontaine.be\/cf-de\/kontakt\/#primaryimage"},"thumbnailUrl":"https:\/\/cotefontaine.be\/cf-de\/wp-content\/uploads\/2017\/10\/DSC_0451.jpg","datePublished":"2017-10-12T18:07:53+00:00","dateModified":"2025-09-20T12:06:45+00:00","breadcrumb":{"@id":"https:\/\/cotefontaine.be\/cf-de\/kontakt\/#breadcrumb"},"inLanguage":"fr-BE","potentialAction":[{"@type":"ReadAction","target":["https:\/\/cotefontaine.be\/cf-de\/kontakt\/"]}]},{"@type":"ImageObject","inLanguage":"fr-BE","@id":"https:\/\/cotefontaine.be\/cf-de\/kontakt\/#primaryimage","url":"https:\/\/cotefontaine.be\/cf-de\/wp-content\/uploads\/2017\/10\/DSC_0451.jpg","contentUrl":"https:\/\/cotefontaine.be\/cf-de\/wp-content\/uploads\/2017\/10\/DSC_0451.jpg","width":4288,"height":2848},{"@type":"BreadcrumbList","@id":"https:\/\/cotefontaine.be\/cf-de\/kontakt\/#breadcrumb","itemListElement":[{"@type":"ListItem","position":1,"name":"Accueil","item":"https:\/\/cotefontaine.be\/cf-de\/"},{"@type":"ListItem","position":2,"name":"Kontakt"}]},{"@type":"WebSite","@id":"https:\/\/cotefontaine.be\/cf-de\/#website","url":"https:\/\/cotefontaine.be\/cf-de\/","name":"NAMUR CHAMBRES D&#039;HOTES *** B AND B - C\u00f4t\u00e9 Fontaine class\u00e9 3 \u00e9pis ***","description":"Qualit\u00e4t, ruhig, komfortabel, privater Parkplatz, WLAN und kostenloses Fr\u00fchst\u00fcck","potentialAction":[{"@type":"SearchAction","target":{"@type":"EntryPoint","urlTemplate":"https:\/\/cotefontaine.be\/cf-de\/?s={search_term_string}"},"query-input":{"@type":"PropertyValueSpecification","valueRequired":true,"valueName":"search_term_string"}}],"inLanguage":"fr-BE"}]}},"_links":{"self":[{"href":"https:\/\/cotefontaine.be\/cf-de\/wp-json\/wp\/v2\/pages\/9","targetHints":{"allow":["GET"]}}],"collection":[{"href":"https:\/\/cotefontaine.be\/cf-de\/wp-json\/wp\/v2\/pages"}],"about":[{"href":"https:\/\/cotefontaine.be\/cf-de\/wp-json\/wp\/v2\/types\/page"}],"author":[{"embeddable":true,"href":"https:\/\/cotefontaine.be\/cf-de\/wp-json\/wp\/v2\/users\/1"}],"replies":[{"embeddable":true,"href":"https:\/\/cotefontaine.be\/cf-de\/wp-json\/wp\/v2\/comments?post=9"}],"version-history":[{"count":9,"href":"https:\/\/cotefontaine.be\/cf-de\/wp-json\/wp\/v2\/pages\/9\/revisions"}],"predecessor-version":[{"id":5359,"href":"https:\/\/cotefontaine.be\/cf-de\/wp-json\/wp\/v2\/pages\/9\/revisions\/5359"}],"wp:featuredmedia":[{"embeddable":true,"href":"https:\/\/cotefontaine.be\/cf-de\/wp-json\/wp\/v2\/media\/85"}],"wp:attachment":[{"href":"https:\/\/cotefontaine.be\/cf-de\/wp-json\/wp\/v2\/media?parent=9"}],"curies":[{"name":"wp","href":"https:\/\/api.w.org\/{rel}","templated":true}]}}