{"id":278,"date":"2017-11-11T21:50:12","date_gmt":"2017-11-11T20:50:12","guid":{"rendered":"https:\/\/cotefontaine.be\/cf\/?page_id=278"},"modified":"2023-05-13T15:57:47","modified_gmt":"2023-05-13T13:57:47","slug":"access-map","status":"publish","type":"page","link":"https:\/\/cotefontaine.be\/cf-en\/access-map\/","title":{"rendered":"Access map"},"content":{"rendered":"<p>[et_pb_section fb_built=\u00a0\u00bb1&Prime; _builder_version=\u00a0\u00bb4.21.0&Prime; background_color=\u00a0\u00bbRGBA(255,255,255,0)\u00a0\u00bb global_colors_info=\u00a0\u00bb{}\u00a0\u00bb][et_pb_row _builder_version=\u00a0\u00bb4.16&Prime; global_colors_info=\u00a0\u00bb{}\u00a0\u00bb][et_pb_column type=\u00a0\u00bb4_4&Prime; _builder_version=\u00a0\u00bb4.16&Prime; custom_padding=\u00a0\u00bb|||\u00a0\u00bb global_colors_info=\u00a0\u00bb{}\u00a0\u00bb custom_padding__hover=\u00a0\u00bb|||\u00a0\u00bb][et_pb_map address=\u00a0\u00bbRue de la Fontaine 43, 5022 Namur, Belgique\u00a0\u00bb zoom_level=\u00a0\u00bb9&Prime; address_lat=\u00a0\u00bb50.5154751&Prime; address_lng=\u00a0\u00bb4.9026744&Prime; _builder_version=\u00a0\u00bb4.16&Prime; child_mix_blend_mode=\u00a0\u00bbcolor-burn\u00a0\u00bb global_colors_info=\u00a0\u00bb{}\u00a0\u00bb][et_pb_map_pin title=\u00a0\u00bbC\u00f4t\u00e9 Fontaine chambres d&rsquo;h\u00f4tes, class\u00e9es 3 \u00e9pis. Label %22Wallonie Destination Qualit\u00e9%22&Prime; pin_address=\u00a0\u00bbRue de la Fontaine 43, 5022 Namur, Belgique\u00a0\u00bb pin_address_lat=\u00a0\u00bb50.5154751&Prime; pin_address_lng=\u00a0\u00bb4.9026744&Prime; _builder_version=\u00a0\u00bb3.0.92&Prime; global_colors_info=\u00a0\u00bb{}\u00a0\u00bb] Rue de la Fontaine 43<br \/>\n5022 Namur &#8211; Cognel\u00e9e<br \/>\nT. fixe : +32 (0)81 200 475<br \/>\nPortable : +32 478 63 93 88[\/et_pb_map_pin][\/et_pb_map][et_pb_image src=\u00a0\u00bbhttps:\/\/cotefontaine.be\/cf-en\/wp-content\/uploads\/2023\/05\/carte_Cognelee_1.webp\u00a0\u00bb title_text=\u00a0\u00bbcarte_Cognelee_1&Prime; align=\u00a0\u00bbcenter\u00a0\u00bb _builder_version=\u00a0\u00bb4.21.0&Prime; _module_preset=\u00a0\u00bbdefault\u00a0\u00bb global_colors_info=\u00a0\u00bb{}\u00a0\u00bb][\/et_pb_image][et_pb_image src=\u00a0\u00bbhttps:\/\/cotefontaine.be\/cf\/wp-content\/uploads\/2018\/01\/plan_acc\u00e8s_Chambre_dhote_19-01.png\u00a0\u00bb align=\u00a0\u00bbcenter\u00a0\u00bb align_tablet=\u00a0\u00bbcenter\u00a0\u00bb align_phone=\u00a0\u00bb\u00a0\u00bb align_last_edited=\u00a0\u00bbon|desktop\u00a0\u00bb _builder_version=\u00a0\u00bb4.16&Prime; global_colors_info=\u00a0\u00bb{}\u00a0\u00bb][\/et_pb_image][et_pb_text _builder_version=\u00a0\u00bb4.21.0&Prime; _module_preset=\u00a0\u00bbdefault\u00a0\u00bb text_font_size=\u00a0\u00bb57px\u00a0\u00bb header_line_height=\u00a0\u00bb1.4em\u00a0\u00bb global_colors_info=\u00a0\u00bb{}\u00a0\u00bb]<\/p>\n<p style=\"text-align: center;\"><span style=\"font-size: large;\"><span jsaction=\"agoMJf:PFBcW;MZfLnc:P7O7bd;nt4Alf:pvnm0e,pfE8Hb,PFBcW;B01qod:dJXsye;H1e5u:iXtTIf;lYIUJf:hij5Wb;bmeZHc:iURhpf;Oxj3Xe:qAKMYb,yaf12d\" jsname=\"txFAF\" class=\"jCAhz ChMk0b\" jscontroller=\"Gn4SMb\"><span class=\"ryNqvb\" jsaction=\"click:E6Tfl,GFf3ac,tMZCfe; contextmenu:Nqw7Te,QP7LD; mouseout:Nqw7Te; mouseover:E6Tfl,c2aHje\" jsname=\"W297wb\"><br \/><span style=\"font-size: x-large;\">For information :<\/span><\/span><\/span><span jsaction=\"agoMJf:PFBcW;MZfLnc:P7O7bd;nt4Alf:pvnm0e,pfE8Hb,PFBcW;B01qod:dJXsye;H1e5u:iXtTIf;lYIUJf:hij5Wb;bmeZHc:iURhpf;Oxj3Xe:qAKMYb,yaf12d\" jsname=\"txFAF\" class=\"jCAhz\" jscontroller=\"Gn4SMb\"><span class=\"ryNqvb\" jsaction=\"click:E6Tfl,GFf3ac,tMZCfe; contextmenu:Nqw7Te,QP7LD; mouseout:Nqw7Te; mouseover:E6Tfl,c2aHje\" jsname=\"W297wb\"><br \/><\/span><\/span><span jsaction=\"agoMJf:PFBcW;MZfLnc:P7O7bd;nt4Alf:pvnm0e,pfE8Hb,PFBcW;B01qod:dJXsye;H1e5u:iXtTIf;lYIUJf:hij5Wb;bmeZHc:iURhpf;Oxj3Xe:qAKMYb,yaf12d\" jsname=\"txFAF\" class=\"jCAhz ChMk0b\" jscontroller=\"Gn4SMb\"><span class=\"ryNqvb\" jsaction=\"click:E6Tfl,GFf3ac,tMZCfe; contextmenu:Nqw7Te,QP7LD; mouseout:Nqw7Te; mouseover:E6Tfl,c2aHje\" jsname=\"W297wb\">Click on the distances link below, you will find the km and the time that separate us from our home in \u2026<br \/><\/span><\/span><span jsaction=\"agoMJf:PFBcW;MZfLnc:P7O7bd;nt4Alf:pvnm0e,pfE8Hb,PFBcW;B01qod:dJXsye;H1e5u:iXtTIf;lYIUJf:hij5Wb;bmeZHc:iURhpf;Oxj3Xe:qAKMYb,yaf12d\" jsname=\"txFAF\" class=\"jCAhz ChMk0b\" jscontroller=\"Gn4SMb\"><span class=\"ryNqvb\" jsaction=\"click:E6Tfl,GFf3ac,tMZCfe; contextmenu:Nqw7Te,QP7LD; mouseout:Nqw7Te; mouseover:E6Tfl,c2aHje\" jsname=\"W297wb\">Source Michelin: from our guest rooms.<\/span><\/span> <\/span><span jsaction=\"agoMJf:PFBcW;MZfLnc:P7O7bd;nt4Alf:pvnm0e,pfE8Hb,PFBcW;B01qod:dJXsye;H1e5u:iXtTIf;lYIUJf:hij5Wb;bmeZHc:iURhpf;Oxj3Xe:qAKMYb,yaf12d\" jsname=\"txFAF\" class=\"jCAhz ChMk0b\" jscontroller=\"Gn4SMb\" style=\"font-size: 14px;\"><span class=\"ryNqvb\" jsaction=\"click:E6Tfl,GFf3ac,tMZCfe; contextmenu:Nqw7Te,QP7LD; mouseout:Nqw7Te; mouseover:E6Tfl,c2aHje\" jsname=\"W297wb\"><span style=\"font-size: large;\">PDF Format<\/span>.<\/span><\/span><\/p>\n<h4 style=\"text-align: center;\"><span style=\"font-size: x-large;\"><a title=\"Distance depuis nos chambres d'h\u00f4tes\" href=\"https:\/\/cotefontaine.be\/cf\/wp-content\/uploads\/2018\/07\/Distance-Km.pdf\" target=\"_blank\" rel=\"attachment noopener noreferrer wp-att-1933\"><span style=\"text-decoration: underline;\"><span style=\"color: #0082c9;\"><strong>Distances Km\u00a0:<\/strong><\/span><\/span>\u00a0<\/a><\/span><\/h4>\n<p><span style=\"font-size: x-large;\"><\/span><\/p>\n<p>[\/et_pb_text][\/et_pb_column][\/et_pb_row][\/et_pb_section]<\/p>\n","protected":false},"excerpt":{"rendered":"<p>Rue de la Fontaine 43 5022 Namur &#8211; Cognel\u00e9e T. fixe : +32 (0)81 200 475 Portable : +32 478 63 93 88For information :Click on the distances link below, you will find the km and the time that separate us from our home in \u2026Source Michelin: from our guest rooms. PDF Format. Distances Km\u00a0:\u00a0<\/p>\n","protected":false},"author":1,"featured_media":284,"parent":0,"menu_order":0,"comment_status":"closed","ping_status":"closed","template":"","meta":{"_et_pb_use_builder":"on","_et_pb_old_content":"","_et_gb_content_width":"","footnotes":""},"class_list":["post-278","page","type-page","status-publish","has-post-thumbnail","hentry"],"_links":{"self":[{"href":"https:\/\/cotefontaine.be\/cf-en\/wp-json\/wp\/v2\/pages\/278","targetHints":{"allow":["GET"]}}],"collection":[{"href":"https:\/\/cotefontaine.be\/cf-en\/wp-json\/wp\/v2\/pages"}],"about":[{"href":"https:\/\/cotefontaine.be\/cf-en\/wp-json\/wp\/v2\/types\/page"}],"author":[{"embeddable":true,"href":"https:\/\/cotefontaine.be\/cf-en\/wp-json\/wp\/v2\/users\/1"}],"replies":[{"embeddable":true,"href":"https:\/\/cotefontaine.be\/cf-en\/wp-json\/wp\/v2\/comments?post=278"}],"version-history":[{"count":5,"href":"https:\/\/cotefontaine.be\/cf-en\/wp-json\/wp\/v2\/pages\/278\/revisions"}],"predecessor-version":[{"id":3494,"href":"https:\/\/cotefontaine.be\/cf-en\/wp-json\/wp\/v2\/pages\/278\/revisions\/3494"}],"wp:featuredmedia":[{"embeddable":true,"href":"https:\/\/cotefontaine.be\/cf-en\/wp-json\/wp\/v2\/media\/284"}],"wp:attachment":[{"href":"https:\/\/cotefontaine.be\/cf-en\/wp-json\/wp\/v2\/media?parent=278"}],"curies":[{"name":"wp","href":"https:\/\/api.w.org\/{rel}","templated":true}]}}