{"id":3054,"date":"2018-09-12T18:35:02","date_gmt":"2018-09-12T16:35:02","guid":{"rendered":"https:\/\/cotefontaine.be\/cf-en\/?page_id=3054"},"modified":"2024-07-27T22:27:39","modified_gmt":"2024-07-27T20:27:39","slug":"contact","status":"publish","type":"page","link":"https:\/\/cotefontaine.be\/cf-en\/contact\/","title":{"rendered":"Contact us"},"content":{"rendered":"<p>[et_pb_section fb_built=\u00a0\u00bb1&Prime; admin_label=\u00a0\u00bbsection\u00a0\u00bb _builder_version=\u00a0\u00bb4.16&Prime; global_colors_info=\u00a0\u00bb{}\u00a0\u00bb][et_pb_row admin_label=\u00a0\u00bbrow\u00a0\u00bb _builder_version=\u00a0\u00bb4.16&Prime; background_size=\u00a0\u00bbinitial\u00a0\u00bb background_position=\u00a0\u00bbtop_left\u00a0\u00bb background_repeat=\u00a0\u00bbrepeat\u00a0\u00bb global_colors_info=\u00a0\u00bb{}\u00a0\u00bb][et_pb_column type=\u00a0\u00bb4_4&Prime; _builder_version=\u00a0\u00bb4.16&Prime; custom_padding=\u00a0\u00bb|||\u00a0\u00bb global_colors_info=\u00a0\u00bb{}\u00a0\u00bb custom_padding__hover=\u00a0\u00bb|||\u00a0\u00bb][et_pb_text admin_label=\u00a0\u00bbText\u00a0\u00bb _builder_version=\u00a0\u00bb4.21.0&Prime; background_size=\u00a0\u00bbinitial\u00a0\u00bb background_position=\u00a0\u00bbtop_left\u00a0\u00bb background_repeat=\u00a0\u00bbrepeat\u00a0\u00bb global_colors_info=\u00a0\u00bb{}\u00a0\u00bb]<\/p>\n<h1><strong><span>Chambres d\u2019h\u00f4tes C\u00f4t\u00e9 Fontaine ***<\/span><\/strong><\/h1>\n<p>[\/et_pb_text][et_pb_text _builder_version=\u00a0\u00bb4.21.0&Prime; _module_preset=\u00a0\u00bbdefault\u00a0\u00bb text_font_size=\u00a0\u00bb18px\u00a0\u00bb custom_padding=\u00a0\u00bb||4px|||\u00a0\u00bb custom_css_before=\u00a0\u00bb<i class=%22fa fa-map-marker%22 aria-hidden=%22true%22><\/i>\u00a0\u00bb global_colors_info=\u00a0\u00bb{}\u00a0\u00bb]<\/p>\n<p>43 Rue de la Fontaine<br \/>5022 COGNELEE (Namur)<br \/>Phone +32 81 20 04 75\u00a0 \u00a0\/\u00a0 \u00a0Handy +32 478 63 93 88<\/p>\n<p><strong>Rooms are available from 5 PM to 10 PM<br \/><span style=\"color: #008000;\">We can change the schedule on request, if possible.<\/span><\/strong><\/p>\n<p>[\/et_pb_text][et_pb_image src=\u00a0\u00bbhttps:\/\/cotefontaine.be\/cf-en\/wp-content\/uploads\/2023\/05\/INFO-mail-jpg.webp\u00a0\u00bb title_text=\u00a0\u00bbINFO-mail\u00a0\u00bb _builder_version=\u00a0\u00bb4.21.0&Prime; _module_preset=\u00a0\u00bbdefault\u00a0\u00bb global_colors_info=\u00a0\u00bb{}\u00a0\u00bb][\/et_pb_image][et_pb_text _builder_version=\u00a0\u00bb4.21.0&Prime; _module_preset=\u00a0\u00bbdefault\u00a0\u00bb text_font_size=\u00a0\u00bb16px\u00a0\u00bb global_colors_info=\u00a0\u00bb{}\u00a0\u00bb]<\/p>\n<h4>T<span style=\"font-size: x-large;\">o request information or to book\u00a0<\/span><\/h4>\n<h4><span style=\"font-size: x-large;\">Contact us\u00a0 whith :<\/span><\/h4>\n<p>The date of arrival<br \/>The number of people<br \/>The number of night(s)<br \/>The number of room(s) if you want several rooms<br \/>A mobile phone number preferably<br \/>With an e-mail, we answer most often during the day and always within 24 hours maximum.<br \/>If you don&rsquo;t receive a response, there may be a technical problem.<br \/>In this case, thank you for calling us, we will answer with pleasure.<\/p>\n<p>You can send us an email, we do not share or sell the data.<\/p>\n<p>&nbsp;<\/p>\n<p>[\/et_pb_text][et_pb_text _builder_version=\u00a0\u00bb4.21.0&Prime; _module_preset=\u00a0\u00bbdefault\u00a0\u00bb global_colors_info=\u00a0\u00bb{}\u00a0\u00bb]<\/p>\n<h3><link rel='stylesheet' id='formidable-css' href='https:\/\/cotefontaine.be\/cf-en\/wp-content\/plugins\/formidable\/css\/formidableforms.css?ver=8221629' type='text\/css' media='all' \/>\n<div class=\"frm_forms  with_frm_style frm_style_style-formidable\" id=\"frm_form_2_container\" >\n<form enctype=\"multipart\/form-data\" method=\"post\" class=\"frm-show-form \" id=\"form_-\" >\n<div class=\"frm_form_fields \">\n<fieldset>\n<legend class=\"frm_hidden\">Contact us<\/legend>\r\n\r\n<div class=\"frm_fields_container\">\n<input type=\"hidden\" name=\"frm_action\" value=\"create\" \/>\n<input type=\"hidden\" name=\"form_id\" value=\"2\" \/>\n<input type=\"hidden\" name=\"frm_hide_fields_2\" id=\"frm_hide_fields_2\" value=\"\" \/>\n<input type=\"hidden\" name=\"form_key\" value=\"-\" \/>\n<input type=\"hidden\" name=\"item_meta[0]\" value=\"\" \/>\n<input type=\"hidden\" id=\"frm_submit_entry_2\" name=\"frm_submit_entry_2\" value=\"456d2a9941\" \/><input type=\"hidden\" name=\"_wp_http_referer\" value=\"\/cf-en\/wp-json\/wp\/v2\/pages\/3054\" \/><div id=\"frm_field_6_container\" class=\"frm_form_field form-field  frm_required_field frm_top_container frm_full\">\r\n    <label for=\"field_qh4icy2\" class=\"frm_primary_label\">Name\r\n        <span class=\"frm_required\">*<\/span>\r\n    <\/label>\r\n    <input type=\"text\" id=\"field_qh4icy2\" name=\"item_meta[6]\" value=\"\"  data-reqmsg=\"Ce champ ne peut pas \u00eatre vide\" aria-required=\"true\" data-invmsg=\"Nom est non valide\" aria-invalid=\"false\"  \/>\r\n    \r\n    \r\n<\/div>\n<div id=\"frm_field_8_container\" class=\"frm_form_field form-field  frm_required_field frm_top_container frm_full\">\r\n    <label for=\"field_29yf4d2\" class=\"frm_primary_label\">E-mail\r\n        <span class=\"frm_required\">*<\/span>\r\n    <\/label>\r\n    <input type=\"email\" id=\"field_29yf4d2\" name=\"item_meta[8]\" value=\"\"  data-reqmsg=\"Ce champ ne peut pas \u00eatre vide\" aria-required=\"true\" data-invmsg=\"Please enter a valid email address\" aria-invalid=\"false\"  \/>\r\n    \r\n    \r\n<\/div>\n<div id=\"frm_field_9_container\" class=\"frm_form_field form-field  frm_required_field frm_top_container frm_full\">\r\n    <label for=\"field_e6lis62\" class=\"frm_primary_label\">Your Phone Number Mobile\r\n        <span class=\"frm_required\">*<\/span>\r\n    <\/label>\r\n    <input type=\"text\" id=\"field_e6lis62\" name=\"item_meta[9]\" value=\"\"  data-reqmsg=\"Ce champ ne peut pas \u00eatre vide\" aria-required=\"true\" data-invmsg=\"Votre N\u00b0 de T\u00e9l\u00e9phone (portable de pr\u00e9f\u00e9rence) est non valide\" aria-invalid=\"false\"  \/>\r\n    \r\n    \r\n<\/div>\n<div id=\"frm_field_11_container\" class=\"frm_form_field form-field  frm_required_field frm_top_container vertical_radio\">\r\n    <label  class=\"frm_primary_label\">Check box\r\n        <span class=\"frm_required\">*<\/span>\r\n    <\/label>\r\n    <div class=\"frm_opt_container\">\t\t<div class=\"frm_checkbox\" id=\"frm_checkbox_11-0\">\t\t\t<label  for=\"field_2zep1-0\">\n\t\t\t<input type=\"checkbox\" name=\"item_meta[11][]\" id=\"field_2zep1-0\" value=\"Informations\"  data-reqmsg=\"Ce champ ne peut pas \u00eatre vide\" data-invmsg=\"Check box is invalid\" aria-invalid=\"false\"   aria-required=\"true\"  \/> Informations<\/label><\/div>\n\t\t<div class=\"frm_checkbox\" id=\"frm_checkbox_11-1\">\t\t\t<label  for=\"field_2zep1-1\">\n\t\t\t<input type=\"checkbox\" name=\"item_meta[11][]\" id=\"field_2zep1-1\" value=\"availability\"  data-reqmsg=\"Ce champ ne peut pas \u00eatre vide\" data-invmsg=\"Check box is invalid\" aria-invalid=\"false\"   \/> availability<\/label><\/div>\n\t\t<div class=\"frm_checkbox\" id=\"frm_checkbox_11-2\">\t\t\t<label  for=\"field_2zep1-2\">\n\t\t\t<input type=\"checkbox\" name=\"item_meta[11][]\" id=\"field_2zep1-2\" value=\"Booking\"  data-reqmsg=\"Ce champ ne peut pas \u00eatre vide\" data-invmsg=\"Check box is invalid\" aria-invalid=\"false\"   \/> Booking<\/label><\/div>\n\t\t<div class=\"frm_checkbox\" id=\"frm_checkbox_11-3\">\t\t\t<label  for=\"field_2zep1-3\">\n\t\t\t<input type=\"checkbox\" name=\"item_meta[11][]\" id=\"field_2zep1-3\" value=\"For guest book\"  data-reqmsg=\"Ce champ ne peut pas \u00eatre vide\" data-invmsg=\"Check box is invalid\" aria-invalid=\"false\"   \/> For guest book<\/label><\/div>\n<\/div>\r\n    \r\n    \r\n<\/div>\n<div id=\"frm_field_10_container\" class=\"frm_form_field form-field  frm_required_field frm_top_container frm_full\">\r\n    <label for=\"field_9jv0r12\" class=\"frm_primary_label\">Message,\r\n        <span class=\"frm_required\">*<\/span>\r\n    <\/label>\r\n    <textarea name=\"item_meta[10]\" id=\"field_9jv0r12\" rows=\"12\"  style=\"width:900px\" cols=\"100\" data-frmval=\"Arrival date : \r\nNumber of night(s) : \r\nNomber people :\r\nNomber room(s) :\r\nApproximate time of arrival : \r\nYour message :\r\n\" data-reqmsg=\"Ce champ ne peut pas \u00eatre vide\" aria-required=\"true\" data-invmsg=\"Message, is invalid\" class=\"auto_width\" aria-invalid=\"false\"  >Arrival date : \r\nNumber of night(s) : \r\nNomber people :\r\nNomber room(s) :\r\nApproximate time of arrival : \r\nYour message :\r\n<\/textarea>\r\n    \r\n    \r\n<\/div>\n<div id=\"frm_field_13_container\" class=\"frm_form_field form-field  frm_none_container\">\r\n    <label for=\"g-recaptcha-response\" class=\"frm_primary_label\">reCAPTCHA\r\n        <span class=\"frm_required\"><\/span>\r\n    <\/label>\r\n    <div  id=\"field_t0wh0\" class=\"frm-g-recaptcha\" data-sitekey=\"6LfwXjsUAAAAAPfsB6IIJKWXL6JOU0Zoi-A60URK\" data-size=\"normal\" data-theme=\"light\"><\/div>\r\n    \r\n    \r\n<\/div>\n\t<input type=\"hidden\" name=\"item_key\" value=\"\" \/>\n\t\t\t<div id=\"frm_field_14_container\">\n\t\t\t<label for=\"field_3djkh\" >\n\t\t\t\tIf you are human, leave this field blank.\t\t\t<\/label>\n\t\t\t<input  id=\"field_3djkh\" type=\"text\" class=\"frm_form_field form-field frm_verify\" name=\"item_meta[14]\" value=\"\"  \/>\n\t\t<\/div>\n\t\t<input name=\"frm_state\" type=\"hidden\" value=\"ch0n94zzOw2vGFBimlkz0TB0sGnu8Zl31iy1yccDfE0=\" \/><div class=\"frm_submit\">\r\n\r\n<button class=\"frm_button_submit\" type=\"submit\"  >Send<\/button>\r\n\r\n<\/div><\/div>\n<\/fieldset>\n<\/div>\n\n<\/form>\n<\/div>\n<\/h3>\n<p>[\/et_pb_text][\/et_pb_column][\/et_pb_row][\/et_pb_section]<\/p>\n","protected":false},"excerpt":{"rendered":"<p>Chambres d\u2019h\u00f4tes C\u00f4t\u00e9 Fontaine ***43 Rue de la Fontaine5022 COGNELEE (Namur)Phone +32 81 20 04 75\u00a0 \u00a0\/\u00a0 \u00a0Handy +32 478 63 93 88 Rooms are available from 5 PM to 10 PMWe can change the schedule on request, if possible.To request information or to book\u00a0 Contact us\u00a0 whith : The date of arrivalThe number of [&hellip;]<\/p>\n","protected":false},"author":1,"featured_media":0,"parent":0,"menu_order":0,"comment_status":"closed","ping_status":"closed","template":"","meta":{"_et_pb_use_builder":"on","_et_pb_old_content":"[formidable]","_et_gb_content_width":"","footnotes":""},"class_list":["post-3054","page","type-page","status-publish","hentry"],"_links":{"self":[{"href":"https:\/\/cotefontaine.be\/cf-en\/wp-json\/wp\/v2\/pages\/3054","targetHints":{"allow":["GET"]}}],"collection":[{"href":"https:\/\/cotefontaine.be\/cf-en\/wp-json\/wp\/v2\/pages"}],"about":[{"href":"https:\/\/cotefontaine.be\/cf-en\/wp-json\/wp\/v2\/types\/page"}],"author":[{"embeddable":true,"href":"https:\/\/cotefontaine.be\/cf-en\/wp-json\/wp\/v2\/users\/1"}],"replies":[{"embeddable":true,"href":"https:\/\/cotefontaine.be\/cf-en\/wp-json\/wp\/v2\/comments?post=3054"}],"version-history":[{"count":10,"href":"https:\/\/cotefontaine.be\/cf-en\/wp-json\/wp\/v2\/pages\/3054\/revisions"}],"predecessor-version":[{"id":3560,"href":"https:\/\/cotefontaine.be\/cf-en\/wp-json\/wp\/v2\/pages\/3054\/revisions\/3560"}],"wp:attachment":[{"href":"https:\/\/cotefontaine.be\/cf-en\/wp-json\/wp\/v2\/media?parent=3054"}],"curies":[{"name":"wp","href":"https:\/\/api.w.org\/{rel}","templated":true}]}}