{"id":278,"date":"2017-11-11T21:50:12","date_gmt":"2017-11-11T20:50:12","guid":{"rendered":"https:\/\/cotefontaine.be\/cf\/?page_id=278"},"modified":"2025-08-30T11:47:14","modified_gmt":"2025-08-30T09:47:14","slug":"plattegrond","status":"publish","type":"page","link":"https:\/\/cotefontaine.be\/cf-nl\/plattegrond\/","title":{"rendered":"Plattegrond"},"content":{"rendered":"<p>[et_pb_section fb_built=\u00a0\u00bb1&Prime; _builder_version=\u00a0\u00bb4.21.0&Prime; background_color=\u00a0\u00bb#FFFFFF\u00a0\u00bb global_module=\u00a0\u00bb3160&Prime; saved_tabs=\u00a0\u00bball\u00a0\u00bb global_colors_info=\u00a0\u00bb{}\u00a0\u00bb][et_pb_row _builder_version=\u00a0\u00bb4.16&Prime; global_colors_info=\u00a0\u00bb{}\u00a0\u00bb][et_pb_column type=\u00a0\u00bb4_4&Prime; _builder_version=\u00a0\u00bb4.16&Prime; custom_padding=\u00a0\u00bb|||\u00a0\u00bb global_colors_info=\u00a0\u00bb{}\u00a0\u00bb custom_padding__hover=\u00a0\u00bb|||\u00a0\u00bb][et_pb_map address=\u00a0\u00bbRue de la Fontaine 43, 5022 Namur, Belgique\u00a0\u00bb zoom_level=\u00a0\u00bb9&Prime; address_lat=\u00a0\u00bb50.5154751&Prime; address_lng=\u00a0\u00bb4.9026744&Prime; _builder_version=\u00a0\u00bb4.16&Prime; child_mix_blend_mode=\u00a0\u00bbcolor-burn\u00a0\u00bb global_colors_info=\u00a0\u00bb{}\u00a0\u00bb][et_pb_map_pin title=\u00a0\u00bbC\u00f4t\u00e9 Fontaine chambres d&rsquo;h\u00f4tes, class\u00e9es 3 \u00e9pis. Label %22Wallonie Destination Qualit\u00e9%22&Prime; pin_address=\u00a0\u00bbRue de la Fontaine 43, 5022 Namur, Belgique\u00a0\u00bb pin_address_lat=\u00a0\u00bb50.5154751&Prime; pin_address_lng=\u00a0\u00bb4.9026744&Prime; _builder_version=\u00a0\u00bb3.0.92&Prime; global_colors_info=\u00a0\u00bb{}\u00a0\u00bb] Rue de la Fontaine 43<br \/>\n5022 Namur &#8211; Cognel\u00e9e<br \/>\nT. fixe : +32 (0)81 200 475<br \/>\nPortable : +32 478 63 93 88[\/et_pb_map_pin][\/et_pb_map][et_pb_image src=\u00a0\u00bbhttps:\/\/cotefontaine.be\/cf-nl\/wp-content\/uploads\/2019\/01\/Acces_CF2019.png\u00a0\u00bb align=\u00a0\u00bbcenter\u00a0\u00bb align_tablet=\u00a0\u00bbcenter\u00a0\u00bb align_phone=\u00a0\u00bb\u00a0\u00bb align_last_edited=\u00a0\u00bbon|desktop\u00a0\u00bb _builder_version=\u00a0\u00bb4.16&Prime; max_width=\u00a0\u00bb115%\u00a0\u00bb module_alignment=\u00a0\u00bbcenter\u00a0\u00bb global_colors_info=\u00a0\u00bb{}\u00a0\u00bb][\/et_pb_image][et_pb_text _builder_version=\u00a0\u00bb4.21.0&Prime; _module_preset=\u00a0\u00bbdefault\u00a0\u00bb header_6_font_size=\u00a0\u00bb18px\u00a0\u00bb custom_padding=\u00a0\u00bb||2px|||\u00a0\u00bb global_colors_info=\u00a0\u00bb{}\u00a0\u00bb]<\/p>\n<h6><span style=\"color: #0000ff; font-size: x-large;\">Je reist met de trein<\/span><\/h6>\n<h6><span style=\"color: #0000ff;\">Vanaf het station van Namen heeft u een \u00ab\u00a0TEC\u00a0\u00bb-busdienst<\/span><\/h6>\n<h6><span style=\"color: #0000ff;\">Het BUS-station bevindt zich boven het TRAIN-station<\/span><\/h6>\n<h6><span style=\"color: #0000ff;\"><a href=\"https:\/\/www.letec.be\/Planning\/DownloadDocument\/13499?DocName=Valable%20%C3%A0%20partir%20du%201%20avril%202023\" target=\"_blank\" rel=\"noopener\"><span style=\"text-decoration: underline;\">Lijnen 8 2 1<\/span>\u00a0<\/a> \u00a0Namur &#8211; Eghez\u00e9e, perron nr. 5 (te controleren)<\/span><\/h6>\n<h6><span style=\"color: #0000ff;\">Reis van 12 tot 16 minuten<\/span><\/h6>\n<h6><span style=\"color: #0000ff;\">Haltes &#8211; Cognel\u00e9e &#8211;\u00a0<span style=\"font-size: large;\"><strong>Ferme ou Village,<\/strong><\/span><\/span><\/h6>\n<p><span style=\"color: #0000ff;\"><span style=\"font-size: large;\"><strong>Klik op <a href=\"https:\/\/www.letec.be\/Planning\/DownloadDocument\/13499?DocName=Valable%20%C3%A0%20partir%20du%201%20avril%202023\" target=\"_blank\" rel=\"noopener\"><span style=\"text-decoration: underline;\">Dienstregeling regel 8 2 1<\/span><\/a><br \/>Vanaf de bushalte COGNELEE,<br \/>u heeft 5 minuten lopen naar ons huis.<\/strong><\/span><\/span><\/p>\n<p>[\/et_pb_text][et_pb_text _builder_version=\u00a0\u00bb4.27.4&Prime; _module_preset=\u00a0\u00bbdefault\u00a0\u00bb text_font_size=\u00a0\u00bb17px\u00a0\u00bb header_6_font_size=\u00a0\u00bb16px\u00a0\u00bb header_6_line_height=\u00a0\u00bb1.6em\u00a0\u00bb global_colors_info=\u00a0\u00bb{}\u00a0\u00bb]<\/p>\n<h6><span style=\"color: #0000ff;\">Onze gastenkamers liggen op 6 km van het treinstation van Namen.<\/span><\/p>\n<\/h6>\n<h6><span style=\"color: #0000ff; font-size: large;\">Ter informatie :<\/span><br \/><span style=\"color: #0000ff;\">Klik op de onderstaande afstandenlink, u vindt de km en de tijd die ons scheiden van ons huis naar &#8230;<\/span><br \/><span style=\"color: #0000ff;\">Bron Michelin: uit onze gastenkamers. PDF-formaat.<\/span><\/h6>\n<h6><strong><span style=\"font-size: x-large;\"><a href=\"https:\/\/cotefontaine.be\/cf\/wp-content\/uploads\/2018\/07\/Distance-Km.pdf\" target=\"_blank\" rel=\"noopener\"><span style=\"text-decoration: underline;\"><span style=\"color: #0000ff; text-decoration: underline;\">Kilometerstand :<\/span><\/span><\/a><\/span><\/strong><\/h6>\n<p>[\/et_pb_text][et_pb_image src=\u00a0\u00bbhttps:\/\/cotefontaine.be\/cf-nl\/wp-content\/uploads\/2025\/08\/Plan-CF2025.jpg\u00a0\u00bb _builder_version=\u00a0\u00bb4.27.4&Prime; _module_preset=\u00a0\u00bbdefault\u00a0\u00bb title_text=\u00a0\u00bbPlan CF2025&Prime; align=\u00a0\u00bbcenter\u00a0\u00bb hover_enabled=\u00a0\u00bb0&Prime; sticky_enabled=\u00a0\u00bb0&Prime;][\/et_pb_image][\/et_pb_column][\/et_pb_row][\/et_pb_section]<\/p>\n","protected":false},"excerpt":{"rendered":"<p>Rue de la Fontaine 43 5022 Namur &#8211; Cognel\u00e9e T. fixe : +32 (0)81 200 475 Portable : +32 478 63 93 88Je reist met de trein Vanaf het station van Namen heeft u een \u00ab\u00a0TEC\u00a0\u00bb-busdienst Het BUS-station bevindt zich boven het TRAIN-station Lijnen 8 2 1\u00a0 \u00a0Namur &#8211; Eghez\u00e9e, perron nr. 5 (te controleren) [&hellip;]<\/p>\n","protected":false},"author":1,"featured_media":0,"parent":0,"menu_order":0,"comment_status":"closed","ping_status":"closed","template":"","meta":{"_et_pb_use_builder":"on","_et_pb_old_content":"","_et_gb_content_width":"","footnotes":""},"class_list":["post-278","page","type-page","status-publish","hentry"],"_links":{"self":[{"href":"https:\/\/cotefontaine.be\/cf-nl\/wp-json\/wp\/v2\/pages\/278","targetHints":{"allow":["GET"]}}],"collection":[{"href":"https:\/\/cotefontaine.be\/cf-nl\/wp-json\/wp\/v2\/pages"}],"about":[{"href":"https:\/\/cotefontaine.be\/cf-nl\/wp-json\/wp\/v2\/types\/page"}],"author":[{"embeddable":true,"href":"https:\/\/cotefontaine.be\/cf-nl\/wp-json\/wp\/v2\/users\/1"}],"replies":[{"embeddable":true,"href":"https:\/\/cotefontaine.be\/cf-nl\/wp-json\/wp\/v2\/comments?post=278"}],"version-history":[{"count":7,"href":"https:\/\/cotefontaine.be\/cf-nl\/wp-json\/wp\/v2\/pages\/278\/revisions"}],"predecessor-version":[{"id":4330,"href":"https:\/\/cotefontaine.be\/cf-nl\/wp-json\/wp\/v2\/pages\/278\/revisions\/4330"}],"wp:attachment":[{"href":"https:\/\/cotefontaine.be\/cf-nl\/wp-json\/wp\/v2\/media?parent=278"}],"curies":[{"name":"wp","href":"https:\/\/api.w.org\/{rel}","templated":true}]}}