{"id":9,"date":"2017-10-12T20:07:53","date_gmt":"2017-10-12T18:07:53","guid":{"rendered":"http:\/\/cotefontaine.be\/cf\/?page_id=9"},"modified":"2024-07-27T22:21:13","modified_gmt":"2024-07-27T20:21:13","slug":"contact","status":"publish","type":"page","link":"https:\/\/cotefontaine.be\/cf-nl\/contact\/","title":{"rendered":"Contact"},"content":{"rendered":"<p>[et_pb_section fb_built=\u00a0\u00bb1&Prime; _builder_version=\u00a0\u00bb4.21.0&Prime; background_color=\u00a0\u00bb#FFFFFF\u00a0\u00bb global_module=\u00a0\u00bb3156&Prime; saved_tabs=\u00a0\u00bball\u00a0\u00bb global_colors_info=\u00a0\u00bb{}\u00a0\u00bb][et_pb_row _builder_version=\u00a0\u00bb4.16&Prime; background_color=\u00a0\u00bb#ffffff\u00a0\u00bb background_size=\u00a0\u00bbinitial\u00a0\u00bb background_position=\u00a0\u00bbtop_left\u00a0\u00bb background_repeat=\u00a0\u00bbrepeat\u00a0\u00bb module_alignment=\u00a0\u00bbcenter\u00a0\u00bb custom_margin=\u00a0\u00bb|||60px\u00a0\u00bb custom_padding=\u00a0\u00bb|||24px|false|false\u00a0\u00bb global_colors_info=\u00a0\u00bb{}\u00a0\u00bb][et_pb_column type=\u00a0\u00bb4_4&Prime; _builder_version=\u00a0\u00bb4.16&Prime; background_color=\u00a0\u00bb#ffffff\u00a0\u00bb custom_padding=\u00a0\u00bb|||\u00a0\u00bb global_colors_info=\u00a0\u00bb{}\u00a0\u00bb custom_padding__hover=\u00a0\u00bb|||\u00a0\u00bb][et_pb_text _builder_version=\u00a0\u00bb4.21.0&Prime; background_color=\u00a0\u00bb#ffffff\u00a0\u00bb background_size=\u00a0\u00bbinitial\u00a0\u00bb background_position=\u00a0\u00bbtop_left\u00a0\u00bb background_repeat=\u00a0\u00bbrepeat\u00a0\u00bb global_colors_info=\u00a0\u00bb{}\u00a0\u00bb]<\/p>\n<h2><span style=\"color: #0000ff;\"><strong>2C\u00f4t\u00e9 Fontaine b&amp;b Gastenkamers<\/strong><\/span><\/h2>\n<h2><span style=\"color: #0000ff;\">Rue de la Fontaine 43<\/span><br \/><span style=\"color: #0000ff;\"> 5022 COGNELEE &#8211; NAMUR<\/span><\/h2>\n<h2><span style=\"color: #0000ff;\">Tel. : 0032 (0)81 200 475<\/span><br \/><span style=\"color: #0000ff;\">Mobiel : +32 478 63 93 88<\/span><\/h2>\n<p><span style=\"color: #0000ff;\"><\/span><\/p>\n<h3><\/h3>\n<h3><span style=\"color: #0000ff;\"><strong>De kamers zijn beschikbaar 17h00 en 22h00<\/strong><\/span><\/h3>\n<p><span style=\"color: #0000ff;\">\u00a0<\/span><\/p>\n<h3><span style=\"color: #0000ff;\">In onderling over leg is een andere aankomsttijd mogelijk, na aanvraag.<\/span><\/h3>\n<h3><span style=\"color: #0000ff;\">We beantwoorden uw E-mail binnen 24 uur.<\/span><\/h3>\n<p><span style=\"color: #0000ff;\">\u00a0<\/span><\/p>\n<h3><span style=\"color: #0000ff;\">Ontvangt u geen antwoord, dan is er misschien een technisch probleel.<br \/>In dat geval kunt U telefonisch bereiken wiy stann u met plezier te woord. Dank u wel.<\/span><\/h3>\n<p><span style=\"color: #0000ff;\">\u00a0<\/span><\/p>\n<h3><span style=\"color: #0000ff;\"><strong>Bercherming priv\u00e9-gegevens\u00a0<\/strong><\/span><\/h3>\n<h3><span style=\"color: #0000ff;\">Uw gegevens worden niet gedeeld.<\/span><\/h3>\n<p><span style=\"color: #0000ff;\">\u00a0<\/span><\/p>\n<p><span style=\"color: #0000ff;\"><link rel='stylesheet' id='formidable-css' href='https:\/\/cotefontaine.be\/cf-nl\/wp-content\/plugins\/formidable\/css\/formidableforms.css?ver=8221624' type='text\/css' media='all' \/>\n<div class=\"frm_forms  with_frm_style frm_style_style-formidable\" id=\"frm_form_2_container\" >\n<form enctype=\"multipart\/form-data\" method=\"post\" class=\"frm-show-form \" id=\"form_-\" >\n<div class=\"frm_form_fields \">\n<fieldset>\n<legend class=\"frm_hidden\">Neem contact met ons op<\/legend>\r\n\r\n<div class=\"frm_fields_container\">\n<input type=\"hidden\" name=\"frm_action\" value=\"create\" \/>\n<input type=\"hidden\" name=\"form_id\" value=\"2\" \/>\n<input type=\"hidden\" name=\"frm_hide_fields_2\" id=\"frm_hide_fields_2\" value=\"\" \/>\n<input type=\"hidden\" name=\"form_key\" value=\"-\" \/>\n<input type=\"hidden\" name=\"item_meta[0]\" value=\"\" \/>\n<input type=\"hidden\" id=\"frm_submit_entry_2\" name=\"frm_submit_entry_2\" value=\"a93df2a2f0\" \/><input type=\"hidden\" name=\"_wp_http_referer\" value=\"\/cf-nl\/wp-json\/wp\/v2\/pages\/9\" \/><div id=\"frm_field_6_container\" class=\"frm_form_field form-field  frm_required_field frm_top_container frm_full\">\r\n    <label for=\"field_qh4icy2\" class=\"frm_primary_label\">Naam\r\n        <span class=\"frm_required\">*<\/span>\r\n    <\/label>\r\n    <input type=\"text\" id=\"field_qh4icy2\" name=\"item_meta[6]\" value=\"\"  data-reqmsg=\"Ce champ ne peut pas \u00eatre vide\" aria-required=\"true\" data-invmsg=\"Nom est non valide\" aria-invalid=\"false\"  \/>\r\n    \r\n    \r\n<\/div>\n<div id=\"frm_field_8_container\" class=\"frm_form_field form-field  frm_required_field frm_top_container frm_full\">\r\n    <label for=\"field_29yf4d2\" class=\"frm_primary_label\">E=mail adress\r\n        <span class=\"frm_required\">*<\/span>\r\n    <\/label>\r\n    <input type=\"email\" id=\"field_29yf4d2\" name=\"item_meta[8]\" value=\"\"  data-reqmsg=\"Ce champ ne peut pas \u00eatre vide\" aria-required=\"true\" data-invmsg=\"Please enter a valid email address\" aria-invalid=\"false\"  \/>\r\n    \r\n    \r\n<\/div>\n<div id=\"frm_field_9_container\" class=\"frm_form_field form-field  frm_required_field frm_top_container frm_full\">\r\n    <label for=\"field_e6lis62\" class=\"frm_primary_label\">Mobiel telefonnummer\r\n        <span class=\"frm_required\">*<\/span>\r\n    <\/label>\r\n    <input type=\"text\" id=\"field_e6lis62\" name=\"item_meta[9]\" value=\"\"  data-reqmsg=\"Ce champ ne peut pas \u00eatre vide\" aria-required=\"true\" data-invmsg=\"Votre N\u00b0 de T\u00e9l\u00e9phone (portable de pr\u00e9f\u00e9rence) est non valide\" aria-invalid=\"false\"  \/>\r\n    \r\n    \r\n<\/div>\n<div id=\"frm_field_10_container\" class=\"frm_form_field form-field  frm_required_field frm_top_container frm_full\">\r\n    <label for=\"field_9jv0r12\" class=\"frm_primary_label\">Bericht,\r\n        <span class=\"frm_required\">*<\/span>\r\n    <\/label>\r\n    <textarea name=\"item_meta[10]\" id=\"field_9jv0r12\" rows=\"12\"  style=\"width:900px\" cols=\"100\" data-frmval=\"Datum van aankomst : \r\nAantal nacht(en) : \r\nAantal personen :\r\nAntal kamer(s):\r\nVerwacht aankomsttijd : \r\nToelichting :\r\n\" data-reqmsg=\"Ce champ ne peut pas \u00eatre vide\" aria-required=\"true\" data-invmsg=\"Bericht, is invalid\" class=\"auto_width\" aria-invalid=\"false\"  >Datum van aankomst : \r\nAantal nacht(en) : \r\nAantal personen :\r\nAntal kamer(s):\r\nVerwacht aankomsttijd : \r\nToelichting :\r\n<\/textarea>\r\n    \r\n    \r\n<\/div>\n<div id=\"frm_field_13_container\" class=\"frm_form_field form-field  frm_none_container\">\r\n    <label for=\"g-recaptcha-response\" class=\"frm_primary_label\">reCAPTCHA\r\n        <span class=\"frm_required\"><\/span>\r\n    <\/label>\r\n    <div  id=\"field_t0wh0\" class=\"frm-g-recaptcha\" data-sitekey=\"6LfwXjsUAAAAAPfsB6IIJKWXL6JOU0Zoi-A60URK\" data-size=\"normal\" data-theme=\"light\"><\/div>\r\n    \r\n    \r\n<\/div>\n<div id=\"frm_field_11_container\" class=\"frm_form_field form-field  frm_required_field frm_top_container vertical_radio\">\r\n    <label  class=\"frm_primary_label\">Selectievakje\r\n        <span class=\"frm_required\">*<\/span>\r\n    <\/label>\r\n    <div class=\"frm_opt_container\">\t\t<div class=\"frm_checkbox\" id=\"frm_checkbox_11-0\">\t\t\t<label  for=\"field_2zep1-0\">\n\t\t\t<input type=\"checkbox\" name=\"item_meta[11][]\" id=\"field_2zep1-0\" value=\"Informatie\"  data-reqmsg=\"Ce champ ne peut pas \u00eatre vide\" data-invmsg=\"Selectievakje is invalid\" aria-invalid=\"false\"   aria-required=\"true\"  \/> Informatie<\/label><\/div>\n\t\t<div class=\"frm_checkbox\" id=\"frm_checkbox_11-1\">\t\t\t<label  for=\"field_2zep1-1\">\n\t\t\t<input type=\"checkbox\" name=\"item_meta[11][]\" id=\"field_2zep1-1\" value=\"Beschikbaarheid\"  data-reqmsg=\"Ce champ ne peut pas \u00eatre vide\" data-invmsg=\"Selectievakje is invalid\" aria-invalid=\"false\"   \/> Beschikbaarheid<\/label><\/div>\n\t\t<div class=\"frm_checkbox\" id=\"frm_checkbox_11-2\">\t\t\t<label  for=\"field_2zep1-2\">\n\t\t\t<input type=\"checkbox\" name=\"item_meta[11][]\" id=\"field_2zep1-2\" value=\"Reserveren\"  data-reqmsg=\"Ce champ ne peut pas \u00eatre vide\" data-invmsg=\"Selectievakje is invalid\" aria-invalid=\"false\"   \/> Reserveren<\/label><\/div>\n\t\t<div class=\"frm_checkbox\" id=\"frm_checkbox_11-3\">\t\t\t<label  for=\"field_2zep1-3\">\n\t\t\t<input type=\"checkbox\" name=\"item_meta[11][]\" id=\"field_2zep1-3\" value=\"Gastenboek\"  data-reqmsg=\"Ce champ ne peut pas \u00eatre vide\" data-invmsg=\"Selectievakje is invalid\" aria-invalid=\"false\"   \/> Gastenboek<\/label><\/div>\n<\/div>\r\n    \r\n    \r\n<\/div>\n<div id=\"frm_field_17_container\" class=\"frm_form_field form-field  frm_top_container\">\r\n    <label for=\"field_o1yo3\" class=\"frm_primary_label\">texte\r\n        <span class=\"frm_required\"><\/span>\r\n    <\/label>\r\n    <input type=\"text\" id=\"field_o1yo3\" name=\"item_meta[17]\" value=\"\"  data-invmsg=\"texte est non valide\" aria-invalid=\"false\"  \/>\r\n    \r\n    \r\n<\/div>\n\t<input type=\"hidden\" name=\"item_key\" value=\"\" \/>\n\t\t\t<div id=\"frm_field_18_container\">\n\t\t\t<label for=\"field_ntuzx\" >\n\t\t\t\tIf you are human, leave this field blank.\t\t\t<\/label>\n\t\t\t<input  id=\"field_ntuzx\" type=\"text\" class=\"frm_form_field form-field frm_verify\" name=\"item_meta[18]\" value=\"\"  \/>\n\t\t<\/div>\n\t\t<input name=\"frm_state\" type=\"hidden\" value=\"KrK\/vR3q7gFnMBCYUTVCNBqX+PWVYrt8hd4m03OM0TY=\" \/><div class=\"frm_submit\">\r\n\r\n<button class=\"frm_button_submit\" type=\"submit\"  >Versturen<\/button>\r\n\r\n<\/div><\/div>\n<\/fieldset>\n<\/div>\n\n<\/form>\n<\/div>\n<\/span><\/p>\n<p>[\/et_pb_text][\/et_pb_column][\/et_pb_row][\/et_pb_section]<\/p>\n","protected":false},"excerpt":{"rendered":"<p>2C\u00f4t\u00e9 Fontaine b&amp;b Gastenkamers Rue de la Fontaine 43 5022 COGNELEE &#8211; NAMUR Tel. : 0032 (0)81 200 475Mobiel : +32 478 63 93 88 De kamers zijn beschikbaar 17h00 en 22h00 \u00a0 In onderling over leg is een andere aankomsttijd mogelijk, na aanvraag. We beantwoorden uw E-mail binnen 24 uur. \u00a0 Ontvangt u geen [&hellip;]<\/p>\n","protected":false},"author":1,"featured_media":0,"parent":0,"menu_order":0,"comment_status":"closed","ping_status":"closed","template":"","meta":{"_et_pb_use_builder":"on","_et_pb_old_content":"C\u00f4t\u00e9 Fontaine Chambres d'h\u00f4tes\n\nRue de la Fontaine 43\n5022 COGNELEE - NAMUR\n\nT\u00e9l. : 0032 (0)81 200 475\nPortable : +32 478 63 93 88\n[formidable id=\"2\"]","_et_gb_content_width":"","footnotes":""},"class_list":["post-9","page","type-page","status-publish","hentry"],"_links":{"self":[{"href":"https:\/\/cotefontaine.be\/cf-nl\/wp-json\/wp\/v2\/pages\/9","targetHints":{"allow":["GET"]}}],"collection":[{"href":"https:\/\/cotefontaine.be\/cf-nl\/wp-json\/wp\/v2\/pages"}],"about":[{"href":"https:\/\/cotefontaine.be\/cf-nl\/wp-json\/wp\/v2\/types\/page"}],"author":[{"embeddable":true,"href":"https:\/\/cotefontaine.be\/cf-nl\/wp-json\/wp\/v2\/users\/1"}],"replies":[{"embeddable":true,"href":"https:\/\/cotefontaine.be\/cf-nl\/wp-json\/wp\/v2\/comments?post=9"}],"version-history":[{"count":7,"href":"https:\/\/cotefontaine.be\/cf-nl\/wp-json\/wp\/v2\/pages\/9\/revisions"}],"predecessor-version":[{"id":4287,"href":"https:\/\/cotefontaine.be\/cf-nl\/wp-json\/wp\/v2\/pages\/9\/revisions\/4287"}],"wp:attachment":[{"href":"https:\/\/cotefontaine.be\/cf-nl\/wp-json\/wp\/v2\/media?parent=9"}],"curies":[{"name":"wp","href":"https:\/\/api.w.org\/{rel}","templated":true}]}}