{"id":278,"date":"2017-11-11T21:50:12","date_gmt":"2017-11-11T20:50:12","guid":{"rendered":"https:\/\/cotefontaine.be\/cf\/?page_id=278"},"modified":"2023-07-12T14:33:04","modified_gmt":"2023-07-12T12:33:04","slug":"plan-acces","status":"publish","type":"page","link":"https:\/\/cotefontaine.be\/cf\/plan-acces\/","title":{"rendered":"Plan acc\u00e8s"},"content":{"rendered":"<p>[et_pb_section fb_built=\u00a0\u00bb1&Prime; _builder_version=\u00a0\u00bb4.20.4&Prime; background_color=\u00a0\u00bb#FFFFFF\u00a0\u00bb global_colors_info=\u00a0\u00bb{}\u00a0\u00bb][et_pb_row _builder_version=\u00a0\u00bb4.16&Prime; global_colors_info=\u00a0\u00bb{}\u00a0\u00bb][et_pb_column type=\u00a0\u00bb4_4&Prime; _builder_version=\u00a0\u00bb4.16&Prime; global_colors_info=\u00a0\u00bb{}\u00a0\u00bb custom_padding__hover=\u00a0\u00bb|||\u00a0\u00bb][et_pb_map address=\u00a0\u00bbRue de la Fontaine 43, 5022 Namur, Belgique\u00a0\u00bb zoom_level=\u00a0\u00bb9&Prime; address_lat=\u00a0\u00bb50.5154751&Prime; address_lng=\u00a0\u00bb4.9026744&Prime; _builder_version=\u00a0\u00bb4.16&Prime; child_mix_blend_mode=\u00a0\u00bbcolor-burn\u00a0\u00bb global_colors_info=\u00a0\u00bb{}\u00a0\u00bb][et_pb_map_pin title=\u00a0\u00bbC\u00f4t\u00e9 Fontaine chambres d&rsquo;h\u00f4tes, class\u00e9es 3 \u00e9pis. Label %22Wallonie Destination Qualit\u00e9%22&Prime; pin_address=\u00a0\u00bbRue de la Fontaine 43, 5022 Namur, Belgique\u00a0\u00bb pin_address_lat=\u00a0\u00bb50.5154751&Prime; pin_address_lng=\u00a0\u00bb4.9026744&Prime; _builder_version=\u00a0\u00bb3.0.92&Prime; global_colors_info=\u00a0\u00bb{}\u00a0\u00bb] Rue de la Fontaine 43<br \/>\n5022 Namur &#8211; Cognel\u00e9e<br \/>\nT. fixe : +32 (0)81 200 475<br \/>\nPortable : +32 478 63 93 88[\/et_pb_map_pin][\/et_pb_map][et_pb_image src=\u00a0\u00bbhttps:\/\/cotefontaine.be\/cf\/wp-content\/uploads\/2019\/01\/Acces_CF2019_3.png\u00a0\u00bb align=\u00a0\u00bbcenter\u00a0\u00bb _builder_version=\u00a0\u00bb4.16&Prime; global_colors_info=\u00a0\u00bb{}\u00a0\u00bb][\/et_pb_image][et_pb_text admin_label=\u00a0\u00bbTexte\u00a0\u00bb _builder_version=\u00a0\u00bb4.21.0&Prime; text_font=\u00a0\u00bb||||||||\u00a0\u00bb text_text_color=\u00a0\u00bbRGBA(28,28,28,0.99)\u00a0\u00bb background_color=\u00a0\u00bb#ffffff\u00a0\u00bb custom_margin=\u00a0\u00bb|||1px\u00a0\u00bb custom_padding=\u00a0\u00bb||10px|||\u00a0\u00bb link_option_url=\u00a0\u00bbhttps:\/\/cotefontaine.be\/cf\/contact\/\u00a0\u00bb hover_enabled=\u00a0\u00bb0&Prime; global_colors_info=\u00a0\u00bb{}\u00a0\u00bb sticky_enabled=\u00a0\u00bb0&Prime;]<\/p>\n<h3 style=\"text-align: center;\"><span style=\"color: rgba(0, 37, 249, 0.99);\"><strong>Vous voyagez avec le train\u00a0<\/strong><\/span><\/h3>\n<h3 style=\"text-align: center;\"><span style=\"color: rgba(0, 37, 249, 0.99);\"><strong style=\"font-size: 22px;\"><\/strong><\/span><\/h3>\n<h3 style=\"text-align: center;\"><span style=\"color: rgba(0, 37, 249, 0.99);\"><strong style=\"font-size: 22px;\">Depuis le <\/strong><span style=\"font-size: xx-large;\"><strong>gare de Namur<\/strong><\/span><strong style=\"font-size: 22px;\">, vous avez un <strong><span style=\"font-size: x-large;\">Service de bus \u00a0\u00bb TEC \u00ab\u00a0<br \/><\/span><\/strong><\/strong><\/span><\/h3>\n<h3 style=\"text-align: center;\"><span style=\"color: rgba(0, 37, 249, 0.99);\"><strong style=\"font-size: 22px;\"><strong><span style=\"font-size: x-large;\">La gare des BUS\u00a0 se situe <span style=\"text-decoration: underline;\">au dessus<\/span> de la gare des TRAINS<\/span><\/strong><\/strong><\/span><\/h3>\n<p style=\"text-align: center;\"><span style=\"color: #840b00;\"><strong><span style=\"font-size: x-large; color: rgba(28, 28, 28, 0.99);\"><a href=\"https:\/\/www.letec.be\/Planning\/DownloadDocument\/13499?DocName=Valable%20%C3%A0%20partir%20du%201%20avril%202023\" target=\"_blank\" rel=\"noopener\" title=\"Horaires ligne 821\"><span style=\"text-decoration: underline; color: rgba(2, 132, 4, 0.99);\">Lignes\u00a0 8 2 1<\/span>\u00a0<\/a> <span style=\"color: rgba(0, 37, 249, 0.99);\">Namur &#8211; Eghez\u00e9e,\u00a0 <\/span><\/span><\/strong><\/span><span style=\"color: rgba(0, 37, 249, 0.99);\"><strong style=\"font-size: 22px;\"><strong><span style=\"font-size: x-large;\">quai N\u00b0 5\u00a0 (\u00e0 v\u00e9rifier)<\/span><\/strong><\/strong><\/span><\/p>\n<p style=\"text-align: center;\"><span style=\"color: rgba(0, 37, 249, 0.99);\"><strong style=\"font-size: 22px;\">Le trajet de 12\u00a0 \u00e0\u00a0 16\u00a0 minutes<\/strong><\/span><\/p>\n<h4 style=\"text-align: center;\"><span style=\"color: rgba(28, 28, 28, 0.99);\"><strong><span style=\"color: rgba(0, 37, 249, 0.99);\"><span style=\"font-size: xx-large;\">Arr\u00eats<\/span> &#8211; Cognel\u00e9e &#8211;\u00a0 <span style=\"font-size: xx-large;\">Ferme<\/span> ou <span style=\"font-size: xx-large;\">Village<\/span>,<\/span><br \/><\/strong><\/span><span style=\"color: rgba(2, 132, 4, 0.99);\">Clic<a href=\"https:\/\/www.letec.be\/Planning\/DownloadDocument\/13499?DocName=Valable%20%C3%A0%20partir%20du%201%20avril%202023\" target=\"_blank\" rel=\"noopener\" style=\"color: rgba(2, 132, 4, 0.99);\"> <strong style=\"font-size: 22px;\"><span style=\"text-decoration: underline;\">Horaires ligne 8 2 1\u00a0<\/span><\/strong><\/a><\/span><\/h4>\n<h3 style=\"text-align: center;\"><span style=\"color: rgba(28, 28, 28, 0.99);\"><strong style=\"font-size: 22px;\"><span style=\"color: #840b00;\"><strong><span style=\"font-size: x-large; color: rgba(28, 28, 28, 0.99);\">\u00a0<\/span><\/strong><\/span><\/strong><\/span><strong style=\"text-align: left; font-size: 22px;\">Depuis l&rsquo;arr\u00eat du bus de COGNELEE,<br \/><\/strong><strong style=\"text-align: left; font-size: 22px;\">vous avez 5 minutes \u00e0 pieds vers notre maison d&rsquo;h\u00f4tes<\/strong><span style=\"text-align: left; font-size: 22px;\"><strong>.<br \/><\/strong><\/span><\/h3>\n<h3 style=\"text-align: center;\"><span style=\"color: rgba(0, 37, 249, 0.99);\"><strong><span style=\"font-size: x-large;\">Clic <\/span><\/strong><span style=\"font-size: x-large;\">sur le bus et trouvez les infos<\/span> g\u00e9n\u00e9rales\u00a0 <a href=\"https:\/\/www.letec.be\/Planning\/DownloadDocument\/13499?DocName=Valable%20%C3%A0%20partir%20du%201%20avril%202023\" target=\"_blank\" rel=\"noopener\" title=\"Infos g\u00e9n\u00e9rales\">\u00a0<img decoding=\"async\" src=\"https:\/\/cotefontaine.be\/cf\/wp-content\/uploads\/2018\/07\/160.jpg\" \/><\/a><\/span><\/h3>\n<h3 style=\"text-align: center;\"><span style=\"text-align: left; font-size: 22px; color: rgba(0, 37, 249, 0.99);\"><strong>\u00a0<\/strong><\/span><\/h3>\n<h3 style=\"text-align: center;\"><span style=\"color: rgba(0, 37, 249, 0.99);\"><strong style=\"font-size: 22px;\"><strong><span style=\"font-size: x-large;\">\u00a0<\/span><\/strong><\/strong><strong style=\"font-size: 22px;\">Nos chambres d&rsquo;h\u00f4tes sont \u00e0 6 km de la gare de Namur.<\/strong><\/span><\/h3>\n<h3 style=\"text-align: center;\"><em><span style=\"color: #028404;\"><span style=\"font-size: x-large;\">Nous pouvons venir vous chercher \u00e0 la gare le jour de votre arriv\u00e9e<\/span><br \/><span style=\"font-size: x-large;\">et vous d\u00e9poser le jour du d\u00e9part, <span style=\"text-decoration: underline;\">\u00e0 convenir au pr\u00e9alable avec nous.<\/span><\/span><\/span><\/em><\/h3>\n<h4 style=\"text-align: center;\"><span style=\"font-size: x-large;\"><strong>Pour information :<\/strong>\u00a0<\/span><\/h4>\n<h4 style=\"text-align: center;\"><span style=\"color: #0025f9; font-size: large;\">Cliquez sur le lien distances ci-dessous, vous trouverez les km et le temps qui nous s\u00e9parent de chez nous \u00e0 &#8230;<br \/><a title=\"Distance depuis nos chambres d'h\u00f4tes\" href=\"https:\/\/cotefontaine.be\/cf\/wp-content\/uploads\/2018\/07\/Distance-Km.pdf\" target=\"_blank\" rel=\"attachment wp-att-1933 noopener noreferrer\" style=\"color: #0025f9;\">Source Michelin :\u00a0au d\u00e9part de nos chambres d&rsquo;h\u00f4tes. <\/a><a title=\"Distance depuis nos chambres d'h\u00f4tes\" href=\"https:\/\/cotefontaine.be\/cf\/wp-content\/uploads\/2018\/07\/Distance-Km.pdf\" target=\"_blank\" rel=\"attachment wp-att-1933 noopener noreferrer\" style=\"color: #0025f9;\"><em>Format pdf.<\/em><\/a><\/span><\/h4>\n<p style=\"text-align: center;\"><span style=\"text-decoration: underline; font-size: x-large;\"><span style=\"color: #0025f9; text-decoration: underline;\"><a title=\"Distance depuis nos chambres d'h\u00f4tes\" href=\"https:\/\/cotefontaine.be\/cf\/wp-content\/uploads\/2018\/07\/Distance-Km.pdf\" target=\"_blank\" rel=\"attachment noopener noreferrer wp-att-1933\" style=\"color: #0025f9; text-decoration: underline;\"><strong>Distances Km\u00a0:<\/strong>\u00a0<\/a><\/span><\/span><\/p>\n<h3 style=\"text-align: center;\"><\/h3>\n<p>[\/et_pb_text][\/et_pb_column][\/et_pb_row][\/et_pb_section]<\/p>\n","protected":false},"excerpt":{"rendered":"<p>Rue de la Fontaine 43 5022 Namur &#8211; Cognel\u00e9e T. fixe : +32 (0)81 200 475 Portable : +32 478 63 93 88Vous voyagez avec le train\u00a0 Depuis le gare de Namur, vous avez un Service de bus \u00a0\u00bb TEC \u00a0\u00bb La gare des BUS\u00a0 se situe au dessus de la gare des TRAINS Lignes\u00a0 [&hellip;]<\/p>\n","protected":false},"author":1,"featured_media":0,"parent":0,"menu_order":0,"comment_status":"closed","ping_status":"closed","template":"","meta":{"_et_pb_use_builder":"on","_et_pb_old_content":"","_et_gb_content_width":"","footnotes":""},"class_list":["post-278","page","type-page","status-publish","hentry"],"_links":{"self":[{"href":"https:\/\/cotefontaine.be\/cf\/wp-json\/wp\/v2\/pages\/278","targetHints":{"allow":["GET"]}}],"collection":[{"href":"https:\/\/cotefontaine.be\/cf\/wp-json\/wp\/v2\/pages"}],"about":[{"href":"https:\/\/cotefontaine.be\/cf\/wp-json\/wp\/v2\/types\/page"}],"author":[{"embeddable":true,"href":"https:\/\/cotefontaine.be\/cf\/wp-json\/wp\/v2\/users\/1"}],"replies":[{"embeddable":true,"href":"https:\/\/cotefontaine.be\/cf\/wp-json\/wp\/v2\/comments?post=278"}],"version-history":[{"count":10,"href":"https:\/\/cotefontaine.be\/cf\/wp-json\/wp\/v2\/pages\/278\/revisions"}],"predecessor-version":[{"id":5138,"href":"https:\/\/cotefontaine.be\/cf\/wp-json\/wp\/v2\/pages\/278\/revisions\/5138"}],"wp:attachment":[{"href":"https:\/\/cotefontaine.be\/cf\/wp-json\/wp\/v2\/media?parent=278"}],"curies":[{"name":"wp","href":"https:\/\/api.w.org\/{rel}","templated":true}]}}