{"id":4574,"date":"2023-05-05T19:26:36","date_gmt":"2023-05-05T17:26:36","guid":{"rendered":"https:\/\/cotefontaine.be\/cf\/?page_id=4574"},"modified":"2023-06-26T17:19:12","modified_gmt":"2023-06-26T15:19:12","slug":"a-propos-de","status":"publish","type":"page","link":"https:\/\/cotefontaine.be\/cf\/a-propos-de\/","title":{"rendered":"A propos de"},"content":{"rendered":"<p>[et_pb_section fb_built=\u00a0\u00bb1&Prime; _builder_version=\u00a0\u00bb4.20.4&Prime; _module_preset=\u00a0\u00bbdefault\u00a0\u00bb global_colors_info=\u00a0\u00bb{}\u00a0\u00bb][et_pb_row _builder_version=\u00a0\u00bb4.20.4&Prime; _module_preset=\u00a0\u00bbdefault\u00a0\u00bb global_colors_info=\u00a0\u00bb{}\u00a0\u00bb][et_pb_column type=\u00a0\u00bb4_4&Prime; _builder_version=\u00a0\u00bb4.20.4&Prime; _module_preset=\u00a0\u00bbdefault\u00a0\u00bb global_colors_info=\u00a0\u00bb{}\u00a0\u00bb][et_pb_text _builder_version=\u00a0\u00bb4.20.4&Prime; _module_preset=\u00a0\u00bbdefault\u00a0\u00bb text_font=\u00a0\u00bb|800|||||||\u00a0\u00bb text_font_size=\u00a0\u00bb32px\u00a0\u00bb global_colors_info=\u00a0\u00bb{}\u00a0\u00bb]<\/p>\n<h4 style=\"text-align: center;\"><span style=\"font-size: xx-large;\"><strong>A propos de<\/strong><\/span><\/h4>\n<p>[\/et_pb_text][\/et_pb_column][\/et_pb_row][et_pb_row column_structure=\u00a0\u00bb3_5,1_5,1_5&Prime; _builder_version=\u00a0\u00bb4.20.4&Prime; _module_preset=\u00a0\u00bbdefault\u00a0\u00bb global_colors_info=\u00a0\u00bb{}\u00a0\u00bb][et_pb_column type=\u00a0\u00bb3_5&Prime; _builder_version=\u00a0\u00bb4.20.4&Prime; _module_preset=\u00a0\u00bbdefault\u00a0\u00bb global_colors_info=\u00a0\u00bb{}\u00a0\u00bb][et_pb_text _builder_version=\u00a0\u00bb4.20.4&Prime; _module_preset=\u00a0\u00bbdefault\u00a0\u00bb global_colors_info=\u00a0\u00bb{}\u00a0\u00bb]<\/p>\n<h4><span style=\"font-size: large;\"><strong>A 6 km de Namur<\/strong><\/span><\/h4>\n<h4><span style=\"font-size: large;\"><strong>A 2 km de l&rsquo;autoroute<\/strong><\/span><\/h4>\n<h4><span style=\"font-size: large;\"><strong>A 1 km le Ravel et un chemin de Saint Jacques de Compostelle<\/strong><\/span><\/h4>\n<p><strong><\/strong><strong><\/strong><\/p>\n<p><span style=\"font-size: medium;\">Sur les hauteurs dans le calme et la douceur de la campagne verdoyante du Namurois, au village de COGNELEE un accueil chaleureux et personnalis\u00e9 vous \u00eates r\u00e9serv\u00e9 dans une agr\u00e9able maison fleurie.<\/span><\/p>\n<h4><span style=\"font-size: x-large;\"><span style=\"font-size: medium;\">Chez nous dans la maison, le soleil vous accompagne toute l&rsquo;ann\u00e9e.<\/span><br \/><span style=\"font-size: medium;\">Nous avons un parking priv\u00e9 gratuit et un abri<span style=\"font-size: large;\"> v\u00e9los\u00a0 &#8230;<\/span><\/span><\/span><\/h4>\n<p>[\/et_pb_text][\/et_pb_column][et_pb_column type=\u00a0\u00bb1_5&Prime; _builder_version=\u00a0\u00bb4.20.4&Prime; _module_preset=\u00a0\u00bbdefault\u00a0\u00bb global_colors_info=\u00a0\u00bb{}\u00a0\u00bb][et_pb_blurb title=\u00a0\u00bbChantal\u00a0\u00bb image=\u00a0\u00bbhttps:\/\/cotefontaine.be\/cf\/wp-content\/uploads\/2023\/04\/Chantal-1.jpg\u00a0\u00bb _builder_version=\u00a0\u00bb4.21.0&Prime; _module_preset=\u00a0\u00bbdefault\u00a0\u00bb header_font=\u00a0\u00bb||||||||\u00a0\u00bb header_font_size=\u00a0\u00bb20px\u00a0\u00bb body_font=\u00a0\u00bb||||||||\u00a0\u00bb body_font_size=\u00a0\u00bb16px\u00a0\u00bb text_orientation=\u00a0\u00bbcenter\u00a0\u00bb global_colors_info=\u00a0\u00bb{}\u00a0\u00bb]<\/p>\n<p>Votre h\u00f4te<br \/>Nous serons heureux de vous recevoir chez nous<\/p>\n<p>[\/et_pb_blurb][\/et_pb_column][et_pb_column type=\u00a0\u00bb1_5&Prime; _builder_version=\u00a0\u00bb4.20.4&Prime; _module_preset=\u00a0\u00bbdefault\u00a0\u00bb global_colors_info=\u00a0\u00bb{}\u00a0\u00bb][et_pb_blurb title=\u00a0\u00bbPierre\u00a0\u00bb image=\u00a0\u00bbhttps:\/\/cotefontaine.be\/cf\/wp-content\/uploads\/2023\/04\/pierre-1.jpg\u00a0\u00bb _builder_version=\u00a0\u00bb4.21.0&Prime; _module_preset=\u00a0\u00bbdefault\u00a0\u00bb header_font=\u00a0\u00bb||||||||\u00a0\u00bb header_font_size=\u00a0\u00bb20px\u00a0\u00bb body_font=\u00a0\u00bb||||||||\u00a0\u00bb body_font_size=\u00a0\u00bb16px\u00a0\u00bb text_orientation=\u00a0\u00bbcenter\u00a0\u00bb global_colors_info=\u00a0\u00bb{}\u00a0\u00bb]<\/p>\n<p style=\"text-align: center;\">Votre h\u00f4te<br \/><span>Je parle un peu :<\/span><br \/><span>&#8211; Anglais<\/span><br \/><span>&#8211; N\u00e9erlandais<\/span><br \/><span>&#8211; Allemand<\/span><\/p>\n<p>[\/et_pb_blurb][\/et_pb_column][\/et_pb_row][et_pb_row column_structure=\u00a0\u00bb3_5,2_5&Prime; _builder_version=\u00a0\u00bb4.20.4&Prime; _module_preset=\u00a0\u00bbdefault\u00a0\u00bb custom_margin=\u00a0\u00bb-70px||||false|false\u00a0\u00bb global_colors_info=\u00a0\u00bb{}\u00a0\u00bb][et_pb_column type=\u00a0\u00bb3_5&Prime; _builder_version=\u00a0\u00bb4.20.4&Prime; _module_preset=\u00a0\u00bbdefault\u00a0\u00bb global_colors_info=\u00a0\u00bb{}\u00a0\u00bb][\/et_pb_column][et_pb_column type=\u00a0\u00bb2_5&Prime; _builder_version=\u00a0\u00bb4.20.4&Prime; _module_preset=\u00a0\u00bbdefault\u00a0\u00bb global_colors_info=\u00a0\u00bb{}\u00a0\u00bb][et_pb_text _builder_version=\u00a0\u00bb4.21.0&Prime; _module_preset=\u00a0\u00bbdefault\u00a0\u00bb header_4_font_size=\u00a0\u00bb16px\u00a0\u00bb global_colors_info=\u00a0\u00bb{}\u00a0\u00bb]<\/p>\n<p style=\"text-align: center;\"><span style=\"font-size: large;\"><strong>Nos hobbies<\/strong><\/span><\/p>\n<p style=\"text-align: center;\"><span style=\"font-size: large;\">Les fleurs, les voyages, les voitures anciennes,<br \/>la montagne, le ski, la nature.<\/span><\/p>\n<p>[\/et_pb_text][\/et_pb_column][\/et_pb_row][et_pb_row _builder_version=\u00a0\u00bb4.20.4&Prime; _module_preset=\u00a0\u00bbdefault\u00a0\u00bb global_colors_info=\u00a0\u00bb{}\u00a0\u00bb][et_pb_column type=\u00a0\u00bb4_4&Prime; _builder_version=\u00a0\u00bb4.20.4&Prime; _module_preset=\u00a0\u00bbdefault\u00a0\u00bb global_colors_info=\u00a0\u00bb{}\u00a0\u00bb][et_pb_text _builder_version=\u00a0\u00bb4.20.4&Prime; _module_preset=\u00a0\u00bbdefault\u00a0\u00bb global_colors_info=\u00a0\u00bb{}\u00a0\u00bb]<\/p>\n<h4><span style=\"font-size: xx-large;\"><strong><span style=\"font-size: x-large;\">\u00ab\u00a0&lsquo;Nos points forts : <\/span>\u00a0\u00a0<\/strong><\/span><span>\u00a0\u00a0<img loading=\"lazy\" decoding=\"async\" class=\"wp-image-1998 size-full\" src=\"https:\/\/cotefontaine.be\/cf\/wp-content\/uploads\/2018\/07\/PouceV.png\" alt=\"\" width=\"60\" height=\"58\" \/><\/span><\/h4>\n<p><span><\/span><\/p>\n<p><span><\/span><\/p>\n<ul>\n<li>\n<h4><span><strong>Notre accueil et conseils :\u00a0<\/strong>La\u00a0r\u00e9gion de Namuroise, la vall\u00e9e de la Meuse, les Ardennes et la Belgique en g\u00e9n\u00e9ral &#8230;<\/span><\/h4>\n<\/li>\n<li>\n<h4><span><strong>Entr\u00e9e ind\u00e9pendante :\u00a0<\/strong>\u00a0Vous gardez votre libert\u00e9 ! Nous vous remettons les cl\u00e9s, apr\u00e8s vous entrez et sortez librement.<\/span><\/h4>\n<\/li>\n<li>\n<h4><span><strong>Parking priv\u00e9 gratuit, abris v\u00e9los.<\/strong><\/span><\/h4>\n<\/li>\n<li>\n<h4><span><strong>Les chambres sont\u00a0<\/strong><strong>\u00e9quip\u00e9es\u00a0avec soin en priv\u00e9,<\/strong>\u00a0pour votre confort elles ont toutes\u00a0:<br \/>salle de bain avec douche, WC, lavabo, savon, s\u00e8che-cheveux, miroir maquillage, savon, &#8230;\u00a0TV \u00e9cran plat, ventilateur de plafond, connexion ADSL , WiFi gratuit, chauffage central &#8230;<\/span><\/h4>\n<\/li>\n<li>\n<h4><span><strong>Le petit-d\u00e9jeuner<\/strong>\u00a0: vari\u00e9 et copieux avec les produits du terroir vous sera servi dans notre salle \u00e0 manger.<\/span><\/h4>\n<\/li>\n<li>\n<h4><span><strong>Fra\u00eecheur garantie du petit d\u00e9jeuner :\u00a0<\/strong>\u00a0\u00e0 la maison, tous les matins, nous cuisons petits pains et viennoiseries.<\/span><\/h4>\n<\/li>\n<li>\n<h4><span><strong>A votre disposition\u00a0<\/strong>: frigo avec boissons fra\u00eeches, plateau de courtoisie, chocolats Belge, caf\u00e9, th\u00e9, micro-ondes &#8230;<\/span><\/h4>\n<\/li>\n<li>\n<h4><span><strong>Label:\u00a0<\/strong>\u00a0<strong><a href=\"http:\/\/walloniebelgiquetourisme.be\/fr-be\/3\/en-pratique\/wallonie-destination-qualite\/label-qualite-cest-quoi-ij\" target=\"_blank\" rel=\"noopener noreferrer\">WALLONIE DESTINATION QUALIT\u00c9\u00a0,<\/a><\/strong>\u00a0en 2013.<\/span><\/h4>\n<\/li>\n<li>\n<h4><span><strong>2 km\u00a0<\/strong>\u00a0\u00a0<strong>autoroute E 411 Bruxelles &#8211; Luxembourg,<\/strong>\u00a0sortie N \u00b0 13, prendre direction Eghez\u00e9e &#8211; Louvain sur 2 km.<\/span><\/h4>\n<\/li>\n<li>\n<h4><span><strong>5 km\u00a0<\/strong><strong>autoroute E 42 Mons &#8211; Li\u00e8ge &#8211; Aix-la-Chapelle (Paris, Calais, Dunkerque, Lille)<\/strong>. Prendre la direction E 411 LUXEMBOURG, puis la premi\u00e8re sortie N \u00b0 13 Champion, suivre Eghez\u00e9e &#8211; Louvain sur 2 km.<\/span><\/h4>\n<\/li>\n<li>\n<h4><span><strong>A quelques kilom\u00e8tres, salles pour mariages, r\u00e9ceptions et banquets:<br \/><\/strong>&#8211;\u00a0\u00a0<a href=\"http:\/\/chateaubayard.be\/\" target=\"_blank\" rel=\"noopener noreferrer\"><strong>Ch\u00e2teau Bayard<\/strong>\u00a0,\u00a0Upigny, Eghez\u00e9e<br \/><\/a>&#8211;\u00a0\u00a0<a href=\"https:\/\/www.franc-waret.com\/\" target=\"_blank\" rel=\"noopener noreferrer\"><strong>Ch\u00e2teau de Franc-War\u00eat<\/strong><\/a><a href=\"https:\/\/www.franc-waret.com\/\" target=\"_blank\" rel=\"noopener noreferrer\">\u00a0, Franc-Waret, Fernelmont<br \/><\/a>&#8211;\u00a0\u00a0<a title=\"Ferme de Mehaignoul\" href=\"https:\/\/www.fermedemehaignoul.com\/\" target=\"_blank\" rel=\"noopener noreferrer\"><strong>Ferme de Mehaignoul<\/strong>\u00a0, Meux, La Bruy\u00e8re<br \/><\/a>&#8211;\u00a0\u00a0<a href=\"http:\/\/www.fermedegaiffier.be\/\" target=\"_blank\" rel=\"noopener noreferrer\"><strong>Ferme de Gaiffier<\/strong><\/a><a href=\"http:\/\/www.fermedegaiffier.be\/\" target=\"_blank\" rel=\"noopener noreferrer\">\u00a0, Cognel\u00e9e, Namur<\/a><br \/><\/span><\/h4>\n<\/li>\n<li>\n<h4><span><strong>Ne prenez pas de risque\u00a0<\/strong>apr\u00e8s une belle soir\u00e9e, profitez de nos chambres d&rsquo;h\u00f4tes<strong>.<\/strong><\/span><\/h4>\n<\/li>\n<li>\n<h4><span><strong>6,2 km<\/strong>\u00a0de la gare de Namur.<\/span><\/h4>\n<\/li>\n<li>\n<h4><span><strong>Pour le travail,\u00a0<\/strong>\u00e0 quelques km du zoning industriel de Fernelmont, Naninne, Eghezee,&#8230;<\/span><\/h4>\n<\/li>\n<li>\n<h4><span><strong>Raisons m\u00e9dicales &#8230;<br \/><\/strong><strong>5\u00a0 km\u00a0<\/strong><strong>h\u00f4pitaux<\/strong>\u00a0:<br \/>CHR Namur Saint Camille Clinique Saint Luc \u00e0 Bouge.<\/span><\/h4>\n<\/li>\n<li>\n<h4><span><\/span><strong style=\"font-size: 18px;\">\u00a01 km <\/strong><strong style=\"font-size: 18px;\"><a href=\"http:\/\/ravel.wallonie.be\/home.html\" target=\"_blank\" rel=\"noopener noreferrer\">Ravel<\/a><\/strong><strong style=\"font-size: 18px;\">\u00a0:\u00a0<\/strong><a href=\"http:\/\/ravel.wallonie.be\/home\/itineraires\/regional\/w5-dune-vallee-a-lautre\/de-hoegaarden-a-namur.html\" target=\"_blank\" rel=\"noopener noreferrer\" style=\"font-size: 18px;\"><strong>Hoegaarden &#8211; Namur<\/strong><\/a><span style=\"font-size: 18px;\">\u00a0,\u00a0<\/span><strong style=\"font-size: 18px;\"><a href=\"http:\/\/ravel.wallonie.be\/home.html\" target=\"_blank\" rel=\"noopener noreferrer\">Namur &#8211; Dinant<\/a><\/strong><span style=\"font-size: 18px;\">\u00a0 et la route de Saint Jacques de Compostelle \u00ab\u00a0Santiago\u00a0\u00bb<\/span><\/h4>\n<\/li>\n<li>\n<h4><span>45 itin\u00e9raires balis\u00e9s pour vos balades en famille et vos randonn\u00e9es \u00e0 pied, en v\u00e9lo, \u00e0 cheval &#8230;<\/span><\/h4>\n<\/li>\n<li>\n<h4><span>Bienvenue aux\u00a0<strong>v\u00e9los<\/strong>\u00a0et aux\u00a0<strong>marcheurs,\u00a0<\/strong>si vous souhaitez dans le village il y a un restaurant \u00e0 5 minutes \u00e0 pied si il est ferm\u00e9, nous vous offrons la possibilit\u00e9 de vous conduire gracieusement \u00e0 un autre restaurant.<br \/>Un micro-ondes est \u00e0 votre disposition.<\/span><\/h4>\n<\/li>\n<li>\n<h4><span>Sur un chemin de\u00a0<strong>Saint Jacques de Compostelle.<\/strong><\/span><\/h4>\n<\/li>\n<li>\n<h4><span><strong>Conseils pour vos d\u00e9couvertes dans notre belle r\u00e9gion<\/strong>, nous avons une grande vari\u00e9t\u00e9 d&rsquo;informations touristiques. Notre position centrale est id\u00e9ale pour d\u00e9couvrir la vall\u00e9e de la Sambre et de la Meuse, Dinant, Bastogne, Brussels, Bruges, &#8230;\u00a0<\/span><\/h4>\n<\/li>\n<li>\n<h4><span>Pour une halte, sur la route des vacances, tourisme, visites \u00e0 la famille, aux amis &#8230;<\/span><\/h4>\n<\/li>\n<li>\n<h4><span><strong>R\u00e9ponse rapide aux e-mails normalement dans la journ\u00e9e<\/strong><strong>, 24 h maximum.<\/strong><\/span><\/h4>\n<\/li>\n<\/ul>\n<p>[\/et_pb_text][et_pb_button button_url=\u00a0\u00bbhttps:\/\/cotefontaine.be\/cf\/contact\/\u00a0\u00bb button_text=\u00a0\u00bbR\u00e9servez\u00a0\u00bb button_alignment=\u00a0\u00bbcenter\u00a0\u00bb _builder_version=\u00a0\u00bb4.21.0&Prime; _module_preset=\u00a0\u00bbdefault\u00a0\u00bb custom_button=\u00a0\u00bbon\u00a0\u00bb button_text_color=\u00a0\u00bb#FFFFFF\u00a0\u00bb button_bg_color=\u00a0\u00bb#028404&Prime; button_border_width=\u00a0\u00bb1px\u00a0\u00bb button_border_radius=\u00a0\u00bb10px\u00a0\u00bb button_letter_spacing=\u00a0\u00bb6px\u00a0\u00bb button_font=\u00a0\u00bb|800|||||||\u00a0\u00bb button_icon=\u00a0\u00bb&#x35;||divi||400&Prime; button_icon_color=\u00a0\u00bb#FFFFFF\u00a0\u00bb global_colors_info=\u00a0\u00bb{}\u00a0\u00bb][\/et_pb_button][et_pb_text _builder_version=\u00a0\u00bb4.20.4&Prime; _module_preset=\u00a0\u00bbdefault\u00a0\u00bb text_font_size=\u00a0\u00bb30px\u00a0\u00bb custom_padding=\u00a0\u00bb0px|||||\u00a0\u00bb global_colors_info=\u00a0\u00bb{}\u00a0\u00bb]<\/p>\n<h4 style=\"text-align: center;\"><span style=\"font-size: x-large;\"><strong>N&rsquo;h\u00e9sitez pas !\u00a0\u00a0Vous serez les bienvenus.<\/strong>\u00a0<\/span><\/h4>\n<p style=\"text-align: center;\"><span><span style=\"font-size: large;\">La maison est agr\u00e9ablement fleurie, les fleurs \u00e9tant la passion de Chantal.<\/span><\/span><span style=\"font-size: large;\">\u00a0<\/span><\/p>\n<h4 style=\"text-align: center;\"><span style=\"font-size: x-large;\"><strong>Pour information :<\/strong>\u00a0<\/span><\/h4>\n<h4 style=\"text-align: center;\"><span style=\"color: #0025f9; font-size: medium;\">Cliquez sur le lien distances ci-dessous, vous trouverez les km et le temps qui nous s\u00e9parent de chez nous \u00e0 &#8230;<br \/><a title=\"Distance depuis nos chambres d'h\u00f4tes\" href=\"https:\/\/cotefontaine.be\/cf\/wp-content\/uploads\/2018\/07\/Distance-Km.pdf\" target=\"_blank\" rel=\"attachment wp-att-1933 noopener noreferrer\" style=\"color: #0025f9;\">Source Michelin :\u00a0au d\u00e9part de nos chambres d&rsquo;h\u00f4tes. <\/a><a title=\"Distance depuis nos chambres d'h\u00f4tes\" href=\"https:\/\/cotefontaine.be\/cf\/wp-content\/uploads\/2018\/07\/Distance-Km.pdf\" target=\"_blank\" rel=\"attachment wp-att-1933 noopener noreferrer\" style=\"color: #0025f9;\"><em>Format pdf.<\/em><\/a><\/span><\/h4>\n<p style=\"text-align: center;\"><span style=\"text-decoration: underline;\"><span style=\"color: #0025f9;\"><a title=\"Distance depuis nos chambres d'h\u00f4tes\" href=\"https:\/\/cotefontaine.be\/cf\/wp-content\/uploads\/2018\/07\/Distance-Km.pdf\" target=\"_blank\" rel=\"attachment noopener noreferrer wp-att-1933\" style=\"color: #0025f9; text-decoration: underline;\"><strong>Distances Km\u00a0:<\/strong>\u00a0<\/a><\/span><\/span><\/p>\n<p>[\/et_pb_text][\/et_pb_column][\/et_pb_row][\/et_pb_section]<\/p>\n","protected":false},"excerpt":{"rendered":"<p>A propos deA 6 km de Namur A 2 km de l&rsquo;autoroute A 1 km le Ravel et un chemin de Saint Jacques de Compostelle Sur les hauteurs dans le calme et la douceur de la campagne verdoyante du Namurois, au village de COGNELEE un accueil chaleureux et personnalis\u00e9 vous \u00eates r\u00e9serv\u00e9 dans une agr\u00e9able [&hellip;]<\/p>\n","protected":false},"author":1,"featured_media":0,"parent":0,"menu_order":0,"comment_status":"closed","ping_status":"closed","template":"","meta":{"_et_pb_use_builder":"on","_et_pb_old_content":"","_et_gb_content_width":"","footnotes":""},"class_list":["post-4574","page","type-page","status-publish","hentry"],"_links":{"self":[{"href":"https:\/\/cotefontaine.be\/cf\/wp-json\/wp\/v2\/pages\/4574","targetHints":{"allow":["GET"]}}],"collection":[{"href":"https:\/\/cotefontaine.be\/cf\/wp-json\/wp\/v2\/pages"}],"about":[{"href":"https:\/\/cotefontaine.be\/cf\/wp-json\/wp\/v2\/types\/page"}],"author":[{"embeddable":true,"href":"https:\/\/cotefontaine.be\/cf\/wp-json\/wp\/v2\/users\/1"}],"replies":[{"embeddable":true,"href":"https:\/\/cotefontaine.be\/cf\/wp-json\/wp\/v2\/comments?post=4574"}],"version-history":[{"count":10,"href":"https:\/\/cotefontaine.be\/cf\/wp-json\/wp\/v2\/pages\/4574\/revisions"}],"predecessor-version":[{"id":5087,"href":"https:\/\/cotefontaine.be\/cf\/wp-json\/wp\/v2\/pages\/4574\/revisions\/5087"}],"wp:attachment":[{"href":"https:\/\/cotefontaine.be\/cf\/wp-json\/wp\/v2\/media?parent=4574"}],"curies":[{"name":"wp","href":"https:\/\/api.w.org\/{rel}","templated":true}]}}