{"id":4937,"date":"2023-06-17T09:26:54","date_gmt":"2023-06-17T07:26:54","guid":{"rendered":"https:\/\/cotefontaine.be\/cf\/?page_id=4937"},"modified":"2026-03-28T14:19:17","modified_gmt":"2026-03-28T13:19:17","slug":"1-2","status":"publish","type":"page","link":"https:\/\/cotefontaine.be\/cf\/","title":{"rendered":"Accueil"},"content":{"rendered":"<p>[et_pb_section fb_built=\u00a0\u00bb1&Prime; _builder_version=\u00a0\u00bb4.21.0&Prime; _module_preset=\u00a0\u00bbdefault\u00a0\u00bb custom_margin=\u00a0\u00bb10px||||false|false\u00a0\u00bb global_colors_info=\u00a0\u00bb{}\u00a0\u00bb][et_pb_row column_structure=\u00a0\u00bb3_5,2_5&Prime; _builder_version=\u00a0\u00bb4.21.0&Prime; _module_preset=\u00a0\u00bbdefault\u00a0\u00bb global_colors_info=\u00a0\u00bb{}\u00a0\u00bb][et_pb_column type=\u00a0\u00bb3_5&Prime; _builder_version=\u00a0\u00bb4.21.0&Prime; _module_preset=\u00a0\u00bbdefault\u00a0\u00bb global_colors_info=\u00a0\u00bb{}\u00a0\u00bb][et_pb_text content_tablet=\u00a0\u00bb<\/p>\n<h1 style=%22text-align: center;%22>Cote Fontaine<\/h1>\n<p>\u00a0\u00bb content_phone=\u00a0\u00bb<\/p>\n<h1 style=%22text-align: center;%22>Cote Fontaine<\/h1>\n<p>\u00a0\u00bb content_last_edited=\u00a0\u00bbon|phone\u00a0\u00bb _builder_version=\u00a0\u00bb4.21.0&Prime; _module_preset=\u00a0\u00bbdefault\u00a0\u00bb text_font_size=\u00a0\u00bb18px\u00a0\u00bb header_font=\u00a0\u00bb||||||||\u00a0\u00bb header_font_size=\u00a0\u00bb65px\u00a0\u00bb header_letter_spacing=\u00a0\u00bb4px\u00a0\u00bb header_line_height=\u00a0\u00bb1.7em\u00a0\u00bb global_colors_info=\u00a0\u00bb{}\u00a0\u00bb]<\/p>\n<h1 style=\"text-align: center;\">Cote Fontaine<\/h1>\n<p>[\/et_pb_text][et_pb_text _builder_version=\u00a0\u00bb4.21.0&Prime; _module_preset=\u00a0\u00bbdefault\u00a0\u00bb header_font_size=\u00a0\u00bb40px\u00a0\u00bb custom_margin=\u00a0\u00bb-35px||||false|false\u00a0\u00bb global_colors_info=\u00a0\u00bb{}\u00a0\u00bb]<\/p>\n<h1 style=\"text-align: center;\"><em>_Chambres d&rsquo;h\u00f4tes_<\/em><\/h1>\n<p>[\/et_pb_text][et_pb_text _builder_version=\u00a0\u00bb4.21.0&Prime; _module_preset=\u00a0\u00bbdefault\u00a0\u00bb header_font_size=\u00a0\u00bb40px\u00a0\u00bb custom_margin=\u00a0\u00bb-35px||||false|false\u00a0\u00bb global_colors_info=\u00a0\u00bb{}\u00a0\u00bb]<\/p>\n<h3 style=\"text-align: center;\"><em>_<span style=\"font-size: xx-large;\">Depuis 2004<\/span>_<\/em><\/h3>\n<p>[\/et_pb_text][et_pb_text _builder_version=\u00a0\u00bb4.27.4&Prime; _module_preset=\u00a0\u00bbdefault\u00a0\u00bb header_font_size=\u00a0\u00bb40px\u00a0\u00bb custom_margin=\u00a0\u00bb-35px||||false|false\u00a0\u00bb hover_enabled=\u00a0\u00bb0&Prime; global_colors_info=\u00a0\u00bb{}\u00a0\u00bb sticky_enabled=\u00a0\u00bb0&Prime;]<\/p>\n<h3 style=\"text-align: center;\"><span style=\"text-decoration: underline;\"><span style=\"font-size: xx-large;\"><strong><em>Ferm\u00e9 provisoirement<\/em><\/strong><\/span><\/span><\/h3>\n<p>[\/et_pb_text][\/et_pb_column][et_pb_column type=\u00a0\u00bb2_5&Prime; _builder_version=\u00a0\u00bb4.21.0&Prime; _module_preset=\u00a0\u00bbdefault\u00a0\u00bb global_colors_info=\u00a0\u00bb{}\u00a0\u00bb][et_pb_image src=\u00a0\u00bbhttps:\/\/cotefontaine.be\/cf\/wp-content\/uploads\/2024\/02\/20-ANS-BLEU.png\u00a0\u00bb title_text=\u00a0\u00bb20-ANS d\u00e9j\u00e0\u00a0\u00bb align=\u00a0\u00bbcenter\u00a0\u00bb _builder_version=\u00a0\u00bb4.21.0&Prime; _module_preset=\u00a0\u00bbdefault\u00a0\u00bb custom_padding=\u00a0\u00bb|20px|||false|false\u00a0\u00bb global_colors_info=\u00a0\u00bb{}\u00a0\u00bb][\/et_pb_image][\/et_pb_column][\/et_pb_row][et_pb_row _builder_version=\u00a0\u00bb4.21.0&Prime; _module_preset=\u00a0\u00bbdefault\u00a0\u00bb global_colors_info=\u00a0\u00bb{}\u00a0\u00bb][et_pb_column type=\u00a0\u00bb4_4&Prime; _builder_version=\u00a0\u00bb4.21.0&Prime; _module_preset=\u00a0\u00bbdefault\u00a0\u00bb global_colors_info=\u00a0\u00bb{}\u00a0\u00bb][et_pb_text _builder_version=\u00a0\u00bb4.27.4&Prime; _module_preset=\u00a0\u00bbdefault\u00a0\u00bb text_font_size=\u00a0\u00bb39px\u00a0\u00bb text_line_height=\u00a0\u00bb1.8em\u00a0\u00bb module_alignment=\u00a0\u00bbcenter\u00a0\u00bb border_radii=\u00a0\u00bbon|4px|4px|4px|4px\u00a0\u00bb border_width_all=\u00a0\u00bb5px\u00a0\u00bb border_color_all=\u00a0\u00bb#028404&Prime; global_colors_info=\u00a0\u00bb{}\u00a0\u00bb]<\/p>\n<div class=\"Y3BBE\" data-sfc-cp=\"\" jsaction=\"rcuQ6b:&amp;pJy3mc_f|npT2md\" jscontroller=\"zcfIf\" jsuid=\"pJy3mc_f\" data-hveid=\"CAEIAxAA\" data-complete=\"true\" data-processed=\"true\" style=\"text-align: center;\">\n<blockquote>\n<p><span style=\"font-size: x-large;\">\u00a0Chers clients<\/span><\/p>\n<p>\u00a0<span style=\"font-size: x-large;\">Nous vous informons que les chambres d&rsquo;h\u00f4tes <\/span><span style=\"font-size: x-large;\">\u00ab\u00a0C\u00f4t\u00e9 Fontaine\u00a0\u00bb seront <strong><span style=\"text-decoration: underline;\">exceptionnellement\u00a0 ferm\u00e9es\u00a0<\/span> provisoirement.<\/strong><br \/>pour une dur\u00e9e ind\u00e9termin\u00e9e.<\/span><span style=\"font-size: 14px;\">\u00a0<\/span><\/p>\n<\/blockquote>\n<\/div>\n<div class=\"Y3BBE\" data-sfc-cp=\"\" jsaction=\"rcuQ6b:&amp;pJy3mc_h|npT2md\" jscontroller=\"zcfIf\" jsuid=\"pJy3mc_h\" data-hveid=\"CAEIBRAA\" data-complete=\"true\" data-processed=\"true\" style=\"text-align: center;\">\n<p><span style=\"font-size: x-large;\">Nous esp\u00e9rons reprendre notre activit\u00e9 le plus rapidement possible<br \/>et vous tiendrons inform\u00e9s de notre date de r\u00e9ouverture.<br \/><\/span>\u00a0<span style=\"font-size: x-large;\">Vous pouvez vous diriger vers notre confr\u00e8re \u00e0 2 km de chez nous :<br \/>\u00ab\u00a0A l&rsquo;ombre du noyer\u00a0\u00bb \u00e0 Marchovelette.<\/span><span style=\"font-size: 39px;\">\u00a0<\/span><\/p>\n<\/div>\n<div class=\"Y3BBE\" data-sfc-cp=\"\" jsaction=\"rcuQ6b:&amp;pJy3mc_j|npT2md\" jscontroller=\"zcfIf\" jsuid=\"pJy3mc_j\" data-hveid=\"CAEIBxAA\" data-complete=\"true\" data-processed=\"true\" aria-owns=\"action-menu-parent-container\" style=\"text-align: center;\"><span style=\"font-size: x-large;\">Merci de votre compr\u00e9hension et de votre fid\u00e9lit\u00e9.<\/span><\/div>\n<p><span style=\"font-size: x-large;\">\u00a0<\/span><\/p>\n<p>[\/et_pb_text][\/et_pb_column][\/et_pb_row][\/et_pb_section][et_pb_section fb_built=\u00a0\u00bb1&Prime; _builder_version=\u00a0\u00bb4.21.0&Prime; _module_preset=\u00a0\u00bbdefault\u00a0\u00bb custom_margin=\u00a0\u00bb-90px||||false|false\u00a0\u00bb global_colors_info=\u00a0\u00bb{}\u00a0\u00bb][et_pb_row column_structure=\u00a0\u00bb3_5,2_5&Prime; use_custom_gutter=\u00a0\u00bbon\u00a0\u00bb gutter_width=\u00a0\u00bb1&Prime; _builder_version=\u00a0\u00bb4.21.0&Prime; _module_preset=\u00a0\u00bbdefault\u00a0\u00bb global_colors_info=\u00a0\u00bb{}\u00a0\u00bb][et_pb_column type=\u00a0\u00bb3_5&Prime; _builder_version=\u00a0\u00bb4.21.0&Prime; _module_preset=\u00a0\u00bbdefault\u00a0\u00bb global_colors_info=\u00a0\u00bb{}\u00a0\u00bb][et_pb_image src=\u00a0\u00bbhttps:\/\/cotefontaine.be\/cf\/wp-content\/uploads\/2023\/05\/CF_RUE.jpg\u00a0\u00bb alt=\u00a0\u00bbChantal et Pierre vous pr\u00e9sentent leur meilleurs voeux\u00a0\u00bb title_text=\u00a0\u00bbCot\u00e9 fontaine Cognelee\u00a0\u00bb _builder_version=\u00a0\u00bb4.21.0&Prime; _module_preset=\u00a0\u00bbdefault\u00a0\u00bb border_radii=\u00a0\u00bbon|10px|10px|10px|10px\u00a0\u00bb border_width_all=\u00a0\u00bb3px\u00a0\u00bb border_color_all=\u00a0\u00bbRGBA(255,255,255,0)\u00a0\u00bb global_colors_info=\u00a0\u00bb{}\u00a0\u00bb][\/et_pb_image][\/et_pb_column][et_pb_column type=\u00a0\u00bb2_5&Prime; _builder_version=\u00a0\u00bb4.21.0&Prime; _module_preset=\u00a0\u00bbdefault\u00a0\u00bb global_colors_info=\u00a0\u00bb{}\u00a0\u00bb][et_pb_image src=\u00a0\u00bbhttps:\/\/cotefontaine.be\/cf\/wp-content\/uploads\/2023\/06\/Gallerie-e1686565397128.png\u00a0\u00bb title_text=\u00a0\u00bbGallerie\u00a0\u00bb url=\u00a0\u00bbhttps:\/\/cotefontaine.be\/cf\/galerie-photos\/\u00a0\u00bb align=\u00a0\u00bbcenter\u00a0\u00bb force_fullwidth=\u00a0\u00bbon\u00a0\u00bb _builder_version=\u00a0\u00bb4.21.0&Prime; _module_preset=\u00a0\u00bbdefault\u00a0\u00bb transform_scale=\u00a0\u00bb95%|95%\u00a0\u00bb custom_margin=\u00a0\u00bb0px||0px||false|false\u00a0\u00bb custom_padding=\u00a0\u00bb||0px||false|false\u00a0\u00bb border_radii=\u00a0\u00bbon|10px|10px|10px|10px\u00a0\u00bb border_width_all=\u00a0\u00bb3px\u00a0\u00bb border_color_all=\u00a0\u00bbRGBA(255,255,255,0)\u00a0\u00bb global_colors_info=\u00a0\u00bb{}\u00a0\u00bb][\/et_pb_image][\/et_pb_column][\/et_pb_row][\/et_pb_section][et_pb_section fb_built=\u00a0\u00bb1&Prime; _builder_version=\u00a0\u00bb4.21.0&Prime; _module_preset=\u00a0\u00bbdefault\u00a0\u00bb global_colors_info=\u00a0\u00bb{}\u00a0\u00bb][et_pb_row _builder_version=\u00a0\u00bb4.21.0&Prime; _module_preset=\u00a0\u00bbdefault\u00a0\u00bb global_colors_info=\u00a0\u00bb{}\u00a0\u00bb][et_pb_column type=\u00a0\u00bb4_4&Prime; _builder_version=\u00a0\u00bb4.21.0&Prime; _module_preset=\u00a0\u00bbdefault\u00a0\u00bb global_colors_info=\u00a0\u00bb{}\u00a0\u00bb][et_pb_text _builder_version=\u00a0\u00bb4.21.0&Prime; _module_preset=\u00a0\u00bbdefault\u00a0\u00bb header_4_font_size=\u00a0\u00bb21px\u00a0\u00bb custom_margin=\u00a0\u00bb-90px||||false|false\u00a0\u00bb global_colors_info=\u00a0\u00bb{}\u00a0\u00bb]<\/p>\n<h4 style=\"text-align: center;\"><i>Chambres d\u2019h\u00f4tes\u00a0<span>\u00a0<\/span><strong>\u2022<\/strong><span>\u00a0<\/span> Chambres\u00a0 priv\u00e9es\u00a0<span>\u00a0<\/span><strong>\u2022<br \/><\/strong><\/i><i>6 voyageurs <\/i><i style=\"font-size: 21px;\"><strong>\u2022<\/strong><\/i>\u00a0<\/h4>\n<p style=\"text-align: center;\"><i style=\"font-size: 21px;\"><strong><\/strong><\/i><i style=\"font-size: 21px;\"><\/i><span style=\"font-size: 21px; text-decoration-line: line-through;\"><i>Animaux accept\u00e9s\u00a0 <strong>\u2022 <\/strong><\/i><\/span><i style=\"font-size: 21px;\"><span style=\"text-decoration: line-through;\">\u00a0Ch\u00e8ques\u00a0\u00a0<\/span><strong><span style=\"text-decoration: line-through;\">\u2022<\/span>\u00a0<\/strong><\/i><\/p>\n<h4 style=\"text-align: center;\"><span style=\"text-decoration: line-through;\"><i>Carte Banque\u00a0\u00a0\u2022<br \/>Acc\u00e8s PMR <\/i><\/span><span style=\"text-decoration: line-through;\"><i>\u00a0\u2022<\/i><\/span><\/h4>\n<p>[\/et_pb_text][et_pb_text _builder_version=\u00a0\u00bb4.21.0&Prime; _module_preset=\u00a0\u00bbdefault\u00a0\u00bb custom_padding=\u00a0\u00bb105px|||||\u00a0\u00bb border_radii=\u00a0\u00bbon|10px|10px|10px|10px\u00a0\u00bb border_width_all=\u00a0\u00bb1px\u00a0\u00bb border_color_all=\u00a0\u00bb#028404&Prime; box_shadow_style=\u00a0\u00bbpreset4&Prime; box_shadow_horizontal=\u00a0\u00bb7px\u00a0\u00bb box_shadow_vertical=\u00a0\u00bb7px\u00a0\u00bb box_shadow_color=\u00a0\u00bbrgba(2,132,4,0.39)\u00a0\u00bb global_colors_info=\u00a0\u00bb{}\u00a0\u00bb]<\/p>\n<div class=\"et_pb_with_border et_pb_module et_pb_text et_pb_text_6  et_pb_text_align_left et_pb_bg_layout_light\">\n<h4 class=\"et_pb_text_inner\" style=\"text-align: left; padding-left: 40px;\"><span><em>Je voulais vous dire que nous avons tr\u00e8s appr\u00e9ci\u00e9 votre accueil et la qualit\u00e9 de vos chambres.<br \/>C\u2019\u00e9tait vraiment super ! Tout grand merci encore et \u00e0 bient\u00f4t.<\/em><\/span><br \/><span><em>Agn\u00e8s<\/em><\/span><\/h4>\n<\/div>\n<p>[\/et_pb_text][et_pb_button button_url=\u00a0\u00bbhttps:\/\/cotefontaine.be\/cf\/livre-dor\/\u00a0\u00bb button_text=\u00a0\u00bb+ Avis\u00a0\u00bb button_alignment=\u00a0\u00bbright\u00a0\u00bb _builder_version=\u00a0\u00bb4.21.0&Prime; _module_preset=\u00a0\u00bbdefault\u00a0\u00bb custom_button=\u00a0\u00bbon\u00a0\u00bb button_bg_color=\u00a0\u00bb#028404&Prime; button_icon=\u00a0\u00bb&#x54;||divi||400&Prime; custom_margin=\u00a0\u00bb-84px|7px|||false|false\u00a0\u00bb custom_padding=\u00a0\u00bb||3px|||\u00a0\u00bb global_colors_info=\u00a0\u00bb{}\u00a0\u00bb][\/et_pb_button][et_pb_text _builder_version=\u00a0\u00bb4.21.0&Prime; _module_preset=\u00a0\u00bbdefault\u00a0\u00bb custom_margin=\u00a0\u00bb39px|||-21px|false|false\u00a0\u00bb custom_padding=\u00a0\u00bb56px|||||\u00a0\u00bb global_colors_info=\u00a0\u00bb{}\u00a0\u00bb]<\/p>\n<div class=\"et_pb_module et_pb_text et_pb_text_7  et_pb_text_align_left et_pb_bg_layout_light\">\n<div class=\"et_pb_text_inner\">\n<blockquote>\n<h2 style=\"text-align: left;\"><span><strong>Description :<\/strong><\/span><\/h2>\n<\/blockquote>\n<h4 style=\"text-align: left; padding-left: 40px;\"><span><span style=\"font-size: xx-large;\">C\u00f4t\u00e9 Fontaine<br \/>B &amp; B<\/span><br \/><\/span><span style=\"font-size: large;\"><em>Vous cherchez \u00e0 vous loger, un h\u00e9bergement, une cham<\/em>b<\/span><em style=\"font-size: 16px;\"><span style=\"font-size: large;\">re, un h\u00f4tel \u2026\u00a0<\/span><br \/><\/em><strong style=\"font-size: 16px;\">MIEUX une CHAMBRE D\u2019H\u00d4TES de qualit\u00e9 !<span style=\"text-decoration: underline;\"> Pour nos 20 ans nous vous offrons le petit d\u00e9jeuner !<\/span><\/strong><\/h4>\n<h4 style=\"text-align: left; padding-left: 40px;\"><span style=\"font-size: x-large;\"><strong>Situation Id\u00e9ale<\/strong>\u00a0 \u00e0\u00a0 COGNELEE<\/span><span style=\"font-size: 18px;\"> _ Namur, charmant village<\/span><\/h4>\n<blockquote>\n<ul>\n<li style=\"list-style-type: none;\">\n<ul>\n<li style=\"list-style-type: none;\">\n<ul>\n<li><span style=\"font-size: large;\">2 km de l\u2019autoroute<\/span><\/li>\n<li style=\"text-align: left;\"><span style=\"font-size: large;\">1 km Chemin de Saint Jacques de Compostelle et le Ravel, bienvenue aux v\u00e9los.<\/span><\/li>\n<li style=\"text-align: left;\"><span style=\"font-size: large;\"><span style=\"font-size: large;\">A 5 km de Namur, porte des Ardennes, capitale de la Wallonie.<\/span><\/span><\/li>\n<li style=\"text-align: left;\"><span style=\"font-size: x-large; color: rgba(2, 132, 4, 0.99);\"><span style=\"font-size: x-large; color: rgba(2, 132, 4, 0.99);\">Calme, Confort gratuit,\u00a0 Wifi, Parking priv\u00e9 gratuit, Abri v\u00e9los.<\/span><\/span><\/li>\n<li style=\"text-align: left;\">\n<h4>Vous avez une entr\u00e9e ind\u00e9pendante<\/h4>\n<\/li>\n<li style=\"text-align: left;\">\n<h4><span>Pour bien commencer la journ\u00e9e, dans notre salle \u00e0 manger nous offrons le petit-d\u00e9jeuner,<br \/>pr\u00e9par\u00e9 maison, vari\u00e9 et copieux avec produits du terroir,<\/span> sal\u00e9, sucr\u00e9.<\/h4>\n<\/li>\n<li style=\"text-align: left;\">\n<h4><span style=\"font-size: large;\">Fra\u00eecheur garantie, tous les matin nous cuisson les petits pains et viennoiseries.<\/span><\/h4>\n<\/li>\n<li style=\"text-align: left;\">\n<h4><span style=\"font-size: large;\">Un s\u00e9jour en toute tranquillit\u00e9<br \/><\/span>Sur la route de vos vacances vous avez d\u00e9cid\u00e9 de vous d\u00e9tendre, visiter la Wallonie, la Belgique, les Ardennes, vous a\u00e9rer, faire une halte, \u2026 Vous l\u2019avez bien m\u00e9rit\u00e9 !<\/h4>\n<\/li>\n<li style=\"text-align: left;\">\n<h4>Hygi\u00e8ne et s\u00e9curit\u00e9, notre priorit\u00e9 pour votre tranquillit\u00e9.<\/h4>\n<\/li>\n<li style=\"text-align: left;\">\n<h4>En 2013 nous sommes reconnu par le Label \u00ab\u00a0<span style=\"font-size: large; color: rgba(2, 132, 4, 0.99);\">Wallonie Destination Qualit\u00e9<\/span><span style=\"font-size: large;\">\u00ab\u00a0.<\/span><\/h4>\n<\/li>\n<li style=\"text-align: left;\">\n<h4><span style=\"font-size: x-large; color: rgba(2, 132, 4, 0.99);\">\u00ab SENTEZ-VOUS CHEZ NOUS COMME CHEZ VOUS \u2026 \u00bb<\/span><\/h4>\n<h4 style=\"text-align: center;\"><span><strong>Les chambres sont disponibles \u00e0 partir de 17h00 \u00e0 22h00<br \/><\/strong><strong><span style=\"color: rgba(2, 132, 4, 0.99);\">Nous pouvons modifi\u00e9 l\u2019 horaire sur demande, si c\u2019est possible.<\/span><br \/><\/strong><\/span><\/h4>\n<h4><span><strong><\/strong><\/span><span style=\"font-size: x-large; color: rgba(2, 132, 4, 0.99);\"><\/span><span style=\"font-size: x-large; color: rgba(2, 132, 4, 0.99);\"><\/span><strong style=\"font-size: 26px;\">Nos engagements<br \/><\/strong><span style=\"font-size: large;\">Comme toujours, nous mettons tout en oeuvre pour que votre s\u00e9jour soit \u00e0 la hauteur de vos attentes.<\/span><br \/><span style=\"font-size: large;\">Nous sommes persuad\u00e9s que nous aurons l\u2019occasion de vivre en votre compagnie de beaux moments d\u2019\u00e9changes et de convivialit\u00e9s<\/span><br \/><span style=\"font-size: large;\">Nous nous r\u00e9jouissons de pouvoir vous accueillir dans notre h\u00e9bergement et nous restons \u00e0 votre disposition pour toutes questions et informations compl\u00e9mentaires.<\/span><br \/><strong style=\"font-size: 18px;\">A bient\u00f4t.<\/strong><\/h4>\n<h4><strong style=\"font-size: 22px;\">NOS SERVICES <\/strong><strong style=\"font-size: 22px;\"><br \/><\/strong>Les chambres sont \u00e9quip\u00e9es avec soin, pour votre confort, elles sont toutes pr\u00e9vues avec :<\/h4>\n<\/li>\n<\/ul>\n<\/li>\n<\/ul>\n<\/li>\n<\/ul>\n<\/blockquote>\n<\/div>\n<\/div>\n<p>[\/et_pb_text][et_pb_image src=\u00a0\u00bbhttps:\/\/cotefontaine.be\/cf\/wp-content\/uploads\/2023\/05\/Services333.jpg\u00a0\u00bb title_text=\u00a0\u00bbService privatifs\u00a0\u00bb _builder_version=\u00a0\u00bb4.21.0&Prime; _module_preset=\u00a0\u00bbdefault\u00a0\u00bb custom_margin=\u00a0\u00bb-50px||||false|false\u00a0\u00bb global_colors_info=\u00a0\u00bb{}\u00a0\u00bb][\/et_pb_image][et_pb_button button_url=\u00a0\u00bbhttps:\/\/cotefontaine.be\/cf\/contact\/\u00a0\u00bb button_text=\u00a0\u00bbContactez-nous\u00a0\u00bb button_alignment=\u00a0\u00bbcenter\u00a0\u00bb _builder_version=\u00a0\u00bb4.21.0&Prime; _module_preset=\u00a0\u00bbdefault\u00a0\u00bb custom_button=\u00a0\u00bbon\u00a0\u00bb button_bg_color=\u00a0\u00bb#028404&Prime; button_border_radius=\u00a0\u00bb10px\u00a0\u00bb button_icon=\u00a0\u00bb&#x54;||divi||400&Prime; custom_margin=\u00a0\u00bb||25px||false|false\u00a0\u00bb global_colors_info=\u00a0\u00bb{}\u00a0\u00bb][\/et_pb_button][\/et_pb_column][\/et_pb_row][\/et_pb_section][et_pb_section fb_built=\u00a0\u00bb1&Prime; _builder_version=\u00a0\u00bb4.21.0&Prime; _module_preset=\u00a0\u00bbdefault\u00a0\u00bb custom_margin=\u00a0\u00bb-70px||||false|false\u00a0\u00bb global_colors_info=\u00a0\u00bb{}\u00a0\u00bb][et_pb_row column_structure=\u00a0\u00bb1_5,1_5,1_5,1_5,1_5&Prime; _builder_version=\u00a0\u00bb4.21.0&Prime; _module_preset=\u00a0\u00bbdefault\u00a0\u00bb global_colors_info=\u00a0\u00bb{}\u00a0\u00bb][et_pb_column type=\u00a0\u00bb1_5&Prime; _builder_version=\u00a0\u00bb4.21.0&Prime; _module_preset=\u00a0\u00bbdefault\u00a0\u00bb global_colors_info=\u00a0\u00bb{}\u00a0\u00bb][et_pb_image src=\u00a0\u00bbhttps:\/\/cotefontaine.be\/cf\/wp-content\/uploads\/2017\/11\/SIT1_20_2870_29-e1546524433332.jpg\u00a0\u00bb title_text=\u00a0\u00bbLabel Wallonie Destination Qualit\u00e9\u00a0\u00bb align=\u00a0\u00bbcenter\u00a0\u00bb _builder_version=\u00a0\u00bb4.21.0&Prime; _module_preset=\u00a0\u00bbdefault\u00a0\u00bb custom_margin=\u00a0\u00bb-27px||||false|false\u00a0\u00bb global_colors_info=\u00a0\u00bb{}\u00a0\u00bb][\/et_pb_image][\/et_pb_column][et_pb_column type=\u00a0\u00bb1_5&Prime; _builder_version=\u00a0\u00bb4.21.0&Prime; _module_preset=\u00a0\u00bbdefault\u00a0\u00bb global_colors_info=\u00a0\u00bb{}\u00a0\u00bb][et_pb_image src=\u00a0\u00bbhttps:\/\/cotefontaine.be\/cf\/wp-content\/uploads\/2018\/06\/saint_jacques.jpg\u00a0\u00bb title_text=\u00a0\u00bbsaint_jacques_de_compostelle\u00a0\u00bb align=\u00a0\u00bbcenter\u00a0\u00bb _builder_version=\u00a0\u00bb4.21.0&Prime; _module_preset=\u00a0\u00bbdefault\u00a0\u00bb global_colors_info=\u00a0\u00bb{}\u00a0\u00bb][\/et_pb_image][\/et_pb_column][et_pb_column type=\u00a0\u00bb1_5&Prime; _builder_version=\u00a0\u00bb4.21.0&Prime; _module_preset=\u00a0\u00bbdefault\u00a0\u00bb global_colors_info=\u00a0\u00bb{}\u00a0\u00bb][et_pb_image src=\u00a0\u00bbhttps:\/\/cotefontaine.be\/cf\/wp-content\/uploads\/2018\/06\/cgt_3epis-1-e1529588464167.png\u00a0\u00bb title_text=\u00a0\u00bbcgt_3epis\u00a0\u00bb align=\u00a0\u00bbcenter\u00a0\u00bb _builder_version=\u00a0\u00bb4.21.0&Prime; _module_preset=\u00a0\u00bbdefault\u00a0\u00bb global_colors_info=\u00a0\u00bb{}\u00a0\u00bb][\/et_pb_image][\/et_pb_column][et_pb_column type=\u00a0\u00bb1_5&Prime; _builder_version=\u00a0\u00bb4.21.0&Prime; _module_preset=\u00a0\u00bbdefault\u00a0\u00bb global_colors_info=\u00a0\u00bb{}\u00a0\u00bb][et_pb_image src=\u00a0\u00bbhttps:\/\/cotefontaine.be\/cf\/wp-content\/uploads\/2018\/07\/279.png\u00a0\u00bb title_text=\u00a0\u00bbAccueil Champ\u00eatre en Wallonie\u00a0\u00bb align=\u00a0\u00bbcenter\u00a0\u00bb _builder_version=\u00a0\u00bb4.21.0&Prime; _module_preset=\u00a0\u00bbdefault\u00a0\u00bb custom_margin=\u00a0\u00bb28px||||false|false\u00a0\u00bb global_colors_info=\u00a0\u00bb{}\u00a0\u00bb][\/et_pb_image][\/et_pb_column][et_pb_column type=\u00a0\u00bb1_5&Prime; _builder_version=\u00a0\u00bb4.21.0&Prime; _module_preset=\u00a0\u00bbdefault\u00a0\u00bb global_colors_info=\u00a0\u00bb{}\u00a0\u00bb][et_pb_image src=\u00a0\u00bbhttps:\/\/cotefontaine.be\/cf\/wp-content\/uploads\/2018\/10\/FumeurChien.png\u00a0\u00bb title_text=\u00a0\u00bbFumeurChien\u00a0\u00bb align=\u00a0\u00bbcenter\u00a0\u00bb _builder_version=\u00a0\u00bb4.21.0&Prime; _module_preset=\u00a0\u00bbdefault\u00a0\u00bb global_colors_info=\u00a0\u00bb{}\u00a0\u00bb][\/et_pb_image][\/et_pb_column][\/et_pb_row][\/et_pb_section]<\/p>\n","protected":false},"excerpt":{"rendered":"<p>Cote Fontaine_Chambres d&rsquo;h\u00f4tes__Depuis 2004_Ferm\u00e9 provisoirement \u00a0Chers clients \u00a0Nous vous informons que les chambres d&rsquo;h\u00f4tes \u00ab\u00a0C\u00f4t\u00e9 Fontaine\u00a0\u00bb seront exceptionnellement\u00a0 ferm\u00e9es\u00a0 provisoirement.pour une dur\u00e9e ind\u00e9termin\u00e9e.\u00a0 Nous esp\u00e9rons reprendre notre activit\u00e9 le plus rapidement possibleet vous tiendrons inform\u00e9s de notre date de r\u00e9ouverture.\u00a0Vous pouvez vous diriger vers notre confr\u00e8re \u00e0 2 km de chez nous :\u00a0\u00bbA l&rsquo;ombre du [&hellip;]<\/p>\n","protected":false},"author":1,"featured_media":0,"parent":0,"menu_order":0,"comment_status":"closed","ping_status":"closed","template":"","meta":{"_et_pb_use_builder":"on","_et_pb_old_content":"","_et_gb_content_width":"","footnotes":""},"class_list":["post-4937","page","type-page","status-publish","hentry"],"_links":{"self":[{"href":"https:\/\/cotefontaine.be\/cf\/wp-json\/wp\/v2\/pages\/4937","targetHints":{"allow":["GET"]}}],"collection":[{"href":"https:\/\/cotefontaine.be\/cf\/wp-json\/wp\/v2\/pages"}],"about":[{"href":"https:\/\/cotefontaine.be\/cf\/wp-json\/wp\/v2\/types\/page"}],"author":[{"embeddable":true,"href":"https:\/\/cotefontaine.be\/cf\/wp-json\/wp\/v2\/users\/1"}],"replies":[{"embeddable":true,"href":"https:\/\/cotefontaine.be\/cf\/wp-json\/wp\/v2\/comments?post=4937"}],"version-history":[{"count":9,"href":"https:\/\/cotefontaine.be\/cf\/wp-json\/wp\/v2\/pages\/4937\/revisions"}],"predecessor-version":[{"id":5277,"href":"https:\/\/cotefontaine.be\/cf\/wp-json\/wp\/v2\/pages\/4937\/revisions\/5277"}],"wp:attachment":[{"href":"https:\/\/cotefontaine.be\/cf\/wp-json\/wp\/v2\/media?parent=4937"}],"curies":[{"name":"wp","href":"https:\/\/api.w.org\/{rel}","templated":true}]}}