{"id":9,"date":"2017-10-12T20:07:53","date_gmt":"2017-10-12T18:07:53","guid":{"rendered":"http:\/\/cotefontaine.be\/cf\/?page_id=9"},"modified":"2025-04-23T19:17:57","modified_gmt":"2025-04-23T17:17:57","slug":"contact","status":"publish","type":"page","link":"https:\/\/cotefontaine.be\/cf\/contact\/","title":{"rendered":"Contact"},"content":{"rendered":"<p>[et_pb_section fb_built=\u00a0\u00bb1&Prime; admin_label=\u00a0\u00bbsection\u00a0\u00bb _builder_version=\u00a0\u00bb4.20.4&Prime; background_color=\u00a0\u00bb#FFFFFF\u00a0\u00bb max_width=\u00a0\u00bb100%\u00a0\u00bb module_alignment=\u00a0\u00bbcenter\u00a0\u00bb custom_margin=\u00a0\u00bb|0px||0px|false|false\u00a0\u00bb global_colors_info=\u00a0\u00bb{}\u00a0\u00bb][et_pb_row make_equal=\u00a0\u00bbon\u00a0\u00bb admin_label=\u00a0\u00bbrow\u00a0\u00bb _builder_version=\u00a0\u00bb4.16&Prime; background_color=\u00a0\u00bbrgba(112,112,112,0)\u00a0\u00bb background_size=\u00a0\u00bbinitial\u00a0\u00bb background_position=\u00a0\u00bbtop_left\u00a0\u00bb background_repeat=\u00a0\u00bbrepeat\u00a0\u00bb width=\u00a0\u00bb100%\u00a0\u00bb module_alignment=\u00a0\u00bbcenter\u00a0\u00bb custom_margin=\u00a0\u00bb-148px|auto||auto||\u00a0\u00bb custom_padding=\u00a0\u00bb19.858px|0|19.858px|0px|false|false\u00a0\u00bb custom_width_px=\u00a0\u00bb1037px\u00a0\u00bb global_colors_info=\u00a0\u00bb{}\u00a0\u00bb][et_pb_column type=\u00a0\u00bb4_4&Prime; _builder_version=\u00a0\u00bb4.16&Prime; background_color=\u00a0\u00bbrgba(255,255,255,0)\u00a0\u00bb custom_padding=\u00a0\u00bb|||\u00a0\u00bb global_colors_info=\u00a0\u00bb{}\u00a0\u00bb custom_padding__hover=\u00a0\u00bb|||\u00a0\u00bb][et_pb_text _builder_version=\u00a0\u00bb4.21.0&Prime; _module_preset=\u00a0\u00bbdefault\u00a0\u00bb text_font=\u00a0\u00bb|800|||||||\u00a0\u00bb text_font_size=\u00a0\u00bb53px\u00a0\u00bb header_2_font=\u00a0\u00bb||||||||\u00a0\u00bb header_2_font_size=\u00a0\u00bb62px\u00a0\u00bb global_colors_info=\u00a0\u00bb{}\u00a0\u00bb]<\/p>\n<h2 style=\"text-align: center;\">Contact<\/h2>\n<p>[\/et_pb_text][et_pb_text admin_label=\u00a0\u00bbText\u00a0\u00bb _builder_version=\u00a0\u00bb4.21.0&Prime; text_text_color=\u00a0\u00bbRGBA(28,28,28,0.99)\u00a0\u00bb header_2_font_size=\u00a0\u00bb20px\u00a0\u00bb background_color=\u00a0\u00bbrgba(255,255,255,0.98)\u00a0\u00bb background_size=\u00a0\u00bbinitial\u00a0\u00bb background_position=\u00a0\u00bbtop_left\u00a0\u00bb background_repeat=\u00a0\u00bbrepeat\u00a0\u00bb width=\u00a0\u00bb89.7%\u00a0\u00bb custom_margin=\u00a0\u00bb0px|20px|20px|20px|false|false\u00a0\u00bb custom_padding=\u00a0\u00bb0px|20px|0px|20px|false|false\u00a0\u00bb global_colors_info=\u00a0\u00bb{}\u00a0\u00bb]<\/p>\n<p><span style=\"color: #0000ff;\"><strong style=\"font-size: medium;\"><span style=\"vertical-align: inherit;\"><span style=\"vertical-align: inherit;\"><span style=\"vertical-align: inherit;\"><span style=\"vertical-align: inherit;\"><span style=\"font-size: xx-large;\">Chambres d&rsquo;h\u00f4tes C\u00f4t\u00e9 Fontaine ***<\/span><\/span><\/span><\/span><\/span><\/strong><\/span><\/p>\n<blockquote>\n<h1><span style=\"color: #0000ff;\"><span style=\"font-size: x-large;\"><span style=\"font-size: large;\">43 Rue de la Fontaine<br \/><\/span><\/span><span style=\"font-size: x-large;\"><span style=\"vertical-align: inherit;\"><span style=\"vertical-align: inherit;\"><span style=\"vertical-align: inherit;\"><span style=\"vertical-align: inherit;\"><span style=\"font-size: large;\">5022 COGNELEE &#8211; NAMUR<\/span><br \/><\/span><\/span><\/span><\/span><span style=\"font-size: large;\"><span style=\"vertical-align: inherit;\"><span style=\"vertical-align: inherit;\"><span style=\"vertical-align: inherit;\"><span style=\"vertical-align: inherit;\">T\u00e9l. <\/span><\/span><\/span><span style=\"vertical-align: inherit;\"><span style=\"vertical-align: inherit;\"><span style=\"vertical-align: inherit;\">: <\/span><\/span><\/span><\/span> <span style=\"vertical-align: inherit;\"><span style=\"vertical-align: inherit;\"><span style=\"vertical-align: inherit;\"><span style=\"vertical-align: inherit;\">0032 (0) 81 200 475\u00a0 \u00a0 \u00a0 <\/span><\/span><\/span><\/span><span style=\"vertical-align: inherit;\"><span style=\"vertical-align: inherit;\"><span style=\"vertical-align: inherit;\"><span style=\"vertical-align: inherit;\">Portable : <\/span><\/span><\/span><\/span> <span style=\"vertical-align: inherit;\"><span style=\"vertical-align: inherit;\"><span style=\"vertical-align: inherit;\"><span style=\"vertical-align: inherit;\">+32 478 63 93 88<\/span><\/span><\/span><\/span><\/span><\/span><\/span><\/h1>\n<h4><span style=\"font-size: large;\"><strong style=\"color: #333333;\"><span style=\"vertical-align: inherit;\"><span style=\"vertical-align: inherit;\"><span style=\"vertical-align: inherit;\"><span style=\"vertical-align: inherit;\"><span style=\"color: #0000ff;\">Les chambres sont disponibles \u00e0 partir de 17h00 \u00e0 22h00<\/span><br \/><\/span><\/span><\/span><\/span><\/strong><span style=\"color: #333333;\"><strong><span style=\"vertical-align: inherit;\"><span style=\"vertical-align: inherit;\"><span style=\"vertical-align: inherit;\"><span style=\"vertical-align: inherit;\"><span style=\"color: #188e16;\">Nous pouvons modifier l&rsquo;horaire sur demande, si c&rsquo;est possible.<br \/><\/span><\/span><\/span><\/span><\/span><\/strong><\/span><\/span><\/h4>\n<p><strong><\/strong><span style=\"color: #0000ff;\">Vous pouvez nous contacter aussi depuis votre messagerie \u00e0 l&rsquo;adresse ci-dessous.<br \/><span style=\"vertical-align: inherit;\"><span style=\"vertical-align: inherit;\"><span style=\"vertical-align: inherit;\"><span style=\"vertical-align: inherit;\">Si vous ne recevez pas de r\u00e9ponse dans les 24 h, veuillez nous contacter par t\u00e9l\u00e9phone, vous pouvez \u00eatre un probl\u00e8me technique, merci.<\/span><\/span><\/span><\/span><\/span><\/p>\n<\/blockquote>\n<p>[\/et_pb_text][et_pb_image src=\u00a0\u00bbhttps:\/\/cotefontaine.be\/cf\/wp-content\/uploads\/2023\/05\/mail-jpg.webp\u00a0\u00bb title_text=\u00a0\u00bbmail\u00a0\u00bb align=\u00a0\u00bbcenter\u00a0\u00bb _builder_version=\u00a0\u00bb4.21.0&Prime; _module_preset=\u00a0\u00bbdefault\u00a0\u00bb global_colors_info=\u00a0\u00bb{}\u00a0\u00bb][\/et_pb_image][et_pb_text admin_label=\u00a0\u00bbText\u00a0\u00bb _builder_version=\u00a0\u00bb4.20.4&Prime; text_text_color=\u00a0\u00bbRGBA(28,28,28,0.99)\u00a0\u00bb header_2_font_size=\u00a0\u00bb20px\u00a0\u00bb background_color=\u00a0\u00bbrgba(255,255,255,0.98)\u00a0\u00bb background_size=\u00a0\u00bbinitial\u00a0\u00bb background_position=\u00a0\u00bbtop_left\u00a0\u00bb background_repeat=\u00a0\u00bbrepeat\u00a0\u00bb width=\u00a0\u00bb89.7%\u00a0\u00bb min_height=\u00a0\u00bb1292px\u00a0\u00bb custom_margin=\u00a0\u00bb0px|20px|20px|20px|false|false\u00a0\u00bb custom_padding=\u00a0\u00bb0px|20px|0px|20px|false|false\u00a0\u00bb global_colors_info=\u00a0\u00bb{}\u00a0\u00bb]<\/p>\n<p><span style=\"font-size: x-large; color: rgba(0, 37, 249, 0.99);\"><strong>Pour demander des informations ou faire une r\u00e9servation :<\/strong><\/span><\/p>\n<blockquote>\n<p><span style=\"font-size: large; color: rgba(0, 37, 249, 0.99);\"><strong>Communiquez nous<\/strong>\u00a0:<\/span><\/p>\n<\/blockquote>\n<ul>\n<li>\n<blockquote><p><span style=\"font-size: large; color: rgba(0, 37, 249, 0.99);\">La date d\u2019arriv\u00e9e<\/span><\/p><\/blockquote>\n<\/li>\n<li>\n<blockquote><p><span style=\"font-size: large; color: rgba(0, 37, 249, 0.99);\">Le nombre de personnes<br \/><\/span><\/p><\/blockquote>\n<\/li>\n<li>\n<blockquote><p><span style=\"font-size: large; color: rgba(0, 37, 249, 0.99);\">Le nombre de nuit (s)<\/span><\/p><\/blockquote>\n<\/li>\n<li>\n<blockquote><p><span style=\"font-size: large; color: rgba(0, 37, 249, 0.99);\">Le nombre de chambre (s) si vous d\u00e9sirez plusieurs chambres<\/span><\/p><\/blockquote>\n<\/li>\n<li>\n<blockquote><p><span style=\"font-size: large; color: rgba(0, 37, 249, 0.99);\">Un N \u00b0 de t\u00e9l\u00e9phone portable de pr\u00e9f\u00e9rence <br \/>Avec un e-mail, nous r\u00e9pondons le plus souvent dans la journ\u00e9e et toujours dans les 24 h maximum.<br \/>Si vous ne recevez pas de r\u00e9ponse, il y a peut-\u00eatre un probl\u00e8me technique.<br \/>Dans ce cas, merci de nous t\u00e9l\u00e9phoner, nous r\u00e9pondrons avec plaisir.<\/span><span style=\"font-size: large; color: rgba(0, 37, 249, 0.99);\"><br \/><\/span><\/p><\/blockquote>\n<\/li>\n<li>\n<blockquote><p><span style=\"font-size: large; color: rgba(0, 37, 249, 0.99);\">Vous pouvez nous envoyer un E-mail, nous ne partageons pas ni ne vendons les donn\u00e9es.<\/span><\/p><\/blockquote>\n<\/li>\n<\/ul>\n<p><span style=\"color: #840b00; font-size: medium;\"><span style=\"vertical-align: inherit;\"><span style=\"vertical-align: inherit;\"><span style=\"vertical-align: inherit;\"><span style=\"vertical-align: inherit;\"><\/span><\/span><\/span><\/span><\/span><\/p>\n<h3><link rel='stylesheet' id='formidable-css' href='https:\/\/cotefontaine.be\/cf\/wp-content\/plugins\/formidable\/css\/formidableforms.css?ver=8221617' type='text\/css' media='all' \/>\n<div class=\"frm_forms  with_frm_style frm_style_style-formidable\" id=\"frm_form_2_container\" >\n<form enctype=\"multipart\/form-data\" method=\"post\" class=\"frm-show-form \" id=\"form_-\" >\n<div class=\"frm_form_fields \">\n<fieldset>\n<legend class=\"frm_hidden\">Contactez nous<\/legend>\r\n\r\n<div class=\"frm_fields_container\">\n<input type=\"hidden\" name=\"frm_action\" value=\"create\" \/>\n<input type=\"hidden\" name=\"form_id\" value=\"2\" \/>\n<input type=\"hidden\" name=\"frm_hide_fields_2\" id=\"frm_hide_fields_2\" value=\"\" \/>\n<input type=\"hidden\" name=\"form_key\" value=\"-\" \/>\n<input type=\"hidden\" name=\"item_meta[0]\" value=\"\" \/>\n<input type=\"hidden\" id=\"frm_submit_entry_2\" name=\"frm_submit_entry_2\" value=\"6a35d0617b\" \/><input type=\"hidden\" name=\"_wp_http_referer\" value=\"\/cf\/wp-json\/wp\/v2\/pages\/9\" \/><div id=\"frm_field_6_container\" class=\"frm_form_field form-field  frm_required_field frm_top_container frm_full\">\r\n    <label for=\"field_qh4icy2\" class=\"frm_primary_label\">Nom\r\n        <span class=\"frm_required\">*<\/span>\r\n    <\/label>\r\n    <input type=\"text\" id=\"field_qh4icy2\" name=\"item_meta[6]\" value=\"\"  data-reqmsg=\"Ce champ ne peut pas \u00eatre vide\" aria-required=\"true\" data-invmsg=\"Nom est non valide\" aria-invalid=\"false\"  \/>\r\n    \r\n    \r\n<\/div>\n<div id=\"frm_field_8_container\" class=\"frm_form_field form-field  frm_required_field frm_top_container frm_full\">\r\n    <label for=\"field_29yf4d2\" class=\"frm_primary_label\">Email\r\n        <span class=\"frm_required\">*<\/span>\r\n    <\/label>\r\n    <input type=\"email\" id=\"field_29yf4d2\" name=\"item_meta[8]\" value=\"\"  data-reqmsg=\"Ce champ ne peut pas \u00eatre vide\" aria-required=\"true\" data-invmsg=\"Please enter a valid email address\" aria-invalid=\"false\"  \/>\r\n    \r\n    \r\n<\/div>\n<div id=\"frm_field_9_container\" class=\"frm_form_field form-field  frm_required_field frm_top_container frm_full\">\r\n    <label for=\"field_e6lis62\" class=\"frm_primary_label\">Votre N\u00b0 de T\u00e9l\u00e9phone (portable de pr\u00e9f\u00e9rence)\r\n        <span class=\"frm_required\">*<\/span>\r\n    <\/label>\r\n    <input type=\"text\" id=\"field_e6lis62\" name=\"item_meta[9]\" value=\"\"  data-reqmsg=\"Ce champ ne peut pas \u00eatre vide\" aria-required=\"true\" data-invmsg=\"Votre N\u00b0 de T\u00e9l\u00e9phone (portable de pr\u00e9f\u00e9rence) est non valide\" aria-invalid=\"false\"  \/>\r\n    \r\n    \r\n<\/div>\n<div id=\"frm_field_11_container\" class=\"frm_form_field form-field  frm_required_field frm_top_container vertical_radio\">\r\n    <label  class=\"frm_primary_label\">Case \u00e0 cocher, choisir.\r\n        <span class=\"frm_required\">*<\/span>\r\n    <\/label>\r\n    <div class=\"frm_opt_container\">\t\t<div class=\"frm_checkbox\" id=\"frm_checkbox_11-0\">\t\t\t<label  for=\"field_2zep1-0\">\n\t\t\t<input type=\"checkbox\" name=\"item_meta[11][]\" id=\"field_2zep1-0\" value=\"Informations\"  data-reqmsg=\"Ce champ ne peut pas \u00eatre vide\" data-invmsg=\"Case \u00e0 cocher, choisir. is invalid\" aria-invalid=\"false\"   aria-required=\"true\"  \/> Informations<\/label><\/div>\n\t\t<div class=\"frm_checkbox\" id=\"frm_checkbox_11-1\">\t\t\t<label  for=\"field_2zep1-1\">\n\t\t\t<input type=\"checkbox\" name=\"item_meta[11][]\" id=\"field_2zep1-1\" value=\"Disponibilit\u00e9\"  data-reqmsg=\"Ce champ ne peut pas \u00eatre vide\" data-invmsg=\"Case \u00e0 cocher, choisir. is invalid\" aria-invalid=\"false\"   \/> Disponibilit\u00e9<\/label><\/div>\n\t\t<div class=\"frm_checkbox\" id=\"frm_checkbox_11-2\">\t\t\t<label  for=\"field_2zep1-2\">\n\t\t\t<input type=\"checkbox\" name=\"item_meta[11][]\" id=\"field_2zep1-2\" value=\"R\u00e9servation\"  data-reqmsg=\"Ce champ ne peut pas \u00eatre vide\" data-invmsg=\"Case \u00e0 cocher, choisir. is invalid\" aria-invalid=\"false\"   \/> R\u00e9servation<\/label><\/div>\n\t\t<div class=\"frm_checkbox\" id=\"frm_checkbox_11-3\">\t\t\t<label  for=\"field_2zep1-3\">\n\t\t\t<input type=\"checkbox\" name=\"item_meta[11][]\" id=\"field_2zep1-3\" value=\"Pour le Livre d&#039;OR\"  data-reqmsg=\"Ce champ ne peut pas \u00eatre vide\" data-invmsg=\"Case \u00e0 cocher, choisir. is invalid\" aria-invalid=\"false\"   \/> Pour le Livre d'OR<\/label><\/div>\n<\/div>\r\n    \r\n    \r\n<\/div>\n<div id=\"frm_field_10_container\" class=\"frm_form_field form-field  frm_required_field frm_top_container frm_full\">\r\n    <label for=\"field_9jv0r12\" class=\"frm_primary_label\">Message,\r\n        <span class=\"frm_required\">*<\/span>\r\n    <\/label>\r\n    <textarea name=\"item_meta[10]\" id=\"field_9jv0r12\" rows=\"12\"  style=\"width:900px\" cols=\"100\" data-frmval=\"Date d&#039;arriv\u00e9e : \r\nNombre de nuit(s) : \r\nNombre de personne(s) :\r\nNombre de chambre(s) :\r\nHeure approximative d&#039;arriv\u00e9e : \r\nVotre message :\r\n\" data-reqmsg=\"Ce champ ne peut pas \u00eatre vide\" aria-required=\"true\" data-invmsg=\"Message, is invalid\" class=\"auto_width\" aria-invalid=\"false\"  >Date d'arriv\u00e9e : \r\nNombre de nuit(s) : \r\nNombre de personne(s) :\r\nNombre de chambre(s) :\r\nHeure approximative d'arriv\u00e9e : \r\nVotre message :\r\n<\/textarea>\r\n    \r\n    \r\n<\/div>\n<div id=\"frm_field_13_container\" class=\"frm_form_field form-field  frm_none_container\">\r\n    <label for=\"g-recaptcha-response\" class=\"frm_primary_label\">reCAPTCHA\r\n        <span class=\"frm_required\"><\/span>\r\n    <\/label>\r\n    <div  id=\"field_t0wh0\" class=\"frm-g-recaptcha\" data-sitekey=\"6LfwXjsUAAAAAPfsB6IIJKWXL6JOU0Zoi-A60URK\" data-size=\"normal\" data-theme=\"light\"><\/div>\r\n    \r\n    \r\n<\/div>\n<div id=\"frm_field_17_container\" class=\"frm_form_field form-field \">\n\t<div class=\"frm_submit\">\r\n\r\n<button class=\"frm_button_submit\" type=\"submit\"  >Envoyer<\/button>\r\n\r\n<\/div>\n<\/div>\n\t<input type=\"hidden\" name=\"item_key\" value=\"\" \/>\n\t\t\t<div id=\"frm_field_18_container\">\n\t\t\t<label for=\"field_vwdwx\" >\n\t\t\t\tIf you are human, leave this field blank.\t\t\t<\/label>\n\t\t\t<input  id=\"field_vwdwx\" type=\"text\" class=\"frm_form_field form-field frm_verify\" name=\"item_meta[18]\" value=\"\"  \/>\n\t\t<\/div>\n\t\t<input name=\"frm_state\" type=\"hidden\" value=\"qDZ5k79Z2a7+gzdDc\/5JCmwC1CbMb\/6vBMHtMLAwhU4=\" \/><\/div>\n<\/fieldset>\n<\/div>\n\n<p style=\"display: none !important;\" class=\"akismet-fields-container\" data-prefix=\"ak_\"><label>&#916;<textarea name=\"ak_hp_textarea\" cols=\"45\" rows=\"8\" maxlength=\"100\"><\/textarea><\/label><input type=\"hidden\" id=\"ak_js_1\" name=\"ak_js\" value=\"175\"\/><script>document.getElementById( \"ak_js_1\" ).setAttribute( \"value\", ( new Date() ).getTime() );<\/script><\/p><\/form>\n<\/div>\n<\/h3>\n<p>[\/et_pb_text][et_pb_text _builder_version=\u00a0\u00bb4.21.0&Prime; _module_preset=\u00a0\u00bbdefault\u00a0\u00bb custom_padding=\u00a0\u00bb|50px||50px|false|false\u00a0\u00bb global_colors_info=\u00a0\u00bb{}\u00a0\u00bb]<\/p>\n<h5><span style=\"color: #333333; font-size: medium;\"><strong><span style=\"vertical-align: inherit;\">Protection de la vie priv\u00e9e :\u00a0<\/span><\/strong><\/span><br \/><span style=\"font-size: medium; color: #333333;\"><span style=\"vertical-align: inherit;\"> Vos informations et donn\u00e9es ne sont ni \u00e9chang\u00e9es, ni partag\u00e9es, ni vendues. <\/span><\/span><br \/><span style=\"font-size: medium;\"><span style=\"color: #333333;\"><span style=\"vertical-align: inherit;\">Elles servent uniquement \u00e0 la communication entre vous et nous le temps n\u00e9cessaire pour satisfaire votre demande.<br \/>Si nous ne pouvons pas satisfaire votre demande vos donn\u00e9es seront supprim\u00e9es directement.<br \/><\/span><\/span><span style=\"color: #333333;\">Ce site internet utilise deux cookies &lsquo;techniques&rsquo; (ils sont g\u00e9n\u00e9r\u00e9s par l&rsquo;h\u00e9bergeur et non soumis au RGPD) qui permettent la redirection du client sur le m\u00eame serveur et\/ou un \u00e9quilibrage de charge.<\/span><\/span><\/h5>\n<p>[\/et_pb_text][\/et_pb_column][\/et_pb_row][\/et_pb_section]<\/p>\n","protected":false},"excerpt":{"rendered":"<p>ContactChambres d&rsquo;h\u00f4tes C\u00f4t\u00e9 Fontaine *** 43 Rue de la Fontaine5022 COGNELEE &#8211; NAMURT\u00e9l. : 0032 (0) 81 200 475\u00a0 \u00a0 \u00a0 Portable : +32 478 63 93 88 Les chambres sont disponibles \u00e0 partir de 17h00 \u00e0 22h00Nous pouvons modifier l&rsquo;horaire sur demande, si c&rsquo;est possible. Vous pouvez nous contacter aussi depuis votre messagerie \u00e0 [&hellip;]<\/p>\n","protected":false},"author":1,"featured_media":85,"parent":0,"menu_order":0,"comment_status":"closed","ping_status":"closed","template":"","meta":{"_et_pb_use_builder":"on","_et_pb_old_content":"C\u00f4t\u00e9 Fontaine Chambres d'h\u00f4tes\r\n\r\nRue de la Fontaine 43\r\n5022 COGNELEE - NAMUR\r\n\r\nT\u00e9l. : 0032 (0)81 200 475\r\nPortable : +32 478 63 93 88\r\n[formidable id=\"2\"]","_et_gb_content_width":"","footnotes":""},"class_list":["post-9","page","type-page","status-publish","has-post-thumbnail","hentry"],"_links":{"self":[{"href":"https:\/\/cotefontaine.be\/cf\/wp-json\/wp\/v2\/pages\/9","targetHints":{"allow":["GET"]}}],"collection":[{"href":"https:\/\/cotefontaine.be\/cf\/wp-json\/wp\/v2\/pages"}],"about":[{"href":"https:\/\/cotefontaine.be\/cf\/wp-json\/wp\/v2\/types\/page"}],"author":[{"embeddable":true,"href":"https:\/\/cotefontaine.be\/cf\/wp-json\/wp\/v2\/users\/1"}],"replies":[{"embeddable":true,"href":"https:\/\/cotefontaine.be\/cf\/wp-json\/wp\/v2\/comments?post=9"}],"version-history":[{"count":10,"href":"https:\/\/cotefontaine.be\/cf\/wp-json\/wp\/v2\/pages\/9\/revisions"}],"predecessor-version":[{"id":5221,"href":"https:\/\/cotefontaine.be\/cf\/wp-json\/wp\/v2\/pages\/9\/revisions\/5221"}],"wp:featuredmedia":[{"embeddable":true,"href":"https:\/\/cotefontaine.be\/cf\/wp-json\/wp\/v2\/media\/85"}],"wp:attachment":[{"href":"https:\/\/cotefontaine.be\/cf\/wp-json\/wp\/v2\/media?parent=9"}],"curies":[{"name":"wp","href":"https:\/\/api.w.org\/{rel}","templated":true}]}}